{"id":2446,"date":"2017-12-13T10:48:09","date_gmt":"2017-12-13T10:48:09","guid":{"rendered":"http:\/\/euro.digiteria.ro\/?page_id=2446"},"modified":"2021-12-02T17:38:48","modified_gmt":"2021-12-02T17:38:48","slug":"nachrichten","status":"publish","type":"page","link":"https:\/\/euroconstruct98.ro\/de\/nachrichten\/","title":{"rendered":"Nachrichten"},"content":{"rendered":"<p>[vc_row][vc_column][vc_column_text]<\/p>\n<h3>Planung und Bau der Umgehungsstra\u00dfe Bukarest km 0 + 000-100 + 900, Los 3: Sektor 1 km 85 + 300-100 + 765 S\u00fcdstra\u00dfe afferent; Sektor 2 km 0 + 000-2 + 500 bezogen auf den N\u00f6rdlichen Ring<\/h3>\n<p>Umgehungsstra\u00dfe Bukarest zweiter Ring.<em><strong> Auftragswert: 853 422 022,52 Lei (zzgl. MwSt.)<\/strong><\/em><\/p>\n<p>&nbsp;<\/p>\n<h3>Regionales Projekt zur Entwicklung der Wasser- und Abwasserinfrastruktur des Kreises Ilfov im Zeitraum 2014-2020<\/h3>\n<p>Ausbau der Wasserversorgungsleitungen, Kanalisationsleitungen, Abwasserpumpenanlagen in Mogosoaia, Balotesti, Gunners. <em><strong>Auftragswert: 96.624.715 Lei (zzgl. MwSt.)<\/strong><\/em><\/p>\n<p>Ausbau von Wasserversorgungsleitungen, Kanalisationsleitungen, Abwasserpumpenanlagen in Bragadiru, Clinceni. <em><strong>Auftragswert: 92.731.701 Lei (zzgl. MwSt.)<\/strong><\/em><\/p>\n<p>&nbsp;<\/p>\n<h3>Sanierung der Bahnstrecke Brasov-Simeria Sanierung der Bahnstrecke<\/h3>\n<p>Brasov-Simeria, Teil des Paneurop\u00e4ischen Korridors IV, f\u00fcr Z\u00fcge mit einer H\u00f6chstgeschwindigkeit von 160 km\/h.<\/p>\n<p><em><strong>Auftragswert: 2 979 386 423,41 Lei (zzgl. MwSt.)<\/strong><\/em><\/p>\n<p>&nbsp;<\/p>\n<h3>Modernisierung der Stra\u00dfeninfrastruktur Piata Sudului<\/h3>\n<p>Das gr\u00f6\u00dfte unterirdische Stra\u00dfenprojekt im S\u00fcden der Hauptstadt, gebaut in der Richtung Calea Vacaresti &#8211; Nitu Vasile Stra\u00dfe.<\/p>\n<h3><\/h3>\n<h3>Autobahn Orastie-Sibiu er\u00f6ffnet [Dezember 2013]<\/h3>\n<p>Am 20. Dezember 2013 wurden die Lose 1,2 und 4 der Sibiu-Orastie-Autobahn in Betrieb genommen. Wir haben an diesem Projekt durch die Planung und durch die Ausf\u00fchrung des Loses 4 teilgenommen<\/p>\n<h3><\/h3>\n<h3>L\u00e4ngsstra\u00dfe Buzesti &#8211; Berzei &#8211; Uranus abgeschlossen [Dezember 2013]<\/h3>\n<p>Wir haben die Sanierung der Stra\u00dfenbahnlinien auf der L\u00e4ngsstra\u00dfe Buzesti &#8211; Uranus Berzei sichergestellt<\/p>\n<h3><\/h3>\n<h3>Sanierung der Bahnlinie Grenze-Curtici-Simeria.<\/h3>\n<p>Sanierung der Bahnlinie Grenze-Curtici-Simeria, Teil des Paneurop\u00e4ischen Korridors IV (Abschnitt 1: Grenze &#8211; Curtici &#8211; Arad &#8211; Km 614)[\/vc_column_text][\/vc_column][\/vc_row]<\/p>\n","protected":false},"excerpt":{"rendered":"<p>[vc_row][vc_column][vc_column_text] Planung und Bau der Umgehungsstra\u00dfe Bukarest km 0 + 000-100 + 900, Los 3: Sektor 1 km 85 + 300-100 + 765 S\u00fcdstra\u00dfe afferent; Sektor 2 km 0 + 000-2 + 500 bezogen auf den N\u00f6rdlichen Ring Umgehungsstra\u00dfe Bukarest &hellip;<\/p>\n","protected":false},"author":1,"featured_media":0,"parent":0,"menu_order":0,"comment_status":"closed","ping_status":"closed","template":"","meta":[],"yoast_head":"<!-- This site is optimized with the Yoast SEO plugin v16.1.1 - https:\/\/yoast.com\/wordpress\/plugins\/seo\/ -->\n<title>Nachrichten - Euroconstruct98<\/title>\n<link rel=\"canonical\" href=\"https:\/\/euroconstruct98.ro\/de\/nachrichten\/\" \/>\n<meta property=\"og:locale\" content=\"de_DE\" \/>\n<meta property=\"og:type\" content=\"article\" \/>\n<meta property=\"og:title\" content=\"Nachrichten - Euroconstruct98\" \/>\n<meta property=\"og:description\" content=\"[vc_row][vc_column][vc_column_text] Planung und Bau der Umgehungsstra\u00dfe Bukarest km 0 + 000-100 + 900, Los 3: Sektor 1 km 85 + 300-100 + 765 S\u00fcdstra\u00dfe afferent; Sektor 2 km 0 + 000-2 + 500 bezogen auf den N\u00f6rdlichen Ring Umgehungsstra\u00dfe Bukarest &hellip;\" \/>\n<meta property=\"og:url\" content=\"https:\/\/euroconstruct98.ro\/de\/nachrichten\/\" \/>\n<meta property=\"og:site_name\" content=\"Euroconstruct98\" \/>\n<meta property=\"article:modified_time\" content=\"2021-12-02T17:38:48+00:00\" \/>\n<meta name=\"twitter:card\" content=\"summary_large_image\" \/>\n<meta name=\"twitter:label1\" content=\"Gesch\u00e4tzte Lesezeit\">\n\t<meta name=\"twitter:data1\" content=\"1\u00a0Minute\">\n<script type=\"application\/ld+json\" class=\"yoast-schema-graph\">{\"@context\":\"https:\/\/schema.org\",\"@graph\":[{\"@type\":\"WebSite\",\"@id\":\"http:\/\/euroconstruct98.ro\/#website\",\"url\":\"http:\/\/euroconstruct98.ro\/\",\"name\":\"Euroconstruct98\",\"description\":\"Just another WordPress site\",\"potentialAction\":[{\"@type\":\"SearchAction\",\"target\":\"http:\/\/euroconstruct98.ro\/?s={search_term_string}\",\"query-input\":\"required name=search_term_string\"}],\"inLanguage\":\"de-DE\"},{\"@type\":\"WebPage\",\"@id\":\"https:\/\/euroconstruct98.ro\/de\/nachrichten\/#webpage\",\"url\":\"https:\/\/euroconstruct98.ro\/de\/nachrichten\/\",\"name\":\"Nachrichten - Euroconstruct98\",\"isPartOf\":{\"@id\":\"http:\/\/euroconstruct98.ro\/#website\"},\"datePublished\":\"2017-12-13T10:48:09+00:00\",\"dateModified\":\"2021-12-02T17:38:48+00:00\",\"breadcrumb\":{\"@id\":\"https:\/\/euroconstruct98.ro\/de\/nachrichten\/#breadcrumb\"},\"inLanguage\":\"de-DE\",\"potentialAction\":[{\"@type\":\"ReadAction\",\"target\":[\"https:\/\/euroconstruct98.ro\/de\/nachrichten\/\"]}]},{\"@type\":\"BreadcrumbList\",\"@id\":\"https:\/\/euroconstruct98.ro\/de\/nachrichten\/#breadcrumb\",\"itemListElement\":[{\"@type\":\"ListItem\",\"position\":1,\"item\":{\"@type\":\"WebPage\",\"@id\":\"https:\/\/euroconstruct98.ro\/de\/\",\"url\":\"https:\/\/euroconstruct98.ro\/de\/\",\"name\":\"Home\"}},{\"@type\":\"ListItem\",\"position\":2,\"item\":{\"@type\":\"WebPage\",\"@id\":\"https:\/\/euroconstruct98.ro\/de\/nachrichten\/\",\"url\":\"https:\/\/euroconstruct98.ro\/de\/nachrichten\/\",\"name\":\"Nachrichten\"}}]}]}<\/script>\n<!-- \/ Yoast SEO plugin. -->","_links":{"self":[{"href":"https:\/\/euroconstruct98.ro\/de\/wp-json\/wp\/v2\/pages\/2446"}],"collection":[{"href":"https:\/\/euroconstruct98.ro\/de\/wp-json\/wp\/v2\/pages"}],"about":[{"href":"https:\/\/euroconstruct98.ro\/de\/wp-json\/wp\/v2\/types\/page"}],"author":[{"embeddable":true,"href":"https:\/\/euroconstruct98.ro\/de\/wp-json\/wp\/v2\/users\/1"}],"replies":[{"embeddable":true,"href":"https:\/\/euroconstruct98.ro\/de\/wp-json\/wp\/v2\/comments?post=2446"}],"version-history":[{"count":5,"href":"https:\/\/euroconstruct98.ro\/de\/wp-json\/wp\/v2\/pages\/2446\/revisions"}],"predecessor-version":[{"id":2562,"href":"https:\/\/euroconstruct98.ro\/de\/wp-json\/wp\/v2\/pages\/2446\/revisions\/2562"}],"wp:attachment":[{"href":"https:\/\/euroconstruct98.ro\/de\/wp-json\/wp\/v2\/media?parent=2446"}],"curies":[{"name":"wp","href":"https:\/\/api.w.org\/{rel}","templated":true}]}}