{"id":2444,"date":"2017-12-13T10:45:35","date_gmt":"2017-12-13T10:45:35","guid":{"rendered":"http:\/\/euro.digiteria.ro\/?page_id=2444"},"modified":"2017-12-13T10:45:35","modified_gmt":"2017-12-13T10:45:35","slug":"csr","status":"publish","type":"page","link":"https:\/\/euroconstruct98.ro\/de\/csr\/","title":{"rendered":"CSR"},"content":{"rendered":"<p>[vc_row][vc_column][vc_column_text]<strong>Gem\u00e4\u00df unserer allgemeinen Philosophie, ein offener und verantwortungsbewusster B\u00fcrger zu sein, unterst\u00fctzen wir die Gemeinschaften, in denen wir t\u00e4tig sind.<\/strong><br \/>\nUnser aktuelles Sponsoring- und Unterst\u00fctzungsprogramm umfasst 4 Hauptrichtungen wie folgt:[\/vc_column_text][vc_custom_heading text=&#8221;Sozia&#8221; use_theme_fonts=&#8221;yes&#8221; el_class=&#8221;title&#8221;][\/vc_column][\/vc_row][vc_row][vc_column width=&#8221;2\/3&#8243;][vc_column_text]<\/p>\n<ul>\n<li>Kauf von Medikamenten, die f\u00fcr die Behandlung krebskranker Kinder im Krankenhaus Fundeni notwendig sind, zusammen mit dem Verein &#8220;Hope for you&#8221;,<\/li>\n<li>Unterst\u00fctzungsaktivit\u00e4ten f\u00fcr verlassene Kinder aus dem Familienzentrum des Vereins &#8220;Sfantul Stelian&#8221; in Bukarest<\/li>\n<li>Unterst\u00fctzung der Aktivit\u00e4t des Fr\u00fchinterventionszentrums &#8220;Regenbogenseele&#8221; zusammen mit dem Verein &#8220;Caritas&#8221; in Bukarest<\/li>\n<li>Unterst\u00fctzung f\u00fcr Sozialf\u00fcrsorgearbeit zugunsten der benachteiligten Kinder und Familien, die im Programm &#8220;Zukunft f\u00fcr Kinder Rum\u00e4niens&#8221; aufgenommen sind<\/li>\n<li>Unterst\u00fctzung des Ausr\u00fcstung der Neugeborenen-Intensivstation und der Station f\u00fcr Herzchirurgie am &#8220;Marie Curie&#8221; -Krankenhaus in Bukarest zusammen mit &#8220;Heart of Children&#8221;<\/li>\n<li>Unterst\u00fctzung der medizinischen Dienste, die durch die Stiftung &#8220;Sfanta Irina&#8221; angeboten werden<\/li>\n<li>Spenden f\u00fcr Kinder aus dem Waisenhaus der Direktion f\u00fcr Allgemeine F\u00fcrsorge und Kinderschutz, 2. Stadtbezirk, unter Obhut der Olari-Kirche<\/li>\n<li>Unterst\u00fctzung des Vereins &#8220;Die Frau, als Faktor f\u00fcr den Beitritt und die Aufrechterhaltung der Eigenschaft Rum\u00e4niens als EU-Mitglied&#8221; bei der Veranstaltung der Ma\u00dfnahme &#8220;Atme ohne Angst &#8230; mir geht es gut!&#8221;<\/li>\n<li>Unterst\u00fctzung der medizinischen Behandlung von Kindern mit schwerwiegenden Gesundheitsproblemen wie Krebs und Leuk\u00e4mie<\/li>\n<\/ul>\n<p>[\/vc_column_text][\/vc_column][vc_column width=&#8221;1\/3&#8243;][vc_single_image image=&#8221;2171&#8243; img_size=&#8221;full&#8221; alignment=&#8221;center&#8221;][\/vc_column][\/vc_row][vc_row][vc_column][vc_custom_heading text=&#8221;Umweltschutz&#8221; use_theme_fonts=&#8221;yes&#8221; el_class=&#8221;title&#8221;][vc_column_text]<\/p>\n<ul>\n<li>Unterst\u00fctzung der Vereinigung f\u00fcr die Bewirtschaftung von Industrieabf\u00e4llen und kontaminierten Standorten in Zusammenhang mit den durchgef\u00fchrten Aktivit\u00e4ten<\/li>\n<li>Unterst\u00fctzung der Stiftung &#8220;Snagov Plus&#8221; f\u00fcr verschiedene \u00f6kologische Aktivit\u00e4ten<\/li>\n<\/ul>\n<p>[\/vc_column_text][\/vc_column][\/vc_row][vc_row][vc_column][vc_custom_heading text=&#8221;Bildung und Kultur&#8221; use_theme_fonts=&#8221;yes&#8221; el_class=&#8221;title&#8221;][vc_column_text]<\/p>\n<ul>\n<li>Marin Preda Schule, durch Ausstattung eines Saals des Zentrums mit 40 Bankengruppen<\/li>\n<li>Unterst\u00fctzung des p\u00e4dagogischen Lyzeums D.P Perpessicius in Braila f\u00fcr das Programm &#8220;Gewaltfreiheit f\u00fcr Sch\u00fcler&#8221;, Theaterst\u00fcck &#8220;Dumbrava Minunata&#8221;<\/li>\n<li>Sanierung des Kindergartens Millenium in Klausenburg &#8211; Cluj<\/li>\n<li>Unterst\u00fctzung der Stiftung &#8220;Valente Umane&#8221; bei der Organisation einer Veranstaltung in Br\u00fcssel zum Thema &#8220;Osterfeiern bei den Rum\u00e4nen. Kultur, Tradition und Spiritualit\u00e4t&#8221;. Ein weiteres Ereignis mit dieser Stiftung ist die Sommerschule zum Thema \u201eRum\u00e4nisches kulturelles und geistliches Zentrum\u201c, wo Workshops f\u00fcr bemalte Eier, Keramik, Musik- und Gedichtabende, Kurse f\u00fcr rum\u00e4nische Sprache und Literatur und Geschichte organisiert wurden.<\/li>\n<li>Unterst\u00fctzung der Dobroteasca-Kirche bei der Restaurierung der Wandmalerei im Tiganesti-Kloster<\/li>\n<\/ul>\n<p>[\/vc_column_text][\/vc_column][\/vc_row][vc_row][vc_column][vc_custom_heading text=&#8221;Sport&#8221; use_theme_fonts=&#8221;yes&#8221; el_class=&#8221;title&#8221;][vc_column_text]<\/p>\n<ul>\n<li>Unterst\u00fctzung des Vereins &#8220;SAH VLAD BASCHET&#8221; in Mures<\/li>\n<\/ul>\n<p>[\/vc_column_text][\/vc_column][\/vc_row]<\/p>\n","protected":false},"excerpt":{"rendered":"<p>[vc_row][vc_column][vc_column_text]Gem\u00e4\u00df unserer allgemeinen Philosophie, ein offener und verantwortungsbewusster B\u00fcrger zu sein, unterst\u00fctzen wir die Gemeinschaften, in denen wir t\u00e4tig sind. Unser aktuelles Sponsoring- und Unterst\u00fctzungsprogramm umfasst 4 Hauptrichtungen wie folgt:[\/vc_column_text][vc_custom_heading text=&#8221;Sozia&#8221; use_theme_fonts=&#8221;yes&#8221; el_class=&#8221;title&#8221;][\/vc_column][\/vc_row][vc_row][vc_column width=&#8221;2\/3&#8243;][vc_column_text] Kauf von Medikamenten, die f\u00fcr die &hellip;<\/p>\n","protected":false},"author":1,"featured_media":0,"parent":0,"menu_order":0,"comment_status":"closed","ping_status":"closed","template":"","meta":[],"yoast_head":"<!-- This site is optimized with the Yoast SEO plugin v16.1.1 - https:\/\/yoast.com\/wordpress\/plugins\/seo\/ -->\n<title>CSR - Euroconstruct98<\/title>\n<link rel=\"canonical\" href=\"https:\/\/euroconstruct98.ro\/de\/csr\/\" \/>\n<meta property=\"og:locale\" content=\"de_DE\" \/>\n<meta property=\"og:type\" content=\"article\" \/>\n<meta property=\"og:title\" content=\"CSR - Euroconstruct98\" \/>\n<meta property=\"og:description\" content=\"[vc_row][vc_column][vc_column_text]Gem\u00e4\u00df unserer allgemeinen Philosophie, ein offener und verantwortungsbewusster B\u00fcrger zu sein, unterst\u00fctzen wir die Gemeinschaften, in denen wir t\u00e4tig sind. Unser aktuelles Sponsoring- und Unterst\u00fctzungsprogramm umfasst 4 Hauptrichtungen wie folgt:[\/vc_column_text][vc_custom_heading text=&#8221;Sozia&#8221; use_theme_fonts=&#8221;yes&#8221; el_class=&#8221;title&#8221;][\/vc_column][\/vc_row][vc_row][vc_column width=&#8221;2\/3&#8243;][vc_column_text] Kauf von Medikamenten, die f\u00fcr die &hellip;\" \/>\n<meta property=\"og:url\" content=\"https:\/\/euroconstruct98.ro\/de\/csr\/\" \/>\n<meta property=\"og:site_name\" content=\"Euroconstruct98\" \/>\n<meta name=\"twitter:card\" content=\"summary_large_image\" \/>\n<meta name=\"twitter:label1\" content=\"Gesch\u00e4tzte Lesezeit\">\n\t<meta name=\"twitter:data1\" content=\"3\u00a0Minuten\">\n<script type=\"application\/ld+json\" class=\"yoast-schema-graph\">{\"@context\":\"https:\/\/schema.org\",\"@graph\":[{\"@type\":\"WebSite\",\"@id\":\"http:\/\/euroconstruct98.ro\/#website\",\"url\":\"http:\/\/euroconstruct98.ro\/\",\"name\":\"Euroconstruct98\",\"description\":\"Just another WordPress site\",\"potentialAction\":[{\"@type\":\"SearchAction\",\"target\":\"http:\/\/euroconstruct98.ro\/?s={search_term_string}\",\"query-input\":\"required name=search_term_string\"}],\"inLanguage\":\"de-DE\"},{\"@type\":\"WebPage\",\"@id\":\"https:\/\/euroconstruct98.ro\/de\/csr\/#webpage\",\"url\":\"https:\/\/euroconstruct98.ro\/de\/csr\/\",\"name\":\"CSR - Euroconstruct98\",\"isPartOf\":{\"@id\":\"http:\/\/euroconstruct98.ro\/#website\"},\"datePublished\":\"2017-12-13T10:45:35+00:00\",\"dateModified\":\"2017-12-13T10:45:35+00:00\",\"breadcrumb\":{\"@id\":\"https:\/\/euroconstruct98.ro\/de\/csr\/#breadcrumb\"},\"inLanguage\":\"de-DE\",\"potentialAction\":[{\"@type\":\"ReadAction\",\"target\":[\"https:\/\/euroconstruct98.ro\/de\/csr\/\"]}]},{\"@type\":\"BreadcrumbList\",\"@id\":\"https:\/\/euroconstruct98.ro\/de\/csr\/#breadcrumb\",\"itemListElement\":[{\"@type\":\"ListItem\",\"position\":1,\"item\":{\"@type\":\"WebPage\",\"@id\":\"https:\/\/euroconstruct98.ro\/de\/\",\"url\":\"https:\/\/euroconstruct98.ro\/de\/\",\"name\":\"Home\"}},{\"@type\":\"ListItem\",\"position\":2,\"item\":{\"@type\":\"WebPage\",\"@id\":\"https:\/\/euroconstruct98.ro\/de\/csr\/\",\"url\":\"https:\/\/euroconstruct98.ro\/de\/csr\/\",\"name\":\"CSR\"}}]}]}<\/script>\n<!-- \/ Yoast SEO plugin. -->","_links":{"self":[{"href":"https:\/\/euroconstruct98.ro\/de\/wp-json\/wp\/v2\/pages\/2444"}],"collection":[{"href":"https:\/\/euroconstruct98.ro\/de\/wp-json\/wp\/v2\/pages"}],"about":[{"href":"https:\/\/euroconstruct98.ro\/de\/wp-json\/wp\/v2\/types\/page"}],"author":[{"embeddable":true,"href":"https:\/\/euroconstruct98.ro\/de\/wp-json\/wp\/v2\/users\/1"}],"replies":[{"embeddable":true,"href":"https:\/\/euroconstruct98.ro\/de\/wp-json\/wp\/v2\/comments?post=2444"}],"version-history":[{"count":1,"href":"https:\/\/euroconstruct98.ro\/de\/wp-json\/wp\/v2\/pages\/2444\/revisions"}],"predecessor-version":[{"id":2445,"href":"https:\/\/euroconstruct98.ro\/de\/wp-json\/wp\/v2\/pages\/2444\/revisions\/2445"}],"wp:attachment":[{"href":"https:\/\/euroconstruct98.ro\/de\/wp-json\/wp\/v2\/media?parent=2444"}],"curies":[{"name":"wp","href":"https:\/\/api.w.org\/{rel}","templated":true}]}}