{"id":2441,"date":"2017-12-13T10:40:49","date_gmt":"2017-12-13T10:40:49","guid":{"rendered":"http:\/\/euro.digiteria.ro\/?page_id=2441"},"modified":"2017-12-13T10:40:49","modified_gmt":"2017-12-13T10:40:49","slug":"personalplanung","status":"publish","type":"page","link":"https:\/\/euroconstruct98.ro\/de\/personalplanung\/","title":{"rendered":"Personalplanung"},"content":{"rendered":"<p>[vc_row][vc_column][vc_custom_heading text=&#8221;Karrieren &#8211; Wir investieren in Menschen&#8221; use_theme_fonts=&#8221;yes&#8221; el_class=&#8221;title&#8221;][vc_column_text]Unsere Firma z\u00e4hlt \u00fcber 900 Angestellte. Ma\u00dfgebend f\u00fcr die Beibehaltung unserer hochqualifizierten Mitarbeiter, ist die permanente Konzentration auf Weiterbildung und Entwicklung. Wir investieren in die Weiterbildung unserer Mitarbeiter und in die Rekrutierung von neuen Talenten.[\/vc_column_text][\/vc_column][\/vc_row][vc_row][vc_column width=&#8221;2\/3&#8243;][vc_custom_heading text=&#8221;Warum bei Euro Construct Trading 98 arbeiten?&#8221; use_theme_fonts=&#8221;yes&#8221; el_class=&#8221;title&#8221;][vc_column_text]<\/p>\n<ul>\n<li>Wir sind eine anerkannte rum\u00e4nische Privatfirma, mit wichtige Investitionsmittel f\u00fcr Technologie<\/li>\n<li>Wir entwickeln eine Vielfalt von Aktivit\u00e4ten in verschiedene Arbeitsgebiete<\/li>\n<li>Wir sorgen f\u00fcr ein kontinuierliches Wachstum (<a href=\"\/de\/ueber-uns\/entwicklung\/\">siehe\u00a0Unternehmensentwicklung<\/a>)<\/li>\n<li>Wir sind in herausfordernde Gro\u00dfprojekte involviert.<\/li>\n<li>Wir besitzen Materialvorkommen und eine der modernsten und leistungsf\u00e4higen Fuhrparks.<\/li>\n<li>Wir investieren in Schulungen und Leistungsmaximierung unserer Mitarbeiter<\/li>\n<\/ul>\n<p>[\/vc_column_text][\/vc_column][vc_column width=&#8221;1\/3&#8243;][vc_empty_space][vc_single_image image=&#8221;2166&#8243; img_size=&#8221;full&#8221; alignment=&#8221;center&#8221;][\/vc_column][\/vc_row]<\/p>\n","protected":false},"excerpt":{"rendered":"<p>[vc_row][vc_column][vc_custom_heading text=&#8221;Karrieren &#8211; Wir investieren in Menschen&#8221; use_theme_fonts=&#8221;yes&#8221; el_class=&#8221;title&#8221;][vc_column_text]Unsere Firma z\u00e4hlt \u00fcber 900 Angestellte. Ma\u00dfgebend f\u00fcr die Beibehaltung unserer hochqualifizierten Mitarbeiter, ist die permanente Konzentration auf Weiterbildung und Entwicklung. Wir investieren in die Weiterbildung unserer Mitarbeiter und in die Rekrutierung &hellip;<\/p>\n","protected":false},"author":1,"featured_media":0,"parent":0,"menu_order":0,"comment_status":"closed","ping_status":"closed","template":"","meta":[],"yoast_head":"<!-- This site is optimized with the Yoast SEO plugin v16.1.1 - https:\/\/yoast.com\/wordpress\/plugins\/seo\/ -->\n<title>Personalplanung - Euroconstruct98<\/title>\n<link rel=\"canonical\" href=\"https:\/\/euroconstruct98.ro\/de\/personalplanung\/\" \/>\n<meta property=\"og:locale\" content=\"de_DE\" \/>\n<meta property=\"og:type\" content=\"article\" \/>\n<meta property=\"og:title\" content=\"Personalplanung - Euroconstruct98\" \/>\n<meta property=\"og:description\" content=\"[vc_row][vc_column][vc_custom_heading text=&#8221;Karrieren &#8211; Wir investieren in Menschen&#8221; use_theme_fonts=&#8221;yes&#8221; el_class=&#8221;title&#8221;][vc_column_text]Unsere Firma z\u00e4hlt \u00fcber 900 Angestellte. Ma\u00dfgebend f\u00fcr die Beibehaltung unserer hochqualifizierten Mitarbeiter, ist die permanente Konzentration auf Weiterbildung und Entwicklung. Wir investieren in die Weiterbildung unserer Mitarbeiter und in die Rekrutierung &hellip;\" \/>\n<meta property=\"og:url\" content=\"https:\/\/euroconstruct98.ro\/de\/personalplanung\/\" \/>\n<meta property=\"og:site_name\" content=\"Euroconstruct98\" \/>\n<meta name=\"twitter:card\" content=\"summary_large_image\" \/>\n<meta name=\"twitter:label1\" content=\"Gesch\u00e4tzte Lesezeit\">\n\t<meta name=\"twitter:data1\" content=\"1\u00a0Minute\">\n<script type=\"application\/ld+json\" class=\"yoast-schema-graph\">{\"@context\":\"https:\/\/schema.org\",\"@graph\":[{\"@type\":\"WebSite\",\"@id\":\"http:\/\/euroconstruct98.ro\/#website\",\"url\":\"http:\/\/euroconstruct98.ro\/\",\"name\":\"Euroconstruct98\",\"description\":\"Just another WordPress site\",\"potentialAction\":[{\"@type\":\"SearchAction\",\"target\":\"http:\/\/euroconstruct98.ro\/?s={search_term_string}\",\"query-input\":\"required name=search_term_string\"}],\"inLanguage\":\"de-DE\"},{\"@type\":\"WebPage\",\"@id\":\"https:\/\/euroconstruct98.ro\/de\/personalplanung\/#webpage\",\"url\":\"https:\/\/euroconstruct98.ro\/de\/personalplanung\/\",\"name\":\"Personalplanung - Euroconstruct98\",\"isPartOf\":{\"@id\":\"http:\/\/euroconstruct98.ro\/#website\"},\"datePublished\":\"2017-12-13T10:40:49+00:00\",\"dateModified\":\"2017-12-13T10:40:49+00:00\",\"breadcrumb\":{\"@id\":\"https:\/\/euroconstruct98.ro\/de\/personalplanung\/#breadcrumb\"},\"inLanguage\":\"de-DE\",\"potentialAction\":[{\"@type\":\"ReadAction\",\"target\":[\"https:\/\/euroconstruct98.ro\/de\/personalplanung\/\"]}]},{\"@type\":\"BreadcrumbList\",\"@id\":\"https:\/\/euroconstruct98.ro\/de\/personalplanung\/#breadcrumb\",\"itemListElement\":[{\"@type\":\"ListItem\",\"position\":1,\"item\":{\"@type\":\"WebPage\",\"@id\":\"https:\/\/euroconstruct98.ro\/de\/\",\"url\":\"https:\/\/euroconstruct98.ro\/de\/\",\"name\":\"Home\"}},{\"@type\":\"ListItem\",\"position\":2,\"item\":{\"@type\":\"WebPage\",\"@id\":\"https:\/\/euroconstruct98.ro\/de\/personalplanung\/\",\"url\":\"https:\/\/euroconstruct98.ro\/de\/personalplanung\/\",\"name\":\"Personalplanung\"}}]}]}<\/script>\n<!-- \/ Yoast SEO plugin. -->","_links":{"self":[{"href":"https:\/\/euroconstruct98.ro\/de\/wp-json\/wp\/v2\/pages\/2441"}],"collection":[{"href":"https:\/\/euroconstruct98.ro\/de\/wp-json\/wp\/v2\/pages"}],"about":[{"href":"https:\/\/euroconstruct98.ro\/de\/wp-json\/wp\/v2\/types\/page"}],"author":[{"embeddable":true,"href":"https:\/\/euroconstruct98.ro\/de\/wp-json\/wp\/v2\/users\/1"}],"replies":[{"embeddable":true,"href":"https:\/\/euroconstruct98.ro\/de\/wp-json\/wp\/v2\/comments?post=2441"}],"version-history":[{"count":2,"href":"https:\/\/euroconstruct98.ro\/de\/wp-json\/wp\/v2\/pages\/2441\/revisions"}],"predecessor-version":[{"id":2443,"href":"https:\/\/euroconstruct98.ro\/de\/wp-json\/wp\/v2\/pages\/2441\/revisions\/2443"}],"wp:attachment":[{"href":"https:\/\/euroconstruct98.ro\/de\/wp-json\/wp\/v2\/media?parent=2441"}],"curies":[{"name":"wp","href":"https:\/\/api.w.org\/{rel}","templated":true}]}}