{"id":2439,"date":"2017-12-12T12:18:31","date_gmt":"2017-12-12T12:18:31","guid":{"rendered":"http:\/\/euro.digiteria.ro\/?page_id=2439"},"modified":"2017-12-12T12:18:31","modified_gmt":"2017-12-12T12:18:31","slug":"kieswerke","status":"publish","type":"page","link":"https:\/\/euroconstruct98.ro\/de\/kieswerke\/","title":{"rendered":"Kieswerke"},"content":{"rendered":"<p>[vc_row][vc_column][vc_custom_heading text=&#8221;Euroconstruct Trading `98&#8243; use_theme_fonts=&#8221;yes&#8221; el_class=&#8221;title&#8221;][\/vc_column][\/vc_row][vc_row][vc_column width=&#8221;2\/3&#8243;][vc_empty_space][vc_column_text]SC Euro Construct Trading&#8217;98 SRL ist ein bekannter Name auf dem Gebiet der Lieferung von nat\u00fcrlichen Zuschlagstoffen aus Kiesgruben.<\/p>\n<p>Unsere Firma besitzt 2 Sortierstationen: Celik Makina und Terex Finlay 694.<\/p>\n<p>Die beiden Sortierstationen produzieren und vermarkten nat\u00fcrliche und zerkleinerte qualit\u00e4tskontrollierte Gesteinsk\u00f6rnungen, die st\u00e4ndig durch spezifische Analysen im eigenen zugelassenen Labor gepr\u00fcft werden.[\/vc_column_text][\/vc_column][vc_column width=&#8221;1\/3&#8243;][vc_single_image image=&#8221;2121&#8243; img_size=&#8221;full&#8221; alignment=&#8221;center&#8221;][\/vc_column][\/vc_row][vc_row][vc_column][vc_custom_heading text=&#8221;1. Die Celik Makina Sortierstation mit einer Produktionskapazit\u00e4t von 150 t \/ h&#8221; use_theme_fonts=&#8221;yes&#8221; el_class=&#8221;title&#8221;][\/vc_column][\/vc_row][vc_row][vc_column width=&#8221;1\/3&#8243;][vc_empty_space][vc_column_text]Die nat\u00fcrlichen Gesteinsk\u00f6rnungen, die durch den Abbau und die Verarbeitung von Steinen, Sand und Kies gewonnen sind, werden f\u00fcr den Stra\u00dfenbau, die Betonherstellung und die Eisenbahnsanierung verwendet.[\/vc_column_text][\/vc_column][vc_column width=&#8221;1\/3&#8243;][vc_single_image image=&#8221;2124&#8243; img_size=&#8221;full&#8221; alignment=&#8221;center&#8221;][\/vc_column][vc_column width=&#8221;1\/3&#8243;][vc_column_text]<strong>Sorten:<\/strong><\/p>\n<ul>\n<li>Sand 0-4 mm<\/li>\n<li>Kies Korngr\u00f6\u00dfe 4-8 mm<\/li>\n<li>Kies Korngr\u00f6\u00dfe 8-16 mm<\/li>\n<li>Kies Korngr\u00f6\u00dfe 16-31,5 mm<\/li>\n<li>Siebr\u00fcckstand<\/li>\n<li>Ballast<\/li>\n<\/ul>\n<p>Niederlassung: Bolintin Deal, Dorf Mihai Voda, Kreis Giurgiu.[\/vc_column_text][\/vc_column][\/vc_row][vc_row][vc_column][vc_custom_heading text=&#8221;2. Bewegliche Sortieranlage Terex Finlay 694 mit einer Kapazit\u00e4t von 100 m3 \/ h ist spezialisiert auf die Gewinnung von Sand und Kies&#8221; use_theme_fonts=&#8221;yes&#8221; el_class=&#8221;title&#8221;][\/vc_column][\/vc_row][vc_row][vc_column width=&#8221;1\/3&#8243;][vc_empty_space][vc_column_text]Die bewegliche Sortieranlage Terex Finlay 694 wird zur Siebung (Gr\u00f6\u00dfentrennung) von festen Abf\u00e4llen, gemischt mit inerten Materialien (Kies, Schlacke) oder derjenigen, die aus den Bau- und Abbrucharbeiten entstehenden zur Wiederverwendung benutzt.<\/p>\n<p>Die Behandlung kann sowohl durch Trocken- als auch durch Nasssortierung erfolgen.[\/vc_column_text][\/vc_column][vc_column width=&#8221;1\/3&#8243;][vc_single_image image=&#8221;2126&#8243; img_size=&#8221;full&#8221; alignment=&#8221;center&#8221;][\/vc_column][vc_column width=&#8221;1\/3&#8243;][vc_column_text]Sorten:<\/p>\n<ul>\n<li>Sand 0-4mm<\/li>\n<li>Kies Korngr\u00f6\u00dfe 4-8mm<\/li>\n<li>Kies Korngr\u00f6\u00dfe 8-16 mm<\/li>\n<li>Kies Korngr\u00f6\u00dfe 7-20 mm<\/li>\n<li>Kies Korngr\u00f6\u00dfe 16-31 mm<\/li>\n<li>Siebr\u00fcckstand<\/li>\n<li>Ballast<\/li>\n<\/ul>\n<p>[\/vc_column_text][\/vc_column][\/vc_row][vc_row][vc_column][vc_custom_heading text=&#8221;Fotogallerie&#8221; use_theme_fonts=&#8221;yes&#8221; el_class=&#8221;title&#8221;][\/vc_column][\/vc_row][vc_row][vc_column width=&#8221;1\/3&#8243;][vc_single_image image=&#8221;2128&#8243; img_size=&#8221;full&#8221; alignment=&#8221;center&#8221; onclick=&#8221;link_image&#8221;][vc_single_image image=&#8221;2131&#8243; img_size=&#8221;full&#8221; alignment=&#8221;center&#8221; onclick=&#8221;link_image&#8221;][\/vc_column][vc_column width=&#8221;1\/3&#8243;][vc_single_image image=&#8221;2129&#8243; img_size=&#8221;full&#8221; alignment=&#8221;center&#8221; onclick=&#8221;link_image&#8221;][vc_single_image image=&#8221;2132&#8243; img_size=&#8221;full&#8221; alignment=&#8221;center&#8221; onclick=&#8221;link_image&#8221;][\/vc_column][vc_column width=&#8221;1\/3&#8243;][vc_single_image image=&#8221;2130&#8243; img_size=&#8221;full&#8221; alignment=&#8221;center&#8221; onclick=&#8221;link_image&#8221;][vc_single_image image=&#8221;2133&#8243; img_size=&#8221;full&#8221; alignment=&#8221;center&#8221; onclick=&#8221;link_image&#8221;][\/vc_column][\/vc_row]<\/p>\n","protected":false},"excerpt":{"rendered":"<p>[vc_row][vc_column][vc_custom_heading text=&#8221;Euroconstruct Trading `98&#8243; use_theme_fonts=&#8221;yes&#8221; el_class=&#8221;title&#8221;][\/vc_column][\/vc_row][vc_row][vc_column width=&#8221;2\/3&#8243;][vc_empty_space][vc_column_text]SC Euro Construct Trading&#8217;98 SRL ist ein bekannter Name auf dem Gebiet der Lieferung von nat\u00fcrlichen Zuschlagstoffen aus Kiesgruben. Unsere Firma besitzt 2 Sortierstationen: Celik Makina und Terex Finlay 694. Die beiden Sortierstationen produzieren &hellip;<\/p>\n","protected":false},"author":1,"featured_media":0,"parent":0,"menu_order":0,"comment_status":"closed","ping_status":"closed","template":"","meta":[],"yoast_head":"<!-- This site is optimized with the Yoast SEO plugin v16.1.1 - https:\/\/yoast.com\/wordpress\/plugins\/seo\/ -->\n<title>Kieswerke - Euroconstruct98<\/title>\n<link rel=\"canonical\" href=\"http:\/\/euroconstruct98.ro\/de\/kieswerke\/\" \/>\n<meta property=\"og:locale\" content=\"de_DE\" \/>\n<meta property=\"og:type\" content=\"article\" \/>\n<meta property=\"og:title\" content=\"Kieswerke - Euroconstruct98\" \/>\n<meta property=\"og:description\" content=\"[vc_row][vc_column][vc_custom_heading text=&#8221;Euroconstruct Trading `98&#8243; use_theme_fonts=&#8221;yes&#8221; el_class=&#8221;title&#8221;][\/vc_column][\/vc_row][vc_row][vc_column width=&#8221;2\/3&#8243;][vc_empty_space][vc_column_text]SC Euro Construct Trading&#8217;98 SRL ist ein bekannter Name auf dem Gebiet der Lieferung von nat\u00fcrlichen Zuschlagstoffen aus Kiesgruben. Unsere Firma besitzt 2 Sortierstationen: Celik Makina und Terex Finlay 694. Die beiden Sortierstationen produzieren &hellip;\" \/>\n<meta property=\"og:url\" content=\"http:\/\/euroconstruct98.ro\/de\/kieswerke\/\" \/>\n<meta property=\"og:site_name\" content=\"Euroconstruct98\" \/>\n<meta name=\"twitter:card\" content=\"summary_large_image\" \/>\n<meta name=\"twitter:label1\" content=\"Gesch\u00e4tzte Lesezeit\">\n\t<meta name=\"twitter:data1\" content=\"3\u00a0Minuten\">\n<script type=\"application\/ld+json\" class=\"yoast-schema-graph\">{\"@context\":\"https:\/\/schema.org\",\"@graph\":[{\"@type\":\"WebSite\",\"@id\":\"http:\/\/euroconstruct98.ro\/#website\",\"url\":\"http:\/\/euroconstruct98.ro\/\",\"name\":\"Euroconstruct98\",\"description\":\"Just another WordPress site\",\"potentialAction\":[{\"@type\":\"SearchAction\",\"target\":\"http:\/\/euroconstruct98.ro\/?s={search_term_string}\",\"query-input\":\"required name=search_term_string\"}],\"inLanguage\":\"de-DE\"},{\"@type\":\"WebPage\",\"@id\":\"http:\/\/euroconstruct98.ro\/de\/kieswerke\/#webpage\",\"url\":\"http:\/\/euroconstruct98.ro\/de\/kieswerke\/\",\"name\":\"Kieswerke - Euroconstruct98\",\"isPartOf\":{\"@id\":\"http:\/\/euroconstruct98.ro\/#website\"},\"datePublished\":\"2017-12-12T12:18:31+00:00\",\"dateModified\":\"2017-12-12T12:18:31+00:00\",\"breadcrumb\":{\"@id\":\"http:\/\/euroconstruct98.ro\/de\/kieswerke\/#breadcrumb\"},\"inLanguage\":\"de-DE\",\"potentialAction\":[{\"@type\":\"ReadAction\",\"target\":[\"http:\/\/euroconstruct98.ro\/de\/kieswerke\/\"]}]},{\"@type\":\"BreadcrumbList\",\"@id\":\"http:\/\/euroconstruct98.ro\/de\/kieswerke\/#breadcrumb\",\"itemListElement\":[{\"@type\":\"ListItem\",\"position\":1,\"item\":{\"@type\":\"WebPage\",\"@id\":\"https:\/\/euroconstruct98.ro\/de\/\",\"url\":\"https:\/\/euroconstruct98.ro\/de\/\",\"name\":\"Home\"}},{\"@type\":\"ListItem\",\"position\":2,\"item\":{\"@type\":\"WebPage\",\"@id\":\"http:\/\/euroconstruct98.ro\/de\/kieswerke\/\",\"url\":\"http:\/\/euroconstruct98.ro\/de\/kieswerke\/\",\"name\":\"Kieswerke\"}}]}]}<\/script>\n<!-- \/ Yoast SEO plugin. -->","_links":{"self":[{"href":"https:\/\/euroconstruct98.ro\/de\/wp-json\/wp\/v2\/pages\/2439"}],"collection":[{"href":"https:\/\/euroconstruct98.ro\/de\/wp-json\/wp\/v2\/pages"}],"about":[{"href":"https:\/\/euroconstruct98.ro\/de\/wp-json\/wp\/v2\/types\/page"}],"author":[{"embeddable":true,"href":"https:\/\/euroconstruct98.ro\/de\/wp-json\/wp\/v2\/users\/1"}],"replies":[{"embeddable":true,"href":"https:\/\/euroconstruct98.ro\/de\/wp-json\/wp\/v2\/comments?post=2439"}],"version-history":[{"count":1,"href":"https:\/\/euroconstruct98.ro\/de\/wp-json\/wp\/v2\/pages\/2439\/revisions"}],"predecessor-version":[{"id":2440,"href":"https:\/\/euroconstruct98.ro\/de\/wp-json\/wp\/v2\/pages\/2439\/revisions\/2440"}],"wp:attachment":[{"href":"https:\/\/euroconstruct98.ro\/de\/wp-json\/wp\/v2\/media?parent=2439"}],"curies":[{"name":"wp","href":"https:\/\/api.w.org\/{rel}","templated":true}]}}