{"id":2431,"date":"2017-12-12T12:09:41","date_gmt":"2017-12-12T12:09:41","guid":{"rendered":"http:\/\/euro.digiteria.ro\/?page_id=2431"},"modified":"2017-12-12T12:09:41","modified_gmt":"2017-12-12T12:09:41","slug":"labor-fuer-analyse-und-pruefung-im-baubereich-ii-grad","status":"publish","type":"page","link":"https:\/\/euroconstruct98.ro\/de\/labore\/labor-fuer-analyse-und-pruefung-im-baubereich-ii-grad\/","title":{"rendered":"Labor f\u00fcr Analyse und Pr\u00fcfung im Baubereich II. Grad"},"content":{"rendered":"<p>[vc_row][vc_column][vc_custom_heading text=&#8221;Labor f\u00fcr Analyse und Pr\u00fcfung im Baubereich II. Grad &#8211; Euroconstruct Trading `98&#8243; use_theme_fonts=&#8221;yes&#8221; el_class=&#8221;title&#8221;][vc_tta_tabs][vc_tta_section title=&#8221;AUSR\u00dcSTUNGEN&#8221; tab_id=&#8221;1506511664311-9dcbe576-ab83&#8243;][vc_column_text]- Ausr\u00fcstung GRANDE CASE<br \/>\n&#8211; Thermostatische Ausr\u00fcstung f\u00fcr die Sedimentation<br \/>\n&#8211; Digitale Waage SARTORIUS 2200g<br \/>\n&#8211; Bodenfeuchtigkeitsmesser<br \/>\n&#8211; Mechanisch modifizierte Schublehre \u2013<br \/>\n&#8211; Digitale Schublehre<br \/>\n&#8211; Elektronische Waage 150 Kg<br \/>\n&#8211; Ger\u00e4t f\u00fcr Blaubewertung<br \/>\n&#8211; Automatisches PROCTOR &#8211; Ger\u00e4t<br \/>\n&#8211; Wasserabsorptionsvorrichtung<br \/>\n&#8211; Digitale Waage SARTORIUS 12000 g<br \/>\n&#8211; Mischungsmischer<br \/>\n&#8211; automatische Presse Marshall<br \/>\n&#8211; Thermostatisches Wasserbad<br \/>\n&#8211; Thermostatofen<br \/>\n&#8211; NCAT Ger\u00e4t<br \/>\n&#8211; Automatischer St\u00f6\u00dfel Marshall<br \/>\n&#8211; Soxhlet<br \/>\n&#8211; Ger\u00e4t zur R\u00e4derpr\u00fcfung<br \/>\n&#8211; LOS ANGELES Ger\u00e4t<br \/>\n&#8211; Elektronische Marshall-Presse<br \/>\n&#8211; Siebger\u00e4t<br \/>\n&#8211; R\u00c4DERPR\u00dcFUNGSGER\u00c4T<br \/>\n&#8211; Digitale Waage 16100g<br \/>\n&#8211; Brechmessger\u00e4t FRAASS<br \/>\n&#8211; SUPERFRIZZER ECO 2000<br \/>\n&#8211; BENKELMAN Hebel<br \/>\n&#8211; PENETROMETER F\u00dcR MISCHUNGEN<br \/>\n&#8211; DUKTILOMETER<br \/>\n&#8211; \u201eRING UND KUGEL\u201c &#8211; AUSR\u00dcSTUNG<br \/>\n&#8211; LUCAS-Platte<br \/>\n&#8211; Automatische Montagebaugruppe f\u00fcr den Sandgegenwert<br \/>\n&#8211; Thermostatbad und Le Chatelier-Ringe<br \/>\n&#8211; Druck- und Biegepresse f\u00fcr Beton und Zement<br \/>\n&#8211; Automatischer M\u00f6rtel- und Zementmischer<br \/>\n&#8211; Vicat-Ger\u00e4t<br \/>\n&#8211; Digitale Waage 25 kg<br \/>\n&#8211; Druckkegel<br \/>\n&#8211; KERNBOHRGER\u00c4T<br \/>\n&#8211; PERMEAMETER F\u00dcR BODEN<br \/>\n&#8211; Fluidkegel<br \/>\n&#8211; Spreizmasse f\u00fcr vorgespannte Anker<br \/>\n&#8211; Volumengef\u00e4\u00df f\u00fcr Pastendichte f\u00fcr. vorgespannte Anker<br \/>\n&#8211; Spreizmasse<br \/>\n&#8211; MARSHALL &#8211; Zylinder<br \/>\n&#8211; Kleinsiebe<br \/>\n&#8211; Doppelherd<br \/>\n&#8211; Massenschock<br \/>\n&#8211; CASA GRANDE Densimeter<br \/>\n&#8211; Digitale Thermometer<br \/>\n&#8211; Fl\u00fcssigglasthermometer<br \/>\n&#8211; W\u00e4rmewiderstand Pt 100<br \/>\n&#8211; Lufteinschlussger\u00e4te<br \/>\n&#8211; Sortierzylinder<br \/>\n&#8211; prismatische M\u00f6rtelformen 40x40x160mm<br \/>\n&#8211; Prismatische Betonkonstruktionen 150x150x600mm<br \/>\n&#8211; Kubische Formen 150x150x150mm<br \/>\n&#8211; Schwingmasse<br \/>\n&#8211; Betonmischer<br \/>\n&#8211; Ma\u00dfband<br \/>\n&#8211; Stoppuhr<br \/>\n&#8211; Volumengef\u00e4\u00dfe<br \/>\n&#8211; Metall-Messstab mit zwei gradierten Skalen<br \/>\n&#8211; Piknometer 1000<br \/>\n&#8211; Glaswaren f\u00fcr Labor<br \/>\n&#8211; Penetrometer BODEN[\/vc_column_text][\/vc_tta_section][vc_tta_section title=&#8221;PROFIL&#8221; tab_id=&#8221;1506511664339-21dbce9c-43d5&#8243;][vc_column_text]<strong>ANCFD &#8211; Nat\u00fcrliche Zuschlagstoffe f\u00fcr Bahn- und Stra\u00dfenbau:<\/strong><br \/>\n&#8211; Bestimmen des Formkoeffizienten. Aussehen und Form der Granulate<br \/>\n&#8211; Bestimmung der Zusammensetzung der Fraktionen unter 0,63 mm<br \/>\n&#8211; Bestimmung des Kornbruchs. Bestimmung des Prozentsatzes an gebrochenen Oberfl\u00e4chen in Zuschlagstoffen<br \/>\n&#8211; Bestimmung der tats\u00e4chlichen Volumenmasse und des Wasserabsorptionskoeffizienten Pr\u00fcfungen zur Bestimmung der mechanischen und physikalischen Eigenschaften der Zuschlagstoffe<br \/>\n&#8211; Bestimmung der Volumenmasse und der intergranul\u00e4ren Porosit\u00e4t<br \/>\n&#8211; Bestimmung des Blauwertes &#8211; Versuch mit Methylenblau<br \/>\n&#8211; Gleichwert als Sand<br \/>\n&#8211; Probenahme f\u00fcr Zuschlagstoffe<br \/>\n&#8211; Brechwiderstand mit der Los Angeles-Maschine<br \/>\n&#8211; Bestimmung der Granularit\u00e4t. Analyse der Korngr\u00f6\u00dfenverteilung durch Sieben. Versuche zur Bestimmung der geometrischen Eigenschaften der Zuschlagstoffe<br \/>\n&#8211; Bestimmung der Teilchenl\u00e4nge<br \/>\n<strong>BBABP &#8211; Beton, Stahlbeton und Spannbeton:<\/strong><br \/>\n&#8211; Herstellung von Probek\u00f6rpern \u2013 Versuche f\u00fcr Frischbeton<br \/>\n&#8211; Konservierung von Proben \u2013 Versuche f\u00fcr geh\u00e4rteten Beton<br \/>\n&#8211; Enthaltene Luft &#8211; Versuche f\u00fcr Frischbeton<br \/>\n&#8211; scheinbare Dichte &#8211; Versuche f\u00fcr geh\u00e4rteten Beton<br \/>\n&#8211; Scheindichte von Frischbeton<br \/>\n&#8211; Bestimmung der Frischbetonkonsistenz, Kompressionsmethode<br \/>\n&#8211; Probenahme &#8211; Versuche f\u00fcr Frischbeton<br \/>\n&#8211; Vorversuche- Versuche f\u00fcr Frischbeton<br \/>\n&#8211; Wasser-Zement-Verh\u00e4ltnis. Versuche f\u00fcr Frischbeton<br \/>\n&#8211; Frost-Tau-Widerstand &#8211; Versuche f\u00fcr geh\u00e4rteten Beton<br \/>\n&#8211; Mechanische Betonfestigkeit (Kompression, Biegung)<br \/>\n&#8211; Temperatur &#8211; Versuche f\u00fcr Frischbeton<br \/>\n&#8211; Versuch mit Ausbreitungsmasse &#8211; Versuche f\u00fcr Frischbeton<br \/>\n<strong>D &#8211; STRASSEN:<\/strong><br \/>\n&#8211; Absorption von Wasser &#8211; Versuche f\u00fcr Asphaltmischungen und bitumin\u00f6se Hei\u00dfbeschichtungen<br \/>\n&#8211; Verdichtungseigenschaften mit Trockendichte: optimale Feuchtigkeit: Modifizierter Proctor-Test &#8211; Versuche f\u00fcr Stra\u00dfenschichten aus nat\u00fcrlichen Gesteinsk\u00f6rnungen oder B\u00f6den verfestigt mit Hydraulik- oder Puzzolanbindemitteln<br \/>\n&#8211; Verdichtungseigenschaften. Dichte in trockenem Zustand. Optimale Feuchtigkeit. Modifizierter Proctor-Test. Versuche f\u00fcr Fundamente aus nat\u00fcrlichen Zuschlagstoffen<br \/>\n&#8211; Mechanische und Eintaucheigenschaften in Wasser. Kompressionswiderstand. Stabilit\u00e4t gegen Wasser. Masseverlust. Versuche an Materialien stabilisiert mit Puzzolan- oder Hydraulikbindemitteln<br \/>\n&#8211; Zusammensetzung Gemische &#8211; Schnellmethode. Versuche f\u00fcr Asphaltmischungen und bitumin\u00f6se Hei\u00dfbeschichtungen<br \/>\n&#8211; Herstellung von Probek\u00f6rpern &#8211; Versuche f\u00fcr Asphaltmischungen und bitumin\u00f6se Hei\u00dfbeschichtungen<br \/>\n&#8211; Herstellung von Probek\u00f6rpern mit dem Verdichter. Versuche f\u00fcr Asphaltmischungen und bitumin\u00f6se Hei\u00dfbeschichtungen<br \/>\n&#8211; Bitumengehalt mit dem NCAT-Ofen<br \/>\n&#8211; F\u00fcllgewicht &#8211; Versuche f\u00fcr Asphaltmischungen und bitumin\u00f6se Hei\u00dfbeschichtungen<br \/>\n&#8211; Bestimmung der Tragf\u00e4higkeit mit den Benkelman-Hebeln. Fundamentgrundversuche: Fundamente aus nat\u00fcrlichen oder k\u00fcnstlichen Gesteinsk\u00f6rnungen, Fundamente aus mechanisch stabilisierten B\u00f6den oder mit Bindemittel stabilisierten B\u00f6den<br \/>\n&#8211; Bestimmung der Abmessungen der Probek\u00f6rper<br \/>\n&#8211; Asphaltmischungen<br \/>\n&#8211; Bestimmung des Verdichtungsgrades des Asphaltmischgutes. Methode des Schlagverdichters<br \/>\n&#8211; Bestimmung des Verdichtungsgrades. Versuche f\u00fcr Stra\u00dfenschichten aus nat\u00fcrlichen Zuschlagstoffen oder mit B\u00f6den stabilisiert mit Puzzolan- oder Hydraulikbindemitteln<br \/>\n&#8211; Bestimmung der maximalen Volumenmasse von Asphaltmischungen<br \/>\n&#8211; Verdichtungsgrad &#8211; Versuche f\u00fcr nat\u00fcrliche Zuschlagstoffe<br \/>\n&#8211; Granularit\u00e4t. Fundamente aus nat\u00fcrlichen Zuschlagstoffen oder mechanisch stabilisierten B\u00f6den. Stra\u00dfenschichten aus nat\u00fcrlichen Zuschlagstoffen oder B\u00f6den stabilisiert mit Puzzolan- oder Hydraulikbindemitteln<br \/>\n&#8211; Volumengewicht. Methode mit Plastikfolie und Wasser<br \/>\n&#8211; Volumengewicht. Methode des Kegels mit Sandmethode<br \/>\n&#8211; Spurbildungspr\u00fcfung &#8211; Versuche f\u00fcr bitumin\u00f6se Asphaltmischungen und hei\u00dfe Asphaltmischungen<br \/>\n&#8211; Messung der Unebenheiten der Verschlei\u00dfschichten der Stra\u00dfendeckschichten<br \/>\n&#8211; Probenvorbereitung &#8211; Pr\u00fcfungen f\u00fcr bitumin\u00f6se Asphaltmischungen und hei\u00dfe Asphaltmischungen<br \/>\n&#8211; Vorbereitung und Herstellung der Probek\u00f6rper &#8211; Versuche f\u00fcr Stra\u00dfenschichten aus nat\u00fcrlichen Zuschlagstoffen oder B\u00f6den verfestigt mit Hydraulik- oder Puzzolanbindemitteln &#8211; Gemisch aus nat\u00fcrlichen Zuschlagstoffen oder Bodenbindemitteln und Wasser<br \/>\n&#8211; Probenahme &#8211; Pr\u00fcfungen f\u00fcr bitumin\u00f6se Asphaltmischungen und hei\u00dfe Bitumendeckschichten<br \/>\n&#8211; Vorbereitung der Asphaltmischung im Labor<br \/>\n&#8211; Herstellung der Mischung zur Bestimmung der Zusammensetzung. Versuche f\u00fcr Stra\u00dfenschichten aus nat\u00fcrlichen Zuschlagstoffen oder B\u00f6den verfestigt mit Hydraulik- oder Puzzolanbindemitteln<br \/>\n&#8211; Marshall \u2013 Stabilit\u00e4t und Kriechverhalten &#8211; Versuche f\u00fcr Asphaltmischungen und hei\u00dfe Bitumenschichten<br \/>\n&#8211; Temperatur &#8211; Versuche f\u00fcr Asphaltmischungen und hei\u00dfe Bitumenschichten<br \/>\n&#8211; Schellenberg &#8211; Test &#8211; Versuche f\u00fcr Asphaltmischungen und hei\u00dfe Bitumenschichten<br \/>\n&#8211; Feuchtigkeit &#8211; Versuche f\u00fcr Fundamente aus nat\u00fcrlichen Zuschlagstoffen<br \/>\n&#8211; Feuchtigkeit \u2013 Versuche f\u00fcr Stra\u00dfenschichten aus nat\u00fcrlichen Zuschlagstoffen oder B\u00f6den verfestigt mit Hydraulik- oder Puzzolanbindemitteln \u2013 Gemisch aus nat\u00fcrlichen Zuschlagstoffen oder B\u00f6den, Bindemitteln und Wasser<br \/>\n&#8211; Hohlraumvolumen &#8211; Versuche f\u00fcr Asphaltmischungen und hei\u00dfe Bitumenschichten<br \/>\n&#8211; Bestimmung des linearen Verformungsmoduls. Lukas-Platte<br \/>\n&#8211; Bestimmung des dynamischen Deformationsmoduls (Evd). Versuch mit der dynamischen Platte<br \/>\n<strong>GTF &#8211; Geotechnik und Fundamentboden<\/strong><br \/>\n&#8211; Verdichtungsmerkmale: Proctor Test<br \/>\n&#8211; Merkmale der kontraktilen B\u00f6den: freie Quellung<br \/>\n&#8211; Einstufung und Identifizierung der B\u00f6den<br \/>\n&#8211; Bodendichte<br \/>\n&#8211; Verdichtungsgrad<br \/>\n&#8211; Granularit\u00e4t: kombinierte Methode<br \/>\n&#8211; Volumengewicht<br \/>\n&#8211; Plastizit\u00e4tsgrenzen<br \/>\n&#8211; Organische Substanzen<br \/>\n&#8211; Probenahme von Bodenproben<br \/>\n&#8211; Feuchtigkeit<br \/>\n&#8211; Bestimmung der Frostempfindlichkeit der B\u00f6den<br \/>\n&#8211; Bestimmung der Permeabilit\u00e4t im Labor<br \/>\n<strong>MBM &#8211; Beton und M\u00f6rtelwerkstoffe<\/strong><br \/>\n&#8211; Herstellung von Probek\u00f6rpern &#8211; Physikalische Versuche f\u00fcr Zemente<br \/>\n&#8211; Humusgehalt &#8211; Versuche f\u00fcr nat\u00fcrliche Flusszuschlagstoffe<br \/>\n&#8211; K\u00f6rnungslinie &#8211; Versuche f\u00fcr nat\u00fcrliche Flusszuschlagstoffe<br \/>\n&#8211; Bestimmung des Aggregatformkoeffizienten<br \/>\n&#8211; Bestimmung der Volumenmasse und der intergranul\u00e4ren Porosit\u00e4t von Zuschlagstoffen<br \/>\n&#8211; Bestimmung der tats\u00e4chlichen Volumenmasse und des Wasserabsorptionskoeffizienten &#8211; Versuche f\u00fcr Zuschlagstoffe<br \/>\n&#8211; Bestimmung der Ring- und Nadelstabilit\u00e4t Le Chatelier &#8211; Versuche f\u00fcr Zement<br \/>\n&#8211; Bestimmung der Abbindungszeit &#8211; Versuche f\u00fcr Zement<br \/>\n&#8211; Probenahme von Betonproben<br \/>\n&#8211; Abfallanteile &#8211; Versuche f\u00fcr nat\u00fcrliche Flusszuschlagstoffe<br \/>\n&#8211; Mechanische Widerst\u00e4nde &#8211; Versuche f\u00fcr Zement<br \/>\n&#8211; Feuchtigkeit &#8211; Versuche f\u00fcr nat\u00fcrliche Flusszuschlagstoffe<br \/>\n&#8211; Humusgehalt<br \/>\n&#8211; Versuche zur Bestimmung der W\u00e4rme- und Alterungseigenschaften der Zuschlagstoffe. Testen mit Magnesiumsulfat<br \/>\n&#8211; Grobe Aggregatbest\u00e4ndigkeit gegen Gefrieren \/ Auftauen<br \/>\n<strong>MD \u2013 Stra\u00dfenmaterialien<\/strong><br \/>\n&#8211; Charakterisierung der sensorischen Eigenschaften. Versuche an Bitumen und bitumenhaltigen Bindemitteln<br \/>\n&#8211; Hydrophiler Koeffizient. Versuche auf Kalksteinf\u00fcller, Kreide, Kalkpulver<br \/>\n&#8211; Bitumengehalt. Versuche f\u00fcr Bitumenemulsionen<br \/>\n&#8211; F\u00fcllgewicht auf F\u00fcllstoff, Kreide, Kalkpulver<br \/>\n&#8211; Bestimmung der Volumenmasse bei 25 Grad Celsius (Produkte f\u00fcr Dehnungsf\u00fcllung)<br \/>\n&#8211; Bestimmung des pH-Wertes von Emulsionen<br \/>\n&#8211; Duktilit\u00e4t &#8211; Versuche f\u00fcr Bitumen und Wasserabdichtung<br \/>\n&#8211; Granularit\u00e4t &#8211; Versuche auf Kalksteinf\u00fcller, Kreide, Kalkpulver<br \/>\n&#8211; Homogenit\u00e4t &#8211; Versuche f\u00fcr Bitumenemulsionen<br \/>\n&#8211; Penetration &#8211; Versuche f\u00fcr Bitumen f\u00fcr Stra\u00dfenbau und Abdichtungen<br \/>\n&#8211; Probenahme &#8211; Versuche f\u00fcr Bitumen, bitumenhaltige Bindemittel und Emulsionen<br \/>\n&#8211; Erweichungspunkt &#8211; Versuche f\u00fcr Bitumen f\u00fcr Stra\u00dfenbau und Abdichtungen<br \/>\n&#8211; Bruchgrenze &#8211; Frass &#8211; Versuche f\u00fcr Bitumen und Abdichtungen<br \/>\n&#8211; Lagerstabilit\u00e4t &#8211; Versuche f\u00fcr Bitumenemulsionen<br \/>\n&#8211; Feuchtigkeit &#8211; Versuche auf Kalksteinf\u00fcller, Kreide, Kalkpulver<br \/>\n&#8211; Viskosit\u00e4t: Methode mit dem STV-Viskosimeter &#8211; Versuche f\u00fcr Bitumenemulsionen<br \/>\n&#8211; Bestimmung der elastischen R\u00fcckstellung von modifiziertem Bitumen &#8211; Versuche f\u00fcr Bitumen f\u00fcr Stra\u00dfenbau und Abdichtungen<br \/>\n&#8211; Bestimmung der Lagerstabilit\u00e4t von modifiziertem Bitumen<br \/>\n<strong>L INJ &#8211; Injektionsarbeiten<\/strong><br \/>\n&#8211; Bestimmung der Frischdichte von vorgespannten Ankerpasten<br \/>\n&#8211; Bestimmung der konischen Flie\u00dff\u00e4higkeit von vorgespannten Ankerpasten<br \/>\n&#8211; Bestimmung der Ausbreitung von vorgespannten Ankerpasten<br \/>\n&#8211; Bestimmung der Druckfestigkeit von vorgespannten Ankerpasten[\/vc_column_text][\/vc_tta_section][\/vc_tta_tabs][\/vc_column][\/vc_row]<\/p>\n","protected":false},"excerpt":{"rendered":"<p>[vc_row][vc_column][vc_custom_heading text=&#8221;Labor f\u00fcr Analyse und Pr\u00fcfung im Baubereich II. Grad &#8211; Euroconstruct Trading `98&#8243; use_theme_fonts=&#8221;yes&#8221; el_class=&#8221;title&#8221;][vc_tta_tabs][vc_tta_section title=&#8221;AUSR\u00dcSTUNGEN&#8221; tab_id=&#8221;1506511664311-9dcbe576-ab83&#8243;][vc_column_text]- Ausr\u00fcstung GRANDE CASE &#8211; Thermostatische Ausr\u00fcstung f\u00fcr die Sedimentation &#8211; Digitale Waage SARTORIUS 2200g &#8211; Bodenfeuchtigkeitsmesser &#8211; Mechanisch modifizierte Schublehre \u2013 &#8211; &hellip;<\/p>\n","protected":false},"author":1,"featured_media":0,"parent":2428,"menu_order":0,"comment_status":"closed","ping_status":"closed","template":"","meta":[],"yoast_head":"<!-- This site is optimized with the Yoast SEO plugin v16.1.1 - https:\/\/yoast.com\/wordpress\/plugins\/seo\/ -->\n<title>Labor f\u00fcr Analyse und Pr\u00fcfung im Baubereich II. Grad - Euroconstruct98<\/title>\n<link rel=\"canonical\" href=\"http:\/\/euroconstruct98.ro\/de\/labore\/labor-fuer-analyse-und-pruefung-im-baubereich-ii-grad\/\" \/>\n<meta property=\"og:locale\" content=\"de_DE\" \/>\n<meta property=\"og:type\" content=\"article\" \/>\n<meta property=\"og:title\" content=\"Labor f\u00fcr Analyse und Pr\u00fcfung im Baubereich II. Grad - Euroconstruct98\" \/>\n<meta property=\"og:description\" content=\"[vc_row][vc_column][vc_custom_heading text=&#8221;Labor f\u00fcr Analyse und Pr\u00fcfung im Baubereich II. Grad &#8211; Euroconstruct Trading `98&#8243; use_theme_fonts=&#8221;yes&#8221; el_class=&#8221;title&#8221;][vc_tta_tabs][vc_tta_section title=&#8221;AUSR\u00dcSTUNGEN&#8221; tab_id=&#8221;1506511664311-9dcbe576-ab83&#8243;][vc_column_text]- Ausr\u00fcstung GRANDE CASE &#8211; Thermostatische Ausr\u00fcstung f\u00fcr die Sedimentation &#8211; Digitale Waage SARTORIUS 2200g &#8211; Bodenfeuchtigkeitsmesser &#8211; Mechanisch modifizierte Schublehre \u2013 &#8211; &hellip;\" \/>\n<meta property=\"og:url\" content=\"http:\/\/euroconstruct98.ro\/de\/labore\/labor-fuer-analyse-und-pruefung-im-baubereich-ii-grad\/\" \/>\n<meta property=\"og:site_name\" content=\"Euroconstruct98\" \/>\n<meta name=\"twitter:card\" content=\"summary_large_image\" \/>\n<meta name=\"twitter:label1\" content=\"Gesch\u00e4tzte Lesezeit\">\n\t<meta name=\"twitter:data1\" content=\"7\u00a0Minuten\">\n<script type=\"application\/ld+json\" class=\"yoast-schema-graph\">{\"@context\":\"https:\/\/schema.org\",\"@graph\":[{\"@type\":\"WebSite\",\"@id\":\"http:\/\/euroconstruct98.ro\/#website\",\"url\":\"http:\/\/euroconstruct98.ro\/\",\"name\":\"Euroconstruct98\",\"description\":\"Just another WordPress site\",\"potentialAction\":[{\"@type\":\"SearchAction\",\"target\":\"http:\/\/euroconstruct98.ro\/?s={search_term_string}\",\"query-input\":\"required name=search_term_string\"}],\"inLanguage\":\"de-DE\"},{\"@type\":\"WebPage\",\"@id\":\"http:\/\/euroconstruct98.ro\/de\/labore\/labor-fuer-analyse-und-pruefung-im-baubereich-ii-grad\/#webpage\",\"url\":\"http:\/\/euroconstruct98.ro\/de\/labore\/labor-fuer-analyse-und-pruefung-im-baubereich-ii-grad\/\",\"name\":\"Labor f\\u00fcr Analyse und Pr\\u00fcfung im Baubereich II. Grad - Euroconstruct98\",\"isPartOf\":{\"@id\":\"http:\/\/euroconstruct98.ro\/#website\"},\"datePublished\":\"2017-12-12T12:09:41+00:00\",\"dateModified\":\"2017-12-12T12:09:41+00:00\",\"breadcrumb\":{\"@id\":\"http:\/\/euroconstruct98.ro\/de\/labore\/labor-fuer-analyse-und-pruefung-im-baubereich-ii-grad\/#breadcrumb\"},\"inLanguage\":\"de-DE\",\"potentialAction\":[{\"@type\":\"ReadAction\",\"target\":[\"http:\/\/euroconstruct98.ro\/de\/labore\/labor-fuer-analyse-und-pruefung-im-baubereich-ii-grad\/\"]}]},{\"@type\":\"BreadcrumbList\",\"@id\":\"http:\/\/euroconstruct98.ro\/de\/labore\/labor-fuer-analyse-und-pruefung-im-baubereich-ii-grad\/#breadcrumb\",\"itemListElement\":[{\"@type\":\"ListItem\",\"position\":1,\"item\":{\"@type\":\"WebPage\",\"@id\":\"https:\/\/euroconstruct98.ro\/de\/\",\"url\":\"https:\/\/euroconstruct98.ro\/de\/\",\"name\":\"Home\"}},{\"@type\":\"ListItem\",\"position\":2,\"item\":{\"@type\":\"WebPage\",\"@id\":\"http:\/\/euroconstruct98.ro\/de\/labore\/\",\"url\":\"http:\/\/euroconstruct98.ro\/de\/labore\/\",\"name\":\"Labore\"}},{\"@type\":\"ListItem\",\"position\":3,\"item\":{\"@type\":\"WebPage\",\"@id\":\"http:\/\/euroconstruct98.ro\/de\/labore\/labor-fuer-analyse-und-pruefung-im-baubereich-ii-grad\/\",\"url\":\"http:\/\/euroconstruct98.ro\/de\/labore\/labor-fuer-analyse-und-pruefung-im-baubereich-ii-grad\/\",\"name\":\"Labor f\\u00fcr Analyse und Pr\\u00fcfung im Baubereich II. Grad\"}}]}]}<\/script>\n<!-- \/ Yoast SEO plugin. -->","_links":{"self":[{"href":"https:\/\/euroconstruct98.ro\/de\/wp-json\/wp\/v2\/pages\/2431"}],"collection":[{"href":"https:\/\/euroconstruct98.ro\/de\/wp-json\/wp\/v2\/pages"}],"about":[{"href":"https:\/\/euroconstruct98.ro\/de\/wp-json\/wp\/v2\/types\/page"}],"author":[{"embeddable":true,"href":"https:\/\/euroconstruct98.ro\/de\/wp-json\/wp\/v2\/users\/1"}],"replies":[{"embeddable":true,"href":"https:\/\/euroconstruct98.ro\/de\/wp-json\/wp\/v2\/comments?post=2431"}],"version-history":[{"count":1,"href":"https:\/\/euroconstruct98.ro\/de\/wp-json\/wp\/v2\/pages\/2431\/revisions"}],"predecessor-version":[{"id":2432,"href":"https:\/\/euroconstruct98.ro\/de\/wp-json\/wp\/v2\/pages\/2431\/revisions\/2432"}],"up":[{"embeddable":true,"href":"https:\/\/euroconstruct98.ro\/de\/wp-json\/wp\/v2\/pages\/2428"}],"wp:attachment":[{"href":"https:\/\/euroconstruct98.ro\/de\/wp-json\/wp\/v2\/media?parent=2431"}],"curies":[{"name":"wp","href":"https:\/\/api.w.org\/{rel}","templated":true}]}}