{"id":2428,"date":"2017-12-12T12:05:43","date_gmt":"2017-12-12T12:05:43","guid":{"rendered":"http:\/\/euro.digiteria.ro\/?page_id=2428"},"modified":"2017-12-12T12:05:43","modified_gmt":"2017-12-12T12:05:43","slug":"labore","status":"publish","type":"page","link":"https:\/\/euroconstruct98.ro\/de\/labore\/","title":{"rendered":"Labore"},"content":{"rendered":"<p>[vc_row][vc_column][vc_custom_heading text=&#8221;Labore &#8211; Euroconstruct Trading `98&#8243; use_theme_fonts=&#8221;yes&#8221; el_class=&#8221;title&#8221;][\/vc_column][\/vc_row][vc_row][vc_column width=&#8221;2\/3&#8243;][vc_column_text]Jedes gro\u00dfes Infrastrukturunternehmen ist verpflichtet, im ihrem T\u00e4tigkeitsbereich Forschungs- und Innovationsarbeiten durchzuf\u00fchren um die Dienstleistungen nicht nur zu verbessern, sondern auch zu vereinfachen, unter die Entwicklung effizienter und umweltfreundlicher Technologien.<\/p>\n<p>Genau das machen wir. Im Laufe der Jahre haben wir stark in der Entwicklung von Planungs- und Forschungsarbeiten investiert, wobei wir in unserem Unternehmen die besten Fachleute in der Branche, mit denen wir zahlreiche Infrastrukturprojekte umsetzen, gebracht haben.<\/p>\n<p>Wir blicken zuverl\u00e4ssig auf die Zukunft und sind an s\u00e4mtlichen Teilen der Projekte, an denen wir teilnehmen, interessiert. Daher investiert Euro Construct Trading 98 st\u00e4ndig f\u00fcr den Erwerb der leistungsf\u00e4higsten Technologien, Ausr\u00fcstungen und Ger\u00e4te in den Bereichen, in denen wir t\u00e4tig sind, wobei wir st\u00e4ndig unser Labor verbessern, um uns zu verbessern und die Auftr\u00e4ge unserer Auftraggeber mit deren h\u00f6chsten Zufriedenheit umzusetzen.<\/p>\n<p>Euro Construct 98 verf\u00fcgt \u00fcber ein Labor zur Durchf\u00fchrung von Analysen und Teste im Baubereich, das durch ISC und AFER zugelassen ist. Die verf\u00fcgbaren Ausr\u00fcstungen erm\u00f6glichen uns, komplexe Analysen mit hoher Genauigkeit durchzuf\u00fchren, wobei die erhaltenen Angaben durch Pr\u00fcfberichte aufgenommen sind.[\/vc_column_text][\/vc_column][vc_column width=&#8221;1\/3&#8243;][vc_empty_space height=&#8221;22px&#8221;][vc_single_image image=&#8221;2141&#8243; img_size=&#8221;full&#8221; alignment=&#8221;center&#8221;][vc_empty_space height=&#8221;22px&#8221;][vc_single_image image=&#8221;2143&#8243; img_size=&#8221;full&#8221; alignment=&#8221;center&#8221;][\/vc_column][\/vc_row]<\/p>\n","protected":false},"excerpt":{"rendered":"<p>[vc_row][vc_column][vc_custom_heading text=&#8221;Labore &#8211; Euroconstruct Trading `98&#8243; use_theme_fonts=&#8221;yes&#8221; el_class=&#8221;title&#8221;][\/vc_column][\/vc_row][vc_row][vc_column width=&#8221;2\/3&#8243;][vc_column_text]Jedes gro\u00dfes Infrastrukturunternehmen ist verpflichtet, im ihrem T\u00e4tigkeitsbereich Forschungs- und Innovationsarbeiten durchzuf\u00fchren um die Dienstleistungen nicht nur zu verbessern, sondern auch zu vereinfachen, unter die Entwicklung effizienter und umweltfreundlicher Technologien. Genau das &hellip;<\/p>\n","protected":false},"author":1,"featured_media":0,"parent":0,"menu_order":0,"comment_status":"closed","ping_status":"closed","template":"","meta":[],"yoast_head":"<!-- This site is optimized with the Yoast SEO plugin v16.1.1 - https:\/\/yoast.com\/wordpress\/plugins\/seo\/ -->\n<title>Labore - Euroconstruct98<\/title>\n<link rel=\"canonical\" href=\"http:\/\/euroconstruct98.ro\/de\/labore\/\" \/>\n<meta property=\"og:locale\" content=\"de_DE\" \/>\n<meta property=\"og:type\" content=\"article\" \/>\n<meta property=\"og:title\" content=\"Labore - Euroconstruct98\" \/>\n<meta property=\"og:description\" content=\"[vc_row][vc_column][vc_custom_heading text=&#8221;Labore &#8211; Euroconstruct Trading `98&#8243; use_theme_fonts=&#8221;yes&#8221; el_class=&#8221;title&#8221;][\/vc_column][\/vc_row][vc_row][vc_column width=&#8221;2\/3&#8243;][vc_column_text]Jedes gro\u00dfes Infrastrukturunternehmen ist verpflichtet, im ihrem T\u00e4tigkeitsbereich Forschungs- und Innovationsarbeiten durchzuf\u00fchren um die Dienstleistungen nicht nur zu verbessern, sondern auch zu vereinfachen, unter die Entwicklung effizienter und umweltfreundlicher Technologien. Genau das &hellip;\" \/>\n<meta property=\"og:url\" content=\"http:\/\/euroconstruct98.ro\/de\/labore\/\" \/>\n<meta property=\"og:site_name\" content=\"Euroconstruct98\" \/>\n<meta name=\"twitter:card\" content=\"summary_large_image\" \/>\n<meta name=\"twitter:label1\" content=\"Gesch\u00e4tzte Lesezeit\">\n\t<meta name=\"twitter:data1\" content=\"1\u00a0Minute\">\n<script type=\"application\/ld+json\" class=\"yoast-schema-graph\">{\"@context\":\"https:\/\/schema.org\",\"@graph\":[{\"@type\":\"WebSite\",\"@id\":\"http:\/\/euroconstruct98.ro\/#website\",\"url\":\"http:\/\/euroconstruct98.ro\/\",\"name\":\"Euroconstruct98\",\"description\":\"Just another WordPress site\",\"potentialAction\":[{\"@type\":\"SearchAction\",\"target\":\"http:\/\/euroconstruct98.ro\/?s={search_term_string}\",\"query-input\":\"required name=search_term_string\"}],\"inLanguage\":\"de-DE\"},{\"@type\":\"WebPage\",\"@id\":\"http:\/\/euroconstruct98.ro\/de\/labore\/#webpage\",\"url\":\"http:\/\/euroconstruct98.ro\/de\/labore\/\",\"name\":\"Labore - Euroconstruct98\",\"isPartOf\":{\"@id\":\"http:\/\/euroconstruct98.ro\/#website\"},\"datePublished\":\"2017-12-12T12:05:43+00:00\",\"dateModified\":\"2017-12-12T12:05:43+00:00\",\"breadcrumb\":{\"@id\":\"http:\/\/euroconstruct98.ro\/de\/labore\/#breadcrumb\"},\"inLanguage\":\"de-DE\",\"potentialAction\":[{\"@type\":\"ReadAction\",\"target\":[\"http:\/\/euroconstruct98.ro\/de\/labore\/\"]}]},{\"@type\":\"BreadcrumbList\",\"@id\":\"http:\/\/euroconstruct98.ro\/de\/labore\/#breadcrumb\",\"itemListElement\":[{\"@type\":\"ListItem\",\"position\":1,\"item\":{\"@type\":\"WebPage\",\"@id\":\"https:\/\/euroconstruct98.ro\/de\/\",\"url\":\"https:\/\/euroconstruct98.ro\/de\/\",\"name\":\"Home\"}},{\"@type\":\"ListItem\",\"position\":2,\"item\":{\"@type\":\"WebPage\",\"@id\":\"http:\/\/euroconstruct98.ro\/de\/labore\/\",\"url\":\"http:\/\/euroconstruct98.ro\/de\/labore\/\",\"name\":\"Labore\"}}]}]}<\/script>\n<!-- \/ Yoast SEO plugin. -->","_links":{"self":[{"href":"https:\/\/euroconstruct98.ro\/de\/wp-json\/wp\/v2\/pages\/2428"}],"collection":[{"href":"https:\/\/euroconstruct98.ro\/de\/wp-json\/wp\/v2\/pages"}],"about":[{"href":"https:\/\/euroconstruct98.ro\/de\/wp-json\/wp\/v2\/types\/page"}],"author":[{"embeddable":true,"href":"https:\/\/euroconstruct98.ro\/de\/wp-json\/wp\/v2\/users\/1"}],"replies":[{"embeddable":true,"href":"https:\/\/euroconstruct98.ro\/de\/wp-json\/wp\/v2\/comments?post=2428"}],"version-history":[{"count":1,"href":"https:\/\/euroconstruct98.ro\/de\/wp-json\/wp\/v2\/pages\/2428\/revisions"}],"predecessor-version":[{"id":2429,"href":"https:\/\/euroconstruct98.ro\/de\/wp-json\/wp\/v2\/pages\/2428\/revisions\/2429"}],"wp:attachment":[{"href":"https:\/\/euroconstruct98.ro\/de\/wp-json\/wp\/v2\/media?parent=2428"}],"curies":[{"name":"wp","href":"https:\/\/api.w.org\/{rel}","templated":true}]}}