{"id":2426,"date":"2017-12-12T12:03:38","date_gmt":"2017-12-12T12:03:38","guid":{"rendered":"http:\/\/euro.digiteria.ro\/?page_id=2426"},"modified":"2017-12-12T12:03:38","modified_gmt":"2017-12-12T12:03:38","slug":"produktion","status":"publish","type":"page","link":"https:\/\/euroconstruct98.ro\/de\/produktion\/","title":{"rendered":"Produktion"},"content":{"rendered":"<p>[vc_row][vc_column][vc_custom_heading text=&#8221;Produktion &#8211; Euroconstruct Trading `98&#8243; use_theme_fonts=&#8221;yes&#8221; el_class=&#8221;title&#8221;][vc_column_text]SC EURO CONSTRUCT TRADING &#8217;98 S.R.L. verf\u00fcgt \u00fcber moderne technische Ausr\u00fcstungen, d.h. hochmoderne umweltfreundliche Produktionstechnik, kontrolliert und bedient durch Computer; unter den Referenzinvestitionen sind auch zwei Stationen f\u00fcr Asphaltmischungen zur Herstelljung aller Asphaltarten, die in verwendet werden, zugelassen aus technischer Hinsicht, zwei technisch zertifizierte Betonstationen, eine Bitumen-Emulsionsaufbereitungsstation und eine Bitumenmastix-Aufbereitungsstation.<\/p>\n<p>Alle Produkte sind homologiert und entsprechen den europ\u00e4ischen Standards in diesem Bereich.[\/vc_column_text][\/vc_column][\/vc_row][vc_row][vc_column width=&#8221;2\/3&#8243;][vc_column_text]<strong>1. Asphaltmischanlage Typ AMMANN MEA &#8211; Kapazit\u00e4t von 160 t \/ h<\/strong><\/p>\n<p>AMMANN Typ MEA-160<\/p>\n<p><strong>2. Mobile Anlage zur Bereitung von Asphaltgemischen BENNINGHOVEN Typ MBA 2500<\/strong> &#8211; Kapazit\u00e4t von 200 t \/ h<\/p>\n<p>Die beiden Stationen k\u00f6nnen eine sehr breite Palette von Asphaltgemischen, die den Bestimmungen der rum\u00e4nischen und der europ\u00e4ischen Normen entsprechen, produzieren.<\/p>\n<p>Arten von Asphaltmischungen:<\/p>\n<ul>\n<li>Asphaltbeton mit hohem Mastixgehalt: SMA16 50\/70 mit reinem Bitumen, mit Zuschlagstoffen oder ge\u00e4ndert f\u00fcr den Einsatz im Stra\u00dfenbau und anderen Stra\u00dfenverkehrsbereichen.<\/li>\n<li>Asphaltbeton Typ BA 8rul 50\/70; BA 16 rul 50\/70, BA 16 rul 50\/70 Code 06.001, BA 16 rul 50\/70 Code 07.001, BA 32 leg 50\/70, BA 32 basierend auf reinem Bitumen 50\/70, mit Zusatzstoffen oder ge\u00e4ndert, f\u00fcr den Einsatz im Stra\u00dfenbau und anderen Stra\u00dfenverkehrsbereichen.<\/li>\n<li>BA8 Typ Asphaltmischungen, BA16, BAR16, BAPC16, MASF8, MASF16, BAD25, BADPC25, BADPS25, AB1, AB2, MA8, BAP16 mit reinem Bitumen, Zuschlagstoffen oder ge\u00e4ndert;<\/li>\n<li>Asbesthaltige Bitumenmischung vom Typ MASBF;<\/li>\n<li>Bitumen und bitumenhaltige Bindemittel;<\/li>\n<\/ul>\n<p>[\/vc_column_text][\/vc_column][vc_column width=&#8221;1\/3&#8243;][vc_single_image image=&#8221;2105&#8243; img_size=&#8221;full&#8221; alignment=&#8221;center&#8221;][\/vc_column][\/vc_row][vc_row][vc_column width=&#8221;1\/3&#8243;][vc_single_image image=&#8221;2111&#8243; img_size=&#8221;full&#8221; alignment=&#8221;center&#8221;][\/vc_column][vc_column width=&#8221;2\/3&#8243;][vc_column_text]<strong>3. Mobiles Betonwerk LIEBHERR MOBILMIX 2,25R &#8211; 2 St\u00fcck<\/strong> -Kapazit\u00e4t von 100 m3 \/ h<\/p>\n<p>Unsere Produkte:<\/p>\n<ul>\n<li>Beton f\u00fcr in situ gegossene Konstruktionen und Fertigteile f\u00fcr Geb\u00e4ude und Industriebauten \u2013 Widerstandsklassen: C8 \/ 10; 12\/15; C16 \/ 20; C20 \/ 25; C25 \/ 30; C30 \/ 37; C35 \/ 45; C40 \/ 50.<\/li>\n<li>Stra\u00dfenbeton f\u00fcr Deckschichten f\u00fcr die Verkehrsfl\u00e4che: BcR 3,5; BcR 4.0; BcR 4,5; BcR 5.0.<\/li>\n<\/ul>\n<p>[\/vc_column_text][\/vc_column][\/vc_row][vc_row][vc_column][vc_column_text]<strong>4. Anlage zur Herstellung des bitumin\u00f6sen Mastixgemisches Modell GENESIS<\/strong><\/p>\n<p>-Kapazit\u00e4t von 150 kg \/ h<\/p>\n<p>Die bitumin\u00f6se Mastixstation ist f\u00fcr die Herstellung der Fugenf\u00fcllprodukte, die hei\u00df aufgetragen werden, Typ N1, die in einem freiwilligen System zertifiziert sind, bestimmt.<\/p>\n<p><strong>5. Bitumenemulsionsaufbereitungsanlage Modell GENESIS<\/strong><br \/>\n-Kapazit\u00e4t von 15 t \/ h<\/p>\n<p>Bitumenemulsionsaufbereitungsstation f\u00fcr Herstellung von kationischen Bitumenemulsionen Typ C60B2 bestimmt (EBCR60);<br \/>\nC65B2 (EBCR65) C65BP5 (EBmCL), die vor allem f\u00fcr die Anwendung von Kalttechnologien in Zusammenhang mit dem Bau, der Wartung und der Reparatur von Stra\u00dfen, Flughafenpisten und in anderen Bereichen mit zertifiziertem Verkehr im 2+ System verwendet wird.[\/vc_column_text][\/vc_column][\/vc_row][vc_row][vc_column][vc_custom_heading text=&#8221;Fotogalerie&#8221; use_theme_fonts=&#8221;yes&#8221; el_class=&#8221;title&#8221;][\/vc_column][\/vc_row][vc_row][vc_column width=&#8221;1\/3&#8243;][vc_single_image image=&#8221;2114&#8243; img_size=&#8221;full&#8221; alignment=&#8221;center&#8221; onclick=&#8221;link_image&#8221;][\/vc_column][vc_column width=&#8221;1\/3&#8243;][vc_single_image image=&#8221;2115&#8243; img_size=&#8221;full&#8221; alignment=&#8221;center&#8221; onclick=&#8221;link_image&#8221;][\/vc_column][vc_column width=&#8221;1\/3&#8243;][vc_single_image image=&#8221;2116&#8243; img_size=&#8221;full&#8221; alignment=&#8221;center&#8221; onclick=&#8221;link_image&#8221;][\/vc_column][\/vc_row]<\/p>\n","protected":false},"excerpt":{"rendered":"<p>[vc_row][vc_column][vc_custom_heading text=&#8221;Produktion &#8211; Euroconstruct Trading `98&#8243; use_theme_fonts=&#8221;yes&#8221; el_class=&#8221;title&#8221;][vc_column_text]SC EURO CONSTRUCT TRADING &#8217;98 S.R.L. verf\u00fcgt \u00fcber moderne technische Ausr\u00fcstungen, d.h. hochmoderne umweltfreundliche Produktionstechnik, kontrolliert und bedient durch Computer; unter den Referenzinvestitionen sind auch zwei Stationen f\u00fcr Asphaltmischungen zur Herstelljung aller Asphaltarten, &hellip;<\/p>\n","protected":false},"author":1,"featured_media":0,"parent":0,"menu_order":0,"comment_status":"closed","ping_status":"closed","template":"","meta":[],"yoast_head":"<!-- This site is optimized with the Yoast SEO plugin v16.1.1 - https:\/\/yoast.com\/wordpress\/plugins\/seo\/ -->\n<title>Produktion - Euroconstruct98<\/title>\n<link rel=\"canonical\" href=\"http:\/\/euroconstruct98.ro\/de\/produktion\/\" \/>\n<meta property=\"og:locale\" content=\"de_DE\" \/>\n<meta property=\"og:type\" content=\"article\" \/>\n<meta property=\"og:title\" content=\"Produktion - Euroconstruct98\" \/>\n<meta property=\"og:description\" content=\"[vc_row][vc_column][vc_custom_heading text=&#8221;Produktion &#8211; Euroconstruct Trading `98&#8243; use_theme_fonts=&#8221;yes&#8221; el_class=&#8221;title&#8221;][vc_column_text]SC EURO CONSTRUCT TRADING &#8217;98 S.R.L. verf\u00fcgt \u00fcber moderne technische Ausr\u00fcstungen, d.h. hochmoderne umweltfreundliche Produktionstechnik, kontrolliert und bedient durch Computer; unter den Referenzinvestitionen sind auch zwei Stationen f\u00fcr Asphaltmischungen zur Herstelljung aller Asphaltarten, &hellip;\" \/>\n<meta property=\"og:url\" content=\"http:\/\/euroconstruct98.ro\/de\/produktion\/\" \/>\n<meta property=\"og:site_name\" content=\"Euroconstruct98\" \/>\n<meta name=\"twitter:card\" content=\"summary_large_image\" \/>\n<meta name=\"twitter:label1\" content=\"Gesch\u00e4tzte Lesezeit\">\n\t<meta name=\"twitter:data1\" content=\"3\u00a0Minuten\">\n<script type=\"application\/ld+json\" class=\"yoast-schema-graph\">{\"@context\":\"https:\/\/schema.org\",\"@graph\":[{\"@type\":\"WebSite\",\"@id\":\"http:\/\/euroconstruct98.ro\/#website\",\"url\":\"http:\/\/euroconstruct98.ro\/\",\"name\":\"Euroconstruct98\",\"description\":\"Just another WordPress site\",\"potentialAction\":[{\"@type\":\"SearchAction\",\"target\":\"http:\/\/euroconstruct98.ro\/?s={search_term_string}\",\"query-input\":\"required name=search_term_string\"}],\"inLanguage\":\"de-DE\"},{\"@type\":\"WebPage\",\"@id\":\"http:\/\/euroconstruct98.ro\/de\/produktion\/#webpage\",\"url\":\"http:\/\/euroconstruct98.ro\/de\/produktion\/\",\"name\":\"Produktion - Euroconstruct98\",\"isPartOf\":{\"@id\":\"http:\/\/euroconstruct98.ro\/#website\"},\"datePublished\":\"2017-12-12T12:03:38+00:00\",\"dateModified\":\"2017-12-12T12:03:38+00:00\",\"breadcrumb\":{\"@id\":\"http:\/\/euroconstruct98.ro\/de\/produktion\/#breadcrumb\"},\"inLanguage\":\"de-DE\",\"potentialAction\":[{\"@type\":\"ReadAction\",\"target\":[\"http:\/\/euroconstruct98.ro\/de\/produktion\/\"]}]},{\"@type\":\"BreadcrumbList\",\"@id\":\"http:\/\/euroconstruct98.ro\/de\/produktion\/#breadcrumb\",\"itemListElement\":[{\"@type\":\"ListItem\",\"position\":1,\"item\":{\"@type\":\"WebPage\",\"@id\":\"https:\/\/euroconstruct98.ro\/de\/\",\"url\":\"https:\/\/euroconstruct98.ro\/de\/\",\"name\":\"Home\"}},{\"@type\":\"ListItem\",\"position\":2,\"item\":{\"@type\":\"WebPage\",\"@id\":\"http:\/\/euroconstruct98.ro\/de\/produktion\/\",\"url\":\"http:\/\/euroconstruct98.ro\/de\/produktion\/\",\"name\":\"Produktion\"}}]}]}<\/script>\n<!-- \/ Yoast SEO plugin. -->","_links":{"self":[{"href":"https:\/\/euroconstruct98.ro\/de\/wp-json\/wp\/v2\/pages\/2426"}],"collection":[{"href":"https:\/\/euroconstruct98.ro\/de\/wp-json\/wp\/v2\/pages"}],"about":[{"href":"https:\/\/euroconstruct98.ro\/de\/wp-json\/wp\/v2\/types\/page"}],"author":[{"embeddable":true,"href":"https:\/\/euroconstruct98.ro\/de\/wp-json\/wp\/v2\/users\/1"}],"replies":[{"embeddable":true,"href":"https:\/\/euroconstruct98.ro\/de\/wp-json\/wp\/v2\/comments?post=2426"}],"version-history":[{"count":1,"href":"https:\/\/euroconstruct98.ro\/de\/wp-json\/wp\/v2\/pages\/2426\/revisions"}],"predecessor-version":[{"id":2427,"href":"https:\/\/euroconstruct98.ro\/de\/wp-json\/wp\/v2\/pages\/2426\/revisions\/2427"}],"wp:attachment":[{"href":"https:\/\/euroconstruct98.ro\/de\/wp-json\/wp\/v2\/media?parent=2426"}],"curies":[{"name":"wp","href":"https:\/\/api.w.org\/{rel}","templated":true}]}}