{"id":2420,"date":"2017-12-12T11:55:43","date_gmt":"2017-12-12T11:55:43","guid":{"rendered":"http:\/\/euro.digiteria.ro\/?page_id=2420"},"modified":"2017-12-12T11:55:43","modified_gmt":"2017-12-12T11:55:43","slug":"leistungen","status":"publish","type":"page","link":"https:\/\/euroconstruct98.ro\/de\/umweltschutzarbeiten\/leistungen\/","title":{"rendered":"Leistungen"},"content":{"rendered":"<p>[vc_row][vc_column][vc_custom_heading text=&#8221;Umwelt und Dekontaminationsma\u00dfnahmen &#8211; Euroconstruct Trading `98&#8243; use_theme_fonts=&#8221;yes&#8221; el_class=&#8221;title&#8221;][\/vc_column][\/vc_row][vc_row][vc_column width=&#8221;2\/3&#8243;][vc_column_text]OMV PETROM Aushub \/ Behandlung \/ Entsorgung von rohem Slam und kontaminiertem Boden, Entsorgung von anderen gef\u00e4hrlichen und nicht gef\u00e4hrlichen Abf\u00e4llen<\/p>\n<p>C.A.N.D.N.R. Entsorgung der gef\u00e4hrlichen Abf\u00e4lle vom Standort (HCH) Autobahn Brasov-Cluj-Bors,<br \/>\nAushub \/ Transport \/ Behandlung \/ Entsorgung von gef\u00e4hrlichen und nicht gef\u00e4hrlichen Abf\u00e4llen<\/p>\n<p>LUKOIL-Aushub \/ Behandlung \/ Entsorgung von rohem Slam und kontaminiertem Boden, Entsorgung von anderen gef\u00e4hrlichen und nicht gef\u00e4hrlichen Abf\u00e4llen<\/p>\n<p>COMPANIA NA\u0162IONAL\u0102 DE C\u0102I FERATE &#8220;CFR&#8221; SA Dekontamination \/ Gleisanlagen \/ Lagerhallen<\/p>\n<p>APA NOVA BUCURESTI\u00a0 Behandlung \/ Transport \/ nicht gef\u00e4hrliche Abf\u00e4lle[\/vc_column_text][\/vc_column][vc_column width=&#8221;1\/3&#8243;][vc_empty_space height=&#8221;22px&#8221;][vc_single_image image=&#8221;2092&#8243; img_size=&#8221;full&#8221; alignment=&#8221;center&#8221;][\/vc_column][\/vc_row]<\/p>\n","protected":false},"excerpt":{"rendered":"<p>[vc_row][vc_column][vc_custom_heading text=&#8221;Umwelt und Dekontaminationsma\u00dfnahmen &#8211; Euroconstruct Trading `98&#8243; use_theme_fonts=&#8221;yes&#8221; el_class=&#8221;title&#8221;][\/vc_column][\/vc_row][vc_row][vc_column width=&#8221;2\/3&#8243;][vc_column_text]OMV PETROM Aushub \/ Behandlung \/ Entsorgung von rohem Slam und kontaminiertem Boden, Entsorgung von anderen gef\u00e4hrlichen und nicht gef\u00e4hrlichen Abf\u00e4llen C.A.N.D.N.R. Entsorgung der gef\u00e4hrlichen Abf\u00e4lle vom Standort (HCH) Autobahn &hellip;<\/p>\n","protected":false},"author":1,"featured_media":0,"parent":2416,"menu_order":0,"comment_status":"closed","ping_status":"closed","template":"","meta":[],"yoast_head":"<!-- This site is optimized with the Yoast SEO plugin v16.1.1 - https:\/\/yoast.com\/wordpress\/plugins\/seo\/ -->\n<title>Leistungen - Euroconstruct98<\/title>\n<link rel=\"canonical\" href=\"https:\/\/euroconstruct98.ro\/de\/umweltschutzarbeiten\/leistungen\/\" \/>\n<meta property=\"og:locale\" content=\"de_DE\" \/>\n<meta property=\"og:type\" content=\"article\" \/>\n<meta property=\"og:title\" content=\"Leistungen - Euroconstruct98\" \/>\n<meta property=\"og:description\" content=\"[vc_row][vc_column][vc_custom_heading text=&#8221;Umwelt und Dekontaminationsma\u00dfnahmen &#8211; Euroconstruct Trading `98&#8243; use_theme_fonts=&#8221;yes&#8221; el_class=&#8221;title&#8221;][\/vc_column][\/vc_row][vc_row][vc_column width=&#8221;2\/3&#8243;][vc_column_text]OMV PETROM Aushub \/ Behandlung \/ Entsorgung von rohem Slam und kontaminiertem Boden, Entsorgung von anderen gef\u00e4hrlichen und nicht gef\u00e4hrlichen Abf\u00e4llen C.A.N.D.N.R. Entsorgung der gef\u00e4hrlichen Abf\u00e4lle vom Standort (HCH) Autobahn &hellip;\" \/>\n<meta property=\"og:url\" content=\"https:\/\/euroconstruct98.ro\/de\/umweltschutzarbeiten\/leistungen\/\" \/>\n<meta property=\"og:site_name\" content=\"Euroconstruct98\" \/>\n<meta name=\"twitter:card\" content=\"summary_large_image\" \/>\n<meta name=\"twitter:label1\" content=\"Gesch\u00e4tzte Lesezeit\">\n\t<meta name=\"twitter:data1\" content=\"1\u00a0Minute\">\n<script type=\"application\/ld+json\" class=\"yoast-schema-graph\">{\"@context\":\"https:\/\/schema.org\",\"@graph\":[{\"@type\":\"WebSite\",\"@id\":\"http:\/\/euroconstruct98.ro\/#website\",\"url\":\"http:\/\/euroconstruct98.ro\/\",\"name\":\"Euroconstruct98\",\"description\":\"Just another WordPress site\",\"potentialAction\":[{\"@type\":\"SearchAction\",\"target\":\"http:\/\/euroconstruct98.ro\/?s={search_term_string}\",\"query-input\":\"required name=search_term_string\"}],\"inLanguage\":\"de-DE\"},{\"@type\":\"WebPage\",\"@id\":\"https:\/\/euroconstruct98.ro\/de\/umweltschutzarbeiten\/leistungen\/#webpage\",\"url\":\"https:\/\/euroconstruct98.ro\/de\/umweltschutzarbeiten\/leistungen\/\",\"name\":\"Leistungen - Euroconstruct98\",\"isPartOf\":{\"@id\":\"http:\/\/euroconstruct98.ro\/#website\"},\"datePublished\":\"2017-12-12T11:55:43+00:00\",\"dateModified\":\"2017-12-12T11:55:43+00:00\",\"breadcrumb\":{\"@id\":\"https:\/\/euroconstruct98.ro\/de\/umweltschutzarbeiten\/leistungen\/#breadcrumb\"},\"inLanguage\":\"de-DE\",\"potentialAction\":[{\"@type\":\"ReadAction\",\"target\":[\"https:\/\/euroconstruct98.ro\/de\/umweltschutzarbeiten\/leistungen\/\"]}]},{\"@type\":\"BreadcrumbList\",\"@id\":\"https:\/\/euroconstruct98.ro\/de\/umweltschutzarbeiten\/leistungen\/#breadcrumb\",\"itemListElement\":[{\"@type\":\"ListItem\",\"position\":1,\"item\":{\"@type\":\"WebPage\",\"@id\":\"https:\/\/euroconstruct98.ro\/de\/\",\"url\":\"https:\/\/euroconstruct98.ro\/de\/\",\"name\":\"Home\"}},{\"@type\":\"ListItem\",\"position\":2,\"item\":{\"@type\":\"WebPage\",\"@id\":\"http:\/\/euroconstruct98.ro\/de\/umweltschutzarbeiten\/\",\"url\":\"http:\/\/euroconstruct98.ro\/de\/umweltschutzarbeiten\/\",\"name\":\"Umweltschutzarbeiten\"}},{\"@type\":\"ListItem\",\"position\":3,\"item\":{\"@type\":\"WebPage\",\"@id\":\"https:\/\/euroconstruct98.ro\/de\/umweltschutzarbeiten\/leistungen\/\",\"url\":\"https:\/\/euroconstruct98.ro\/de\/umweltschutzarbeiten\/leistungen\/\",\"name\":\"Leistungen\"}}]}]}<\/script>\n<!-- \/ Yoast SEO plugin. -->","_links":{"self":[{"href":"https:\/\/euroconstruct98.ro\/de\/wp-json\/wp\/v2\/pages\/2420"}],"collection":[{"href":"https:\/\/euroconstruct98.ro\/de\/wp-json\/wp\/v2\/pages"}],"about":[{"href":"https:\/\/euroconstruct98.ro\/de\/wp-json\/wp\/v2\/types\/page"}],"author":[{"embeddable":true,"href":"https:\/\/euroconstruct98.ro\/de\/wp-json\/wp\/v2\/users\/1"}],"replies":[{"embeddable":true,"href":"https:\/\/euroconstruct98.ro\/de\/wp-json\/wp\/v2\/comments?post=2420"}],"version-history":[{"count":1,"href":"https:\/\/euroconstruct98.ro\/de\/wp-json\/wp\/v2\/pages\/2420\/revisions"}],"predecessor-version":[{"id":2421,"href":"https:\/\/euroconstruct98.ro\/de\/wp-json\/wp\/v2\/pages\/2420\/revisions\/2421"}],"up":[{"embeddable":true,"href":"https:\/\/euroconstruct98.ro\/de\/wp-json\/wp\/v2\/pages\/2416"}],"wp:attachment":[{"href":"https:\/\/euroconstruct98.ro\/de\/wp-json\/wp\/v2\/media?parent=2420"}],"curies":[{"name":"wp","href":"https:\/\/api.w.org\/{rel}","templated":true}]}}