{"id":2418,"date":"2017-12-12T11:52:52","date_gmt":"2017-12-12T11:52:52","guid":{"rendered":"http:\/\/euro.digiteria.ro\/?page_id=2418"},"modified":"2017-12-12T11:52:52","modified_gmt":"2017-12-12T11:52:52","slug":"anlagen-und-einrichtungen","status":"publish","type":"page","link":"https:\/\/euroconstruct98.ro\/de\/umweltschutzarbeiten\/anlagen-und-einrichtungen\/","title":{"rendered":"Anlagen und Einrichtungen"},"content":{"rendered":"<p>[vc_row][vc_column][vc_custom_heading text=&#8221;Anlagen und Einrichtungen &#8211; Euroconstruct Trading `98 &#8221; use_theme_fonts=&#8221;yes&#8221; el_class=&#8221;title&#8221;][vc_column_text]Aufgrund der Entwicklungspolitik des Unternehmens verf\u00fcgen wir \u00fcber zahlreiche Ger\u00e4te und Anlagen der neuesten Generation, die zahlreiche Umweltschutzarbeiten landesweit durchf\u00fchren k\u00f6nnen.<\/p>\n<p><strong>Zonaler Lager f\u00fcr die vor\u00fcbergehende Lagerung, Behandlung gef\u00e4hrlicher Abf\u00e4lle durch mechanische und chemische und biologische Methoden, aufgrund der Integrierten Umweltzulassung Nr. NV6 117 vom 18.10.2010:<\/strong><\/p>\n<ul>\n<li>Es wurde im Jahr 2009 in Betrieb genommen und verf\u00fcgt \u00fcber eine Speicherkapazit\u00e4t von 200.000 t;<\/li>\n<li>Die Lagerung kann lose oder verpackt erfolgen;<\/li>\n<li>Mit Betonplattformen mit Rinnen zur Aufnahme des Sickerwassers ausgestattet;<\/li>\n<li>Die Plattformen werden zur:\n<ul>\n<li>Aufnahme der Abf\u00e4lle verwendet;<\/li>\n<li>Isolierung von Abf\u00e4llen;<\/li>\n<li>Aufstellung der Abfallbehandlungsanlagen;<\/li>\n<li>Lagerung der Abf\u00e4lle f\u00fcr die zuk\u00fcnftige Behandlung;<\/li>\n<li>Lagerung der behandelten Abf\u00e4lle;<\/li>\n<\/ul>\n<\/li>\n<\/ul>\n<p>Das Lager verf\u00fcgt \u00fcber folgende Einrichtungen zur Abfallbehandlung:[\/vc_column_text][\/vc_column][\/vc_row][vc_row][vc_column width=&#8221;1\/3&#8243;][vc_single_image image=&#8221;2079&#8243; img_size=&#8221;262&#215;190&#8243; alignment=&#8221;center&#8221;][\/vc_column][vc_column width=&#8221;1\/3&#8243;][vc_single_image image=&#8221;2081&#8243; img_size=&#8221;full&#8221; alignment=&#8221;center&#8221;][\/vc_column][vc_column width=&#8221;1\/3&#8243;][vc_single_image image=&#8221;2082&#8243; img_size=&#8221;full&#8221; alignment=&#8221;center&#8221;][\/vc_column][\/vc_row][vc_row][vc_column][vc_column_text]<strong>Sortieranlage des kontaminierten Bodens Terex Finlay 683 SUPER TRACK &#8211; integrierte Umweltzulassung Nr. NV6 117 vom 18.10.2010.<\/strong><\/p>\n<p>Die Verarbeitungskapazit\u00e4t der beweglichen Abfallsortieranlage betr\u00e4gt 40-80 t \/ h; die bewegliche Sortieranlage Terex Finlay 683 SUPER TRACK Sortieranlage wurde zum Sieben (Gr\u00f6\u00dfentrennung) von festen Abf\u00e4llen, die mit inerten Materialien vermischt sind (Kies, Schlacke) oder denjenigen, die aus den Bau- oder Abbrucharbeiten stammen, zu deren Verwertung, verwendet.<\/p>\n<p>Durch Sortierung werden die Abf\u00e4lle f\u00fcr die sp\u00e4tere Behandlung in Anlagen oder durch Verbrennung, Mitverbrennung oder zur endg\u00fcltigen Lagerung konditioniert.<\/p>\n<p><strong>Anlage zur Sortierung der Grobfraktion Typ DOPPSTADT. Integrierte Umweltzulassung Nr. NV6 117 vom 18.10.2010.<\/strong><\/p>\n<p>Diese Einrichtung wird verwendet, um die verunreinigte Grobfraktion zu behandeln. Die Grobfraktion wird im Einf\u00fcllk\u00fcbel eingespeist wobei aus dem Einf\u00fcllk\u00fcbel das Material mit Hilfe des F\u00f6rderbands in einer geschlossenen Trommel mit Schikanen bef\u00f6rdert wird. Beim Eintritt in die Trommel wird das Material mit einem Wasserstrahl unter Druck gesetzt, wo die Mischung von verschmutztem Wasser und Grobfraktion einem Vermischungsverfahren durch Drehen der Trommel unterworfen werden. Das letzte Segment der Trommel hat einen gelochten Abschnitt, wo das bereits gewaschene Material einem endg\u00fcltigen Waschverfahren unter Druckstrahl unterzogen wird. Nachdem dieser Abschnitt passiert wird, erfolgt die Trennung des m\u00f6glicherweise gereinigten Materials vom verschmutzten Wasser- und Schlammgemisch. Das m\u00f6glicherweise gereinigte Material (Grobfraktion) wird auf der auf der hinteren Austragsband gesammelt und gespeichert. Das Polymer kann w\u00e4hrend dem Waschvorgang (je nach Verschmutzungsgrad) hinzugef\u00fcgt und tr\u00e4gt zur Dekontaminierung dieser Fraktion bei.<\/p>\n<p>Der Waschvorgang wird bei Bedarf angewendet, bis die verschmutzte Grobfraktion den gesetzlich vorgeschrieben Parametern entspricht, so dass diese als F\u00fcllstoff in weniger sensiblen Bereichen verwendet werden kann.<\/p>\n<p>Je nach Korngr\u00f6\u00dfe des verarbeiteten Materials liegt die Produktivit\u00e4t der Anlage zwischen 25 bis 35 t \/ h.<\/p>\n<p><strong>SVEDALA Anlage zum Waschen von kontaminierten B\u00f6den. Umweltzulassung Nr. 326 vom 22.07.2008, \u00fcberarbeitet am 10.09.2012<\/strong><\/p>\n<p>Die Anlage zur Behandlung der kontaminierten B\u00f6den wurde speziell zur Eliminierung der Schadstoffe wie \u00d6le, Kohlenwasserstoffe und Pflanzenschutzmittel, entwickelt.<\/p>\n<p>Die Anlage hat die M\u00f6glichkeit, 30 t \/ h kontaminierte B\u00f6den zu dekontaminieren.<\/p>\n<p>Infolge der Behandlungsverfahren entstehen Materialien mit einer Feuchtigkeit von 10-15% und ein Schlamm, der Verunreinigungen aus den Materialien, die in der Anlage eingebracht wurden, mit einer Feuchtigkeit von 50% enth\u00e4lt.<\/p>\n<p>In Abh\u00e4ngigkeit von der Schadstoffkonzentration k\u00f6nnen die Materialien<\/p>\n<ul>\n<li>in der Anlage erneut behandelt werden;<\/li>\n<li>in weniger empfindlichen Bereichen f\u00fcr den Bau verwertet werden, sofern sie den Anforderungen der geltenden Gesetzgebung entsprechen;<\/li>\n<\/ul>\n<p>Der Schlamm, der aus den Behandlungsverfahren entsteht, je nach Schadstoffkonzentration, wird wie folgt behandelt:<\/p>\n<ul>\n<li>Biosanierung &#8211; gefolgt von der Verwertung, unter Einhaltung der Bestimmungen der einschl\u00e4gigen Rechtsvorschriften;<\/li>\n<li>Entsorgung &#8211; Verbrennung \/ Mitverbrennung durch zugelassene Unternehmen.<\/li>\n<\/ul>\n<p>Das Prinzip des Anlagebetriebs ist, die verunreinigten Stoffe in einem hohen Fluss von verd\u00fcnnten w\u00e4ssrigen L\u00f6sungen, die Reinigungsmittel, Schaumstoffe, Emulgierung, und pH-Korrektur-Mittel enthalten, in Bewegung zu setzen.<\/p>\n<p>Das Gemisch aus kontaminiertem Boden und Wasser wird aufeinanderfolgender Verfahren zum Mischen, Sortieren, Behandlung und Flotation zur Trennung der verunreinigten Stoffe unterzogen.<\/p>\n<p>In den Endphasen des Prozesses werden die dekontaminierten B\u00f6den und mineralische Zuschlagstoffe, sowie der Schlamm mit Verunreinigungen durch Sortieranlage, die als Sieb ausgef\u00fchrt sind, d.h. rotierender Doppelsieb, woraus das Wasser in einem Anteil von \u00fcber 90% wieder in Umlauf gebracht wird, dehydratisiert.<\/p>\n<p>Die Anlage wird als Module, kompakt und f\u00fcr die Bef\u00f6rderung in den Bereichen, in denen die Abfallbehandlungsma\u00dfnahmen durchgef\u00fchrt werden, ausgef\u00fchrt.[\/vc_column_text][\/vc_column][\/vc_row][vc_row][vc_column width=&#8221;1\/3&#8243;][vc_single_image image=&#8221;2084&#8243; img_size=&#8221;409&#215;230&#8243; alignment=&#8221;center&#8221;][\/vc_column][vc_column width=&#8221;1\/3&#8243;][vc_single_image image=&#8221;2085&#8243; img_size=&#8221;full&#8221; alignment=&#8221;center&#8221;][\/vc_column][vc_column width=&#8221;1\/3&#8243;][vc_single_image image=&#8221;2088&#8243; img_size=&#8221;262&#215;157&#8243; alignment=&#8221;center&#8221;][\/vc_column][\/vc_row][vc_row][vc_column][vc_column_text]<strong>Abwasserbehandlungsanlage (Sickerwasser) Korte<\/strong><\/p>\n<p>Die Anlage wird zur Behandlung von kontaminiertem Wasser verwendet. Beim Verlassen der Kl\u00e4ranlage entsteht behandeltes Abwasser und Druckschlamm, der zur Lagerung oder Verbrennung zugeschickt wird.<\/p>\n<p>Die Hauptaktivit\u00e4ten im Rahmen der industriellen Abwasserbehandlung sind:<\/p>\n<ul>\n<li>Abwasserextraktion;<\/li>\n<li>Abwasserkonditionierung;<\/li>\n<li>Trennung von Fl\u00fcssigphasenkomponenten durch Flotation;<\/li>\n<li>Abwasserfilterung;<\/li>\n<li>Entw\u00e4sserung des Schlammes im Pressfilter;<\/li>\n<li>konsequente Lagerung des entstehenden Wassers und Schlammes.<\/li>\n<\/ul>\n<p><strong>Die mobile Anlage \u2013 auf Bahnlinie zum Waschen des festen Materials von den Bahngleisen; Die Anlage ist sowohl mit der Waschanlage, als auch mit der Dekontaminationsstation f\u00fcr Abwasser ausgestattet. Umweltzulassung Nr. 326 vom 22.07.2008, \u00fcberarbeitet am 10.09.2012<\/strong><\/p>\n<p><strong>Mobile Anlage zur Behandlung des kontaminierten Bahnschotters wurde speziell entwickelt, um die Verunreinigungen wie \u00d6le und Kohlenwasserstoffe zu entfernen.<\/strong><\/p>\n<p>Die Behandlungsvorg\u00e4nge haben zur Folge:<\/p>\n<ul>\n<li>Schotter mit einer Feuchtigkeit von 10-15%, der auf die Eisenbahn gelegt wird;<\/li>\n<li>Grober Schlamm mit Verunreinigungen entstanden aus der Steinw\u00e4sche in den Anlagen;<\/li>\n<li>ein feiner Schlamm entstanden aus der Abwasserbehandlung.<\/li>\n<\/ul>\n<p>Abh\u00e4ngig von der Konzentration der Schadstoffe kann der resultierende Schlamm wie folgt sein:<\/p>\n<ul>\n<li>behandelt durch Bioreinigung mit anschlie\u00dfender Verwertung, unter Einhaltung der einschl\u00e4gigen Rechtsvorschriften;<\/li>\n<li>f\u00fcr Bauarbeiten in weniger sensiblen Bereichen verwendet, sofern die Anforderungen der geltenden Rechtsvorschriften eingehalten sind;<\/li>\n<li>beseitigt durch: Verbrennung, Mitverbrennung oder Endlagerung durch zugelassene Unternehmen.<\/li>\n<\/ul>\n<p>Das Prinzip des Anlagebetriebs ist, die verunreinigten Stoffe in einem hohen Fluss von verd\u00fcnnten w\u00e4ssrigen L\u00f6sungen, die Reinigungsmittel, Schaumstoffe, Emulgierung, und pH-Korrektur-Mittel enthalten, in Bewegung zu setzen.<\/p>\n<p>Das Gemisch aus kontaminiertem Boden und Wasser wird aufeinanderfolgender Verfahren zum Mischen, Sortieren und Behandlung zur Trennung der verunreinigten Stoffe unterzogen.<\/p>\n<p>Die Anlage ist auf einer Bahnwagenplattform aufgestellt, ist kompakt und f\u00fcr die Bef\u00f6rderung in den Bereichen, in denen die Behandlung des Schotters erfolgt, entwickelt.<\/p>\n<p><strong>Mobile Sortieranlage TEREX FINLAY 694 HIDRASCREEN Umweltzulassung Nr. 40 vom 22.07.2013 \u00fcberarbeitet am 19.03.2015, \u00fcberarbeitet am 28.01.2016, aktualisiert am 16.06.2017.<\/strong><\/p>\n<p>Die mobile Sortieranlage Terex Finlay 694 HIDRASCREEN wurde f\u00fcr feste Abf\u00e4lle, gemischt mit inerten Materialien (Kies, Schlacke) oder f\u00fcr diejenigen, die aus den Bau- oder Abbrucharbeiten entstehen, verwendet.<\/p>\n<p>Die Verarbeitungskapazit\u00e4t der mobilen Abfallsortieranlage betr\u00e4gt 100 m3 \/ h;<\/p>\n<p>Durch Sortierung werden die Abf\u00e4lle f\u00fcr die nachtr\u00e4gliche Behandlung in Anlagen oder zur Entsorgung durch Verbrennung, Mitverbrennung oder zur endg\u00fcltigen Lagerung konditioniert.<\/p>\n<p><strong>Bewegliche Abfallbehandlungsanlage von Backhus durch Bioreinigung<\/strong><\/p>\n<p>Die bewegliche Anlage Bacchus zur Abfallbehandlung durch Bioreinigung ist zur Behandlung von B\u00f6den, verunreinigt mit chlororganischen Pestiziden oder Erd\u00f6lprodukten, verwendet.<\/p>\n<p>Die Verarbeitungskapazit\u00e4t der Anlage betr\u00e4gt 2000 t \/ h<\/p>\n<p>Nach der biologischen Sanierung werden Bodenabf\u00e4lle als Stra\u00dfenf\u00fcllmaterial oder in den weniger sensiblen Bereichen als Ausgleichsmaterial eingesetzt.<\/p>\n<p><strong>Bef\u00f6rderung gef\u00e4hrlicher G\u00fcter und Abf\u00e4lle Umweltzulassung Nr. 40 vom 22.07.2013 \u00fcberarbeitet am 19.03.2015, \u00fcberarbeitet am 28.01.2016, \u00fcberarbeitet am 16.06.2017,<\/strong><\/p>\n<p><strong>Die Bef\u00f6rderung der gef\u00e4hrlichen und nicht gef\u00e4hrlichen Abf\u00e4lle erfolgt in integriertem Managementsystem, zertifiziert nach SR EN ISO 9001, SR EN ISO 14001 \u015fi SR OHSAS 18001.<\/strong><\/p>\n<p>Unser Unternehmen ist f\u00fcr den \u00f6ffentlichen Stra\u00dfenverkehr gef\u00e4hrlicher G\u00fcter und Abf\u00e4lle, f\u00fcr Transportmittel, sowie f\u00fcr spezialisierte Fahrer, zugelassen zur Bef\u00f6rderung von gef\u00e4hrlichen Abf\u00e4llen, lizenziert.<\/p>\n<p>Der Abfalltransport wird mit den bereitgestellten Fahrzeugen, gem\u00e4\u00df den Bestimmungen des Regierungsbeschlusses Nr. 1061\/2008 \u00fcber den Transport von gef\u00e4hrlichen und nicht gef\u00e4hrlichen Abf\u00e4llen auf dem Gebiet Rum\u00e4niens, durchgef\u00fchrt.<\/p>\n<p>Die Fahrzeuge, bestehend aus Sattelzugmaschine mit Sattelauflieger mit Plane abgedeckt, sowie die Fahrzeuge der Art (8 \u00d7 4) sind f\u00fcr die Bef\u00f6rderung von verpackten gef\u00e4hrlichen und nicht gef\u00e4hrlichen Abf\u00e4llen (in Kollis) zugelassen. Die Kippfahrzeuge sind auch f\u00fcr den Massenguttransport zugelassen.<\/p>\n<p>Die Flotte des Unternehmens besteht aus Fahrzeugen mit verschiedenen Kapazit\u00e4ten (1,5 Tonnen, 3,5 Tonnen,&gt; 7,5 Tonnen). Die Wahl der Fahrzeugart zur Erf\u00fcllung eines Auftrags zur Sammlung und Bef\u00f6rderung wird durch den Kolonnenleiter, abh\u00e4ngig von der Menge der zu sammelnden Abf\u00e4lle und von den Gewichtsbeschr\u00e4nkungen (falls vorhanden) auf dem Stra\u00dfenabschnitt, worauf das Fahrzeug fahren muss, entschieden.<\/p>\n<p>Die Transportstrecken sind wie folgt festgelegt:<\/p>\n<ul>\n<li>Wenn gef\u00e4hrliche Abf\u00e4lle zu bef\u00f6rdern sind, werden die Transportstrecken durch das Inspektorat f\u00fcr Notf\u00e4lle innerhalb des Kreises, in dem der Inhaber des Abfalls seinen Sitz hat und aufgrund der Angaben im Formblatt zur Genehmigung der Bef\u00f6rderung der gef\u00e4hrliche Abf\u00e4llen (Anhang 1 zum Regierungsbeschluss 1061\/2008), festgelegt. Es gibt eine Haupt- und eine Nebenstrecke (Umfahrung);<\/li>\n<li>Beim der Bef\u00f6rderung von nicht gef\u00e4hrlichen Abf\u00e4llen wird die Transportstrecke intern durch den Kolonnenleiter, unter Einhaltung der Verkehrs- und der Gewichtseinschr\u00e4nkungen, die auf den \u00f6ffentlichen Stra\u00dfen anwendbar sind, bestimmt.<\/li>\n<\/ul>\n<p>[\/vc_column_text][\/vc_column][\/vc_row]<\/p>\n","protected":false},"excerpt":{"rendered":"<p>[vc_row][vc_column][vc_custom_heading text=&#8221;Anlagen und Einrichtungen &#8211; Euroconstruct Trading `98 &#8221; use_theme_fonts=&#8221;yes&#8221; el_class=&#8221;title&#8221;][vc_column_text]Aufgrund der Entwicklungspolitik des Unternehmens verf\u00fcgen wir \u00fcber zahlreiche Ger\u00e4te und Anlagen der neuesten Generation, die zahlreiche Umweltschutzarbeiten landesweit durchf\u00fchren k\u00f6nnen. Zonaler Lager f\u00fcr die vor\u00fcbergehende Lagerung, Behandlung gef\u00e4hrlicher Abf\u00e4lle &hellip;<\/p>\n","protected":false},"author":1,"featured_media":0,"parent":2416,"menu_order":0,"comment_status":"closed","ping_status":"closed","template":"","meta":[],"yoast_head":"<!-- This site is optimized with the Yoast SEO plugin v16.1.1 - https:\/\/yoast.com\/wordpress\/plugins\/seo\/ -->\n<title>Anlagen und Einrichtungen - Euroconstruct98<\/title>\n<link rel=\"canonical\" href=\"http:\/\/euroconstruct98.ro\/de\/umweltschutzarbeiten\/anlagen-und-einrichtungen\/\" \/>\n<meta property=\"og:locale\" content=\"de_DE\" \/>\n<meta property=\"og:type\" content=\"article\" \/>\n<meta property=\"og:title\" content=\"Anlagen und Einrichtungen - Euroconstruct98\" \/>\n<meta property=\"og:description\" content=\"[vc_row][vc_column][vc_custom_heading text=&#8221;Anlagen und Einrichtungen &#8211; Euroconstruct Trading `98 &#8221; use_theme_fonts=&#8221;yes&#8221; el_class=&#8221;title&#8221;][vc_column_text]Aufgrund der Entwicklungspolitik des Unternehmens verf\u00fcgen wir \u00fcber zahlreiche Ger\u00e4te und Anlagen der neuesten Generation, die zahlreiche Umweltschutzarbeiten landesweit durchf\u00fchren k\u00f6nnen. Zonaler Lager f\u00fcr die vor\u00fcbergehende Lagerung, Behandlung gef\u00e4hrlicher Abf\u00e4lle &hellip;\" \/>\n<meta property=\"og:url\" content=\"http:\/\/euroconstruct98.ro\/de\/umweltschutzarbeiten\/anlagen-und-einrichtungen\/\" \/>\n<meta property=\"og:site_name\" content=\"Euroconstruct98\" \/>\n<meta name=\"twitter:card\" content=\"summary_large_image\" \/>\n<meta name=\"twitter:label1\" content=\"Gesch\u00e4tzte Lesezeit\">\n\t<meta name=\"twitter:data1\" content=\"8\u00a0Minuten\">\n<script type=\"application\/ld+json\" class=\"yoast-schema-graph\">{\"@context\":\"https:\/\/schema.org\",\"@graph\":[{\"@type\":\"WebSite\",\"@id\":\"http:\/\/euroconstruct98.ro\/#website\",\"url\":\"http:\/\/euroconstruct98.ro\/\",\"name\":\"Euroconstruct98\",\"description\":\"Just another WordPress site\",\"potentialAction\":[{\"@type\":\"SearchAction\",\"target\":\"http:\/\/euroconstruct98.ro\/?s={search_term_string}\",\"query-input\":\"required name=search_term_string\"}],\"inLanguage\":\"de-DE\"},{\"@type\":\"WebPage\",\"@id\":\"http:\/\/euroconstruct98.ro\/de\/umweltschutzarbeiten\/anlagen-und-einrichtungen\/#webpage\",\"url\":\"http:\/\/euroconstruct98.ro\/de\/umweltschutzarbeiten\/anlagen-und-einrichtungen\/\",\"name\":\"Anlagen und Einrichtungen - Euroconstruct98\",\"isPartOf\":{\"@id\":\"http:\/\/euroconstruct98.ro\/#website\"},\"datePublished\":\"2017-12-12T11:52:52+00:00\",\"dateModified\":\"2017-12-12T11:52:52+00:00\",\"breadcrumb\":{\"@id\":\"http:\/\/euroconstruct98.ro\/de\/umweltschutzarbeiten\/anlagen-und-einrichtungen\/#breadcrumb\"},\"inLanguage\":\"de-DE\",\"potentialAction\":[{\"@type\":\"ReadAction\",\"target\":[\"http:\/\/euroconstruct98.ro\/de\/umweltschutzarbeiten\/anlagen-und-einrichtungen\/\"]}]},{\"@type\":\"BreadcrumbList\",\"@id\":\"http:\/\/euroconstruct98.ro\/de\/umweltschutzarbeiten\/anlagen-und-einrichtungen\/#breadcrumb\",\"itemListElement\":[{\"@type\":\"ListItem\",\"position\":1,\"item\":{\"@type\":\"WebPage\",\"@id\":\"https:\/\/euroconstruct98.ro\/de\/\",\"url\":\"https:\/\/euroconstruct98.ro\/de\/\",\"name\":\"Home\"}},{\"@type\":\"ListItem\",\"position\":2,\"item\":{\"@type\":\"WebPage\",\"@id\":\"http:\/\/euroconstruct98.ro\/de\/umweltschutzarbeiten\/\",\"url\":\"http:\/\/euroconstruct98.ro\/de\/umweltschutzarbeiten\/\",\"name\":\"Umweltschutzarbeiten\"}},{\"@type\":\"ListItem\",\"position\":3,\"item\":{\"@type\":\"WebPage\",\"@id\":\"http:\/\/euroconstruct98.ro\/de\/umweltschutzarbeiten\/anlagen-und-einrichtungen\/\",\"url\":\"http:\/\/euroconstruct98.ro\/de\/umweltschutzarbeiten\/anlagen-und-einrichtungen\/\",\"name\":\"Anlagen und Einrichtungen\"}}]}]}<\/script>\n<!-- \/ Yoast SEO plugin. -->","_links":{"self":[{"href":"https:\/\/euroconstruct98.ro\/de\/wp-json\/wp\/v2\/pages\/2418"}],"collection":[{"href":"https:\/\/euroconstruct98.ro\/de\/wp-json\/wp\/v2\/pages"}],"about":[{"href":"https:\/\/euroconstruct98.ro\/de\/wp-json\/wp\/v2\/types\/page"}],"author":[{"embeddable":true,"href":"https:\/\/euroconstruct98.ro\/de\/wp-json\/wp\/v2\/users\/1"}],"replies":[{"embeddable":true,"href":"https:\/\/euroconstruct98.ro\/de\/wp-json\/wp\/v2\/comments?post=2418"}],"version-history":[{"count":1,"href":"https:\/\/euroconstruct98.ro\/de\/wp-json\/wp\/v2\/pages\/2418\/revisions"}],"predecessor-version":[{"id":2419,"href":"https:\/\/euroconstruct98.ro\/de\/wp-json\/wp\/v2\/pages\/2418\/revisions\/2419"}],"up":[{"embeddable":true,"href":"https:\/\/euroconstruct98.ro\/de\/wp-json\/wp\/v2\/pages\/2416"}],"wp:attachment":[{"href":"https:\/\/euroconstruct98.ro\/de\/wp-json\/wp\/v2\/media?parent=2418"}],"curies":[{"name":"wp","href":"https:\/\/api.w.org\/{rel}","templated":true}]}}