{"id":2416,"date":"2017-12-12T11:43:43","date_gmt":"2017-12-12T11:43:43","guid":{"rendered":"http:\/\/euro.digiteria.ro\/?page_id=2416"},"modified":"2017-12-12T11:43:43","modified_gmt":"2017-12-12T11:43:43","slug":"umweltschutzarbeiten","status":"publish","type":"page","link":"https:\/\/euroconstruct98.ro\/de\/umweltschutzarbeiten\/","title":{"rendered":"Umweltschutzarbeiten"},"content":{"rendered":"<p>[vc_row][vc_column][vc_custom_heading text=&#8221;Umweltschutzarbeiten &#8211; Euroconstruct Trading `98 &#8221; use_theme_fonts=&#8221;yes&#8221; el_class=&#8221;title&#8221;][\/vc_column][\/vc_row][vc_row][vc_column width=&#8221;2\/3&#8243;][vc_column_text]Euro Construct Trading 98 ist ein nach ISO 9001 und ISO 14001 zertifiziertes Unternehmen, das ein breites Angebot von Umweltschutzma\u00dfnahmen durchf\u00fchrt. Mit Hilfe unserer qualifizierten Mitarbeiter mit langj\u00e4hriger Erfahrung k\u00f6nnen wir gro\u00dfe Projekte rechtzeitig, in \u00dcbereinstimmung mit den einschl\u00e4gigen gesetzlichen Anforderungen, die im Bereich anwendbar sind, abschlie\u00dfen.<\/p>\n<p>Mit unserer Forschungs- und Entwicklungsarbeit f\u00fchrt unser Unternehmen die notwendigen Ma\u00dfnahmen durch, um neue Technologien zu entwickeln, den h\u00f6chsten Anforderungen unserer Kunden gerecht zu werden, so dass die Firma Euro Construct Trading 98 der ideale Partner ist.[\/vc_column_text][\/vc_column][vc_column width=&#8221;1\/3&#8243;][vc_single_image image=&#8221;2073&#8243; img_size=&#8221;full&#8221; alignment=&#8221;center&#8221;][\/vc_column][\/vc_row][vc_row][vc_column][vc_column_text]Unser Ziel lautet, eine f\u00fchrende Stelle im Gebiet durch Umsetzung innovativer und kreativer L\u00f6sungen und durch kontinuierliche Verbesserung unserer Leistungen, unter der Anwendung der besten verf\u00fcgbaren Techniken, zu \u00fcbernehmen.<\/p>\n<p>Euro Construct Trading&#8217;98 SRL hat sich als T\u00e4tigkeitsbranche mit Dienstleistungen zur Dekontaminierung der hohen Verschmutzungen entwickelt f\u00fcr:<\/p>\n<ul>\n<li>Boden verunreinigt mit Erd\u00f6lprodukten durch thermische Desorption und Zentrifugation (zur R\u00fcckgewinnung von \u00d6lprodukten);<\/li>\n<li>B\u00f6den durch mechanische und biologische Sanierungsmethoden;<\/li>\n<li>\u00d6kologisierung von historisch und zuf\u00e4llig verschmutzten Gebieten;<\/li>\n<\/ul>\n<p>[\/vc_column_text][\/vc_column][\/vc_row][vc_row][vc_column width=&#8221;1\/3&#8243;][vc_single_image image=&#8221;2198&#8243; img_size=&#8221;full&#8221; alignment=&#8221;center&#8221;][\/vc_column][vc_column width=&#8221;2\/3&#8243;][vc_column_text]Tratarea, transportul in vederea valorificarii\/eliminarii finale a deseurilor industriale\u00a0periculoase si nepericuloase.<br \/>\nProcesarea namolurilor provenite de la statiile de epurare industriale cu instalatii fixe sau mobile.<br \/>\nDecontaminarea instalatiilor industriale si amplasamentelor acestora si eliminarea deseurilor periculoase rezultate.[\/vc_column_text][\/vc_column][\/vc_row][vc_row][vc_column][vc_column_text]Politica de mediu are la baza urmatoarele elemente:<\/p>\n<ul>\n<li>Respecta standardele de bune practici in inginerie \u0219i principiile de gestionare a riscurilor pentru a se asigura ca activit\u0103\u021bile Euro Construct Trading 98 \u201cde protec\u021bie a mediului sunt efectuate \u00een mod responsabil.<\/li>\n<li>Integrarea protec\u021biei mediului \u00een fiecare aspect al afacerii sale.<\/li>\n<li>Lucru pro-activ cu agen\u021biile guvernamentale adecvate pentru a asigura solu\u021bii eficiente \u00een timp util, rezonabile la costuri cat mai scazute.<\/li>\n<li>Conservarea resurselor naturale prin gestionarea atent\u0103 a emisiilor \u0219i evacu\u0103rilor, \u0219i prin minimizarea gener\u0103rii de\u0219eurilor<\/li>\n<\/ul>\n<p>[\/vc_column_text][\/vc_column][\/vc_row]<\/p>\n","protected":false},"excerpt":{"rendered":"<p>[vc_row][vc_column][vc_custom_heading text=&#8221;Umweltschutzarbeiten &#8211; Euroconstruct Trading `98 &#8221; use_theme_fonts=&#8221;yes&#8221; el_class=&#8221;title&#8221;][\/vc_column][\/vc_row][vc_row][vc_column width=&#8221;2\/3&#8243;][vc_column_text]Euro Construct Trading 98 ist ein nach ISO 9001 und ISO 14001 zertifiziertes Unternehmen, das ein breites Angebot von Umweltschutzma\u00dfnahmen durchf\u00fchrt. Mit Hilfe unserer qualifizierten Mitarbeiter mit langj\u00e4hriger Erfahrung k\u00f6nnen wir &hellip;<\/p>\n","protected":false},"author":1,"featured_media":0,"parent":0,"menu_order":0,"comment_status":"closed","ping_status":"closed","template":"","meta":[],"yoast_head":"<!-- This site is optimized with the Yoast SEO plugin v16.1.1 - https:\/\/yoast.com\/wordpress\/plugins\/seo\/ -->\n<title>Umweltschutzarbeiten - Euroconstruct98<\/title>\n<link rel=\"canonical\" href=\"http:\/\/euroconstruct98.ro\/de\/umweltschutzarbeiten\/\" \/>\n<meta property=\"og:locale\" content=\"de_DE\" \/>\n<meta property=\"og:type\" content=\"article\" \/>\n<meta property=\"og:title\" content=\"Umweltschutzarbeiten - Euroconstruct98\" \/>\n<meta property=\"og:description\" content=\"[vc_row][vc_column][vc_custom_heading text=&#8221;Umweltschutzarbeiten &#8211; Euroconstruct Trading `98 &#8221; use_theme_fonts=&#8221;yes&#8221; el_class=&#8221;title&#8221;][\/vc_column][\/vc_row][vc_row][vc_column width=&#8221;2\/3&#8243;][vc_column_text]Euro Construct Trading 98 ist ein nach ISO 9001 und ISO 14001 zertifiziertes Unternehmen, das ein breites Angebot von Umweltschutzma\u00dfnahmen durchf\u00fchrt. Mit Hilfe unserer qualifizierten Mitarbeiter mit langj\u00e4hriger Erfahrung k\u00f6nnen wir &hellip;\" \/>\n<meta property=\"og:url\" content=\"http:\/\/euroconstruct98.ro\/de\/umweltschutzarbeiten\/\" \/>\n<meta property=\"og:site_name\" content=\"Euroconstruct98\" \/>\n<meta name=\"twitter:card\" content=\"summary_large_image\" \/>\n<meta name=\"twitter:label1\" content=\"Gesch\u00e4tzte Lesezeit\">\n\t<meta name=\"twitter:data1\" content=\"2\u00a0Minuten\">\n<script type=\"application\/ld+json\" class=\"yoast-schema-graph\">{\"@context\":\"https:\/\/schema.org\",\"@graph\":[{\"@type\":\"WebSite\",\"@id\":\"http:\/\/euroconstruct98.ro\/#website\",\"url\":\"http:\/\/euroconstruct98.ro\/\",\"name\":\"Euroconstruct98\",\"description\":\"Just another WordPress site\",\"potentialAction\":[{\"@type\":\"SearchAction\",\"target\":\"http:\/\/euroconstruct98.ro\/?s={search_term_string}\",\"query-input\":\"required name=search_term_string\"}],\"inLanguage\":\"de-DE\"},{\"@type\":\"WebPage\",\"@id\":\"http:\/\/euroconstruct98.ro\/de\/umweltschutzarbeiten\/#webpage\",\"url\":\"http:\/\/euroconstruct98.ro\/de\/umweltschutzarbeiten\/\",\"name\":\"Umweltschutzarbeiten - Euroconstruct98\",\"isPartOf\":{\"@id\":\"http:\/\/euroconstruct98.ro\/#website\"},\"datePublished\":\"2017-12-12T11:43:43+00:00\",\"dateModified\":\"2017-12-12T11:43:43+00:00\",\"breadcrumb\":{\"@id\":\"http:\/\/euroconstruct98.ro\/de\/umweltschutzarbeiten\/#breadcrumb\"},\"inLanguage\":\"de-DE\",\"potentialAction\":[{\"@type\":\"ReadAction\",\"target\":[\"http:\/\/euroconstruct98.ro\/de\/umweltschutzarbeiten\/\"]}]},{\"@type\":\"BreadcrumbList\",\"@id\":\"http:\/\/euroconstruct98.ro\/de\/umweltschutzarbeiten\/#breadcrumb\",\"itemListElement\":[{\"@type\":\"ListItem\",\"position\":1,\"item\":{\"@type\":\"WebPage\",\"@id\":\"https:\/\/euroconstruct98.ro\/de\/\",\"url\":\"https:\/\/euroconstruct98.ro\/de\/\",\"name\":\"Home\"}},{\"@type\":\"ListItem\",\"position\":2,\"item\":{\"@type\":\"WebPage\",\"@id\":\"http:\/\/euroconstruct98.ro\/de\/umweltschutzarbeiten\/\",\"url\":\"http:\/\/euroconstruct98.ro\/de\/umweltschutzarbeiten\/\",\"name\":\"Umweltschutzarbeiten\"}}]}]}<\/script>\n<!-- \/ Yoast SEO plugin. -->","_links":{"self":[{"href":"https:\/\/euroconstruct98.ro\/de\/wp-json\/wp\/v2\/pages\/2416"}],"collection":[{"href":"https:\/\/euroconstruct98.ro\/de\/wp-json\/wp\/v2\/pages"}],"about":[{"href":"https:\/\/euroconstruct98.ro\/de\/wp-json\/wp\/v2\/types\/page"}],"author":[{"embeddable":true,"href":"https:\/\/euroconstruct98.ro\/de\/wp-json\/wp\/v2\/users\/1"}],"replies":[{"embeddable":true,"href":"https:\/\/euroconstruct98.ro\/de\/wp-json\/wp\/v2\/comments?post=2416"}],"version-history":[{"count":1,"href":"https:\/\/euroconstruct98.ro\/de\/wp-json\/wp\/v2\/pages\/2416\/revisions"}],"predecessor-version":[{"id":2417,"href":"https:\/\/euroconstruct98.ro\/de\/wp-json\/wp\/v2\/pages\/2416\/revisions\/2417"}],"wp:attachment":[{"href":"https:\/\/euroconstruct98.ro\/de\/wp-json\/wp\/v2\/media?parent=2416"}],"curies":[{"name":"wp","href":"https:\/\/api.w.org\/{rel}","templated":true}]}}