{"id":2407,"date":"2017-12-12T11:34:02","date_gmt":"2017-12-12T11:34:02","guid":{"rendered":"http:\/\/euro.digiteria.ro\/?page_id=2407"},"modified":"2017-12-12T11:34:02","modified_gmt":"2017-12-12T11:34:02","slug":"ausruestungen","status":"publish","type":"page","link":"https:\/\/euroconstruct98.ro\/de\/hoch-und-tiefbauarbeiten\/ausruestungen\/","title":{"rendered":"Ausr\u00fcstungen"},"content":{"rendered":"<p>[vc_row][vc_column][vc_custom_heading text=&#8221;Ausr\u00fcstungen &#8211; Hoch und Tiefbauarbeiten&#8221; use_theme_fonts=&#8221;yes&#8221; el_class=&#8221;title&#8221;][vc_column_text]Unsere Firma besitzt einen gro\u00dfen Maschinenpark, der f\u00fcr die Ausf\u00fchrung von Hoch- und Tiefbauarbeiten jeder Gr\u00f6\u00dfe ben\u00f6tigt wird. Durch die Entwicklungspolitik des Unternehmens haben wir die modernste<br \/>\nAusr\u00fcstung erworben, so dass wir hervorragende Effizienz und Leistung im Rahmen der Umsetzung der durchgef\u00fchrten Projekte sicherstellen.[\/vc_column_text][\/vc_column][\/vc_row][vc_row][vc_column width=&#8221;1\/2&#8243;][vc_column_text]<\/p>\n<ul>\n<li>Raupenbagger<\/li>\n<li>Stromgeneratoren<\/li>\n<li>Turmkran<\/li>\n<li>Mobilkran<\/li>\n<li>Bagger<\/li>\n<li>Planierraupen<\/li>\n<li>Baggerlader<\/li>\n<li>Baustellenplattform f\u00fcr Werkstogge<\/li>\n<li>Betonpumpe<\/li>\n<li>Zementtank<\/li>\n<li>Kipper<\/li>\n<li>Zugmaschinen<\/li>\n<li>LKWs<\/li>\n<li>Brecher<\/li>\n<li>Betontransportfahrzeug<\/li>\n<li>Wassertank<\/li>\n<li>Planierger\u00fcst<\/li>\n<\/ul>\n<p>[\/vc_column_text][\/vc_column][vc_column width=&#8221;1\/2&#8243;][vc_single_image image=&#8221;2036&#8243; img_size=&#8221;full&#8221; alignment=&#8221;center&#8221;][\/vc_column][\/vc_row]<\/p>\n","protected":false},"excerpt":{"rendered":"<p>[vc_row][vc_column][vc_custom_heading text=&#8221;Ausr\u00fcstungen &#8211; Hoch und Tiefbauarbeiten&#8221; use_theme_fonts=&#8221;yes&#8221; el_class=&#8221;title&#8221;][vc_column_text]Unsere Firma besitzt einen gro\u00dfen Maschinenpark, der f\u00fcr die Ausf\u00fchrung von Hoch- und Tiefbauarbeiten jeder Gr\u00f6\u00dfe ben\u00f6tigt wird. Durch die Entwicklungspolitik des Unternehmens haben wir die modernste Ausr\u00fcstung erworben, so dass wir hervorragende &hellip;<\/p>\n","protected":false},"author":1,"featured_media":0,"parent":2403,"menu_order":0,"comment_status":"closed","ping_status":"closed","template":"","meta":[],"yoast_head":"<!-- This site is optimized with the Yoast SEO plugin v16.1.1 - https:\/\/yoast.com\/wordpress\/plugins\/seo\/ -->\n<title>Ausr\u00fcstungen - Euroconstruct98<\/title>\n<link rel=\"canonical\" href=\"http:\/\/euroconstruct98.ro\/de\/hoch-und-tiefbauarbeiten\/ausruestungen\/\" \/>\n<meta property=\"og:locale\" content=\"de_DE\" \/>\n<meta property=\"og:type\" content=\"article\" \/>\n<meta property=\"og:title\" content=\"Ausr\u00fcstungen - Euroconstruct98\" \/>\n<meta property=\"og:description\" content=\"[vc_row][vc_column][vc_custom_heading text=&#8221;Ausr\u00fcstungen &#8211; Hoch und Tiefbauarbeiten&#8221; use_theme_fonts=&#8221;yes&#8221; el_class=&#8221;title&#8221;][vc_column_text]Unsere Firma besitzt einen gro\u00dfen Maschinenpark, der f\u00fcr die Ausf\u00fchrung von Hoch- und Tiefbauarbeiten jeder Gr\u00f6\u00dfe ben\u00f6tigt wird. Durch die Entwicklungspolitik des Unternehmens haben wir die modernste Ausr\u00fcstung erworben, so dass wir hervorragende &hellip;\" \/>\n<meta property=\"og:url\" content=\"http:\/\/euroconstruct98.ro\/de\/hoch-und-tiefbauarbeiten\/ausruestungen\/\" \/>\n<meta property=\"og:site_name\" content=\"Euroconstruct98\" \/>\n<meta name=\"twitter:card\" content=\"summary_large_image\" \/>\n<meta name=\"twitter:label1\" content=\"Gesch\u00e4tzte Lesezeit\">\n\t<meta name=\"twitter:data1\" content=\"1\u00a0Minute\">\n<script type=\"application\/ld+json\" class=\"yoast-schema-graph\">{\"@context\":\"https:\/\/schema.org\",\"@graph\":[{\"@type\":\"WebSite\",\"@id\":\"http:\/\/euroconstruct98.ro\/#website\",\"url\":\"http:\/\/euroconstruct98.ro\/\",\"name\":\"Euroconstruct98\",\"description\":\"Just another WordPress site\",\"potentialAction\":[{\"@type\":\"SearchAction\",\"target\":\"http:\/\/euroconstruct98.ro\/?s={search_term_string}\",\"query-input\":\"required name=search_term_string\"}],\"inLanguage\":\"de-DE\"},{\"@type\":\"WebPage\",\"@id\":\"http:\/\/euroconstruct98.ro\/de\/hoch-und-tiefbauarbeiten\/ausruestungen\/#webpage\",\"url\":\"http:\/\/euroconstruct98.ro\/de\/hoch-und-tiefbauarbeiten\/ausruestungen\/\",\"name\":\"Ausr\\u00fcstungen - Euroconstruct98\",\"isPartOf\":{\"@id\":\"http:\/\/euroconstruct98.ro\/#website\"},\"datePublished\":\"2017-12-12T11:34:02+00:00\",\"dateModified\":\"2017-12-12T11:34:02+00:00\",\"breadcrumb\":{\"@id\":\"http:\/\/euroconstruct98.ro\/de\/hoch-und-tiefbauarbeiten\/ausruestungen\/#breadcrumb\"},\"inLanguage\":\"de-DE\",\"potentialAction\":[{\"@type\":\"ReadAction\",\"target\":[\"http:\/\/euroconstruct98.ro\/de\/hoch-und-tiefbauarbeiten\/ausruestungen\/\"]}]},{\"@type\":\"BreadcrumbList\",\"@id\":\"http:\/\/euroconstruct98.ro\/de\/hoch-und-tiefbauarbeiten\/ausruestungen\/#breadcrumb\",\"itemListElement\":[{\"@type\":\"ListItem\",\"position\":1,\"item\":{\"@type\":\"WebPage\",\"@id\":\"https:\/\/euroconstruct98.ro\/de\/\",\"url\":\"https:\/\/euroconstruct98.ro\/de\/\",\"name\":\"Home\"}},{\"@type\":\"ListItem\",\"position\":2,\"item\":{\"@type\":\"WebPage\",\"@id\":\"https:\/\/euroconstruct98.ro\/de\/hoch-und-tiefbauarbeiten\/\",\"url\":\"https:\/\/euroconstruct98.ro\/de\/hoch-und-tiefbauarbeiten\/\",\"name\":\"Hoch und Tiefbauarbeiten\"}},{\"@type\":\"ListItem\",\"position\":3,\"item\":{\"@type\":\"WebPage\",\"@id\":\"http:\/\/euroconstruct98.ro\/de\/hoch-und-tiefbauarbeiten\/ausruestungen\/\",\"url\":\"http:\/\/euroconstruct98.ro\/de\/hoch-und-tiefbauarbeiten\/ausruestungen\/\",\"name\":\"Ausr\\u00fcstungen\"}}]}]}<\/script>\n<!-- \/ Yoast SEO plugin. -->","_links":{"self":[{"href":"https:\/\/euroconstruct98.ro\/de\/wp-json\/wp\/v2\/pages\/2407"}],"collection":[{"href":"https:\/\/euroconstruct98.ro\/de\/wp-json\/wp\/v2\/pages"}],"about":[{"href":"https:\/\/euroconstruct98.ro\/de\/wp-json\/wp\/v2\/types\/page"}],"author":[{"embeddable":true,"href":"https:\/\/euroconstruct98.ro\/de\/wp-json\/wp\/v2\/users\/1"}],"replies":[{"embeddable":true,"href":"https:\/\/euroconstruct98.ro\/de\/wp-json\/wp\/v2\/comments?post=2407"}],"version-history":[{"count":1,"href":"https:\/\/euroconstruct98.ro\/de\/wp-json\/wp\/v2\/pages\/2407\/revisions"}],"predecessor-version":[{"id":2408,"href":"https:\/\/euroconstruct98.ro\/de\/wp-json\/wp\/v2\/pages\/2407\/revisions\/2408"}],"up":[{"embeddable":true,"href":"https:\/\/euroconstruct98.ro\/de\/wp-json\/wp\/v2\/pages\/2403"}],"wp:attachment":[{"href":"https:\/\/euroconstruct98.ro\/de\/wp-json\/wp\/v2\/media?parent=2407"}],"curies":[{"name":"wp","href":"https:\/\/api.w.org\/{rel}","templated":true}]}}