{"id":2405,"date":"2017-12-12T11:31:25","date_gmt":"2017-12-12T11:31:25","guid":{"rendered":"http:\/\/euro.digiteria.ro\/?page_id=2405"},"modified":"2017-12-12T11:31:25","modified_gmt":"2017-12-12T11:31:25","slug":"repraesentative-werke","status":"publish","type":"page","link":"https:\/\/euroconstruct98.ro\/de\/hoch-und-tiefbauarbeiten\/repraesentative-werke\/","title":{"rendered":"Repr\u00e4sentative Werke"},"content":{"rendered":"<p>[vc_row][vc_column][vc_custom_heading text=&#8221;Repr\u00e4sentative Werke &#8211; Euroconstruct Trading `98&#8243; use_theme_fonts=&#8221;yes&#8221; el_class=&#8221;title&#8221;][\/vc_column][\/vc_row][vc_row][vc_column width=&#8221;1\/2&#8243;][vc_empty_space height=&#8221;12px&#8221;][vc_column_text]<\/p>\n<ul>\n<li>Forschungs- und Entwicklungszentrum f\u00fcr virtuelle Realit\u00e4t, angewandt in Zusammenhang mit den kritischen Infrastrukturen im Rahmen des Wettbewerbsf\u00e4higkeitspols \u201ePol der Wettbewerbsf\u00e4higkeit zur Steigerung der wirtschaftliche Produktivit\u00e4t durch innovative Verwendung der virtuellen Realit\u00e4t, um Dienstleistungen f\u00fcr kritische Infrastrukturen zu liefern &#8211; CREVIS\u201c<\/li>\n<li>Gebiet Corbeanca UG + EG + OG + 1<\/li>\n<li>Wohnbl\u00f6cke und Villas im Gebiet Otopeni<\/li>\n<li>B\u00fcrogeb\u00e4ude 2UG + EG + 3OG Golden Blitz<\/li>\n<li>Konsolidierung und Modernisierung des Komplexes Snagov<\/li>\n<li>Kl\u00e4rschlammbehandlungsanlagen aus den Kl\u00e4ranlagen &#8220;Stadtentw\u00e4sserungsanlage Bukarest&#8221;<\/li>\n<\/ul>\n<p>[\/vc_column_text][\/vc_column][vc_column width=&#8221;1\/2&#8243;][vc_empty_space height=&#8221;35px&#8221;][vc_single_image image=&#8221;2031&#8243; img_size=&#8221;400&#215;240&#8243; alignment=&#8221;center&#8221;][\/vc_column][\/vc_row]<\/p>\n","protected":false},"excerpt":{"rendered":"<p>[vc_row][vc_column][vc_custom_heading text=&#8221;Repr\u00e4sentative Werke &#8211; Euroconstruct Trading `98&#8243; use_theme_fonts=&#8221;yes&#8221; el_class=&#8221;title&#8221;][\/vc_column][\/vc_row][vc_row][vc_column width=&#8221;1\/2&#8243;][vc_empty_space height=&#8221;12px&#8221;][vc_column_text] Forschungs- und Entwicklungszentrum f\u00fcr virtuelle Realit\u00e4t, angewandt in Zusammenhang mit den kritischen Infrastrukturen im Rahmen des Wettbewerbsf\u00e4higkeitspols \u201ePol der Wettbewerbsf\u00e4higkeit zur Steigerung der wirtschaftliche Produktivit\u00e4t durch innovative Verwendung der &hellip;<\/p>\n","protected":false},"author":1,"featured_media":0,"parent":2403,"menu_order":0,"comment_status":"closed","ping_status":"closed","template":"","meta":[],"yoast_head":"<!-- This site is optimized with the Yoast SEO plugin v16.1.1 - https:\/\/yoast.com\/wordpress\/plugins\/seo\/ -->\n<title>Repr\u00e4sentative Werke - Euroconstruct98<\/title>\n<link rel=\"canonical\" href=\"http:\/\/euroconstruct98.ro\/de\/hoch-und-tiefbauarbeiten\/repraesentative-werke\/\" \/>\n<meta property=\"og:locale\" content=\"de_DE\" \/>\n<meta property=\"og:type\" content=\"article\" \/>\n<meta property=\"og:title\" content=\"Repr\u00e4sentative Werke - Euroconstruct98\" \/>\n<meta property=\"og:description\" content=\"[vc_row][vc_column][vc_custom_heading text=&#8221;Repr\u00e4sentative Werke &#8211; Euroconstruct Trading `98&#8243; use_theme_fonts=&#8221;yes&#8221; el_class=&#8221;title&#8221;][\/vc_column][\/vc_row][vc_row][vc_column width=&#8221;1\/2&#8243;][vc_empty_space height=&#8221;12px&#8221;][vc_column_text] Forschungs- und Entwicklungszentrum f\u00fcr virtuelle Realit\u00e4t, angewandt in Zusammenhang mit den kritischen Infrastrukturen im Rahmen des Wettbewerbsf\u00e4higkeitspols \u201ePol der Wettbewerbsf\u00e4higkeit zur Steigerung der wirtschaftliche Produktivit\u00e4t durch innovative Verwendung der &hellip;\" \/>\n<meta property=\"og:url\" content=\"http:\/\/euroconstruct98.ro\/de\/hoch-und-tiefbauarbeiten\/repraesentative-werke\/\" \/>\n<meta property=\"og:site_name\" content=\"Euroconstruct98\" \/>\n<meta name=\"twitter:card\" content=\"summary_large_image\" \/>\n<meta name=\"twitter:label1\" content=\"Gesch\u00e4tzte Lesezeit\">\n\t<meta name=\"twitter:data1\" content=\"1\u00a0Minute\">\n<script type=\"application\/ld+json\" class=\"yoast-schema-graph\">{\"@context\":\"https:\/\/schema.org\",\"@graph\":[{\"@type\":\"WebSite\",\"@id\":\"http:\/\/euroconstruct98.ro\/#website\",\"url\":\"http:\/\/euroconstruct98.ro\/\",\"name\":\"Euroconstruct98\",\"description\":\"Just another WordPress site\",\"potentialAction\":[{\"@type\":\"SearchAction\",\"target\":\"http:\/\/euroconstruct98.ro\/?s={search_term_string}\",\"query-input\":\"required name=search_term_string\"}],\"inLanguage\":\"de-DE\"},{\"@type\":\"WebPage\",\"@id\":\"http:\/\/euroconstruct98.ro\/de\/hoch-und-tiefbauarbeiten\/repraesentative-werke\/#webpage\",\"url\":\"http:\/\/euroconstruct98.ro\/de\/hoch-und-tiefbauarbeiten\/repraesentative-werke\/\",\"name\":\"Repr\\u00e4sentative Werke - Euroconstruct98\",\"isPartOf\":{\"@id\":\"http:\/\/euroconstruct98.ro\/#website\"},\"datePublished\":\"2017-12-12T11:31:25+00:00\",\"dateModified\":\"2017-12-12T11:31:25+00:00\",\"breadcrumb\":{\"@id\":\"http:\/\/euroconstruct98.ro\/de\/hoch-und-tiefbauarbeiten\/repraesentative-werke\/#breadcrumb\"},\"inLanguage\":\"de-DE\",\"potentialAction\":[{\"@type\":\"ReadAction\",\"target\":[\"http:\/\/euroconstruct98.ro\/de\/hoch-und-tiefbauarbeiten\/repraesentative-werke\/\"]}]},{\"@type\":\"BreadcrumbList\",\"@id\":\"http:\/\/euroconstruct98.ro\/de\/hoch-und-tiefbauarbeiten\/repraesentative-werke\/#breadcrumb\",\"itemListElement\":[{\"@type\":\"ListItem\",\"position\":1,\"item\":{\"@type\":\"WebPage\",\"@id\":\"https:\/\/euroconstruct98.ro\/de\/\",\"url\":\"https:\/\/euroconstruct98.ro\/de\/\",\"name\":\"Home\"}},{\"@type\":\"ListItem\",\"position\":2,\"item\":{\"@type\":\"WebPage\",\"@id\":\"https:\/\/euroconstruct98.ro\/de\/hoch-und-tiefbauarbeiten\/\",\"url\":\"https:\/\/euroconstruct98.ro\/de\/hoch-und-tiefbauarbeiten\/\",\"name\":\"Hoch und Tiefbauarbeiten\"}},{\"@type\":\"ListItem\",\"position\":3,\"item\":{\"@type\":\"WebPage\",\"@id\":\"http:\/\/euroconstruct98.ro\/de\/hoch-und-tiefbauarbeiten\/repraesentative-werke\/\",\"url\":\"http:\/\/euroconstruct98.ro\/de\/hoch-und-tiefbauarbeiten\/repraesentative-werke\/\",\"name\":\"Repr\\u00e4sentative Werke\"}}]}]}<\/script>\n<!-- \/ Yoast SEO plugin. -->","_links":{"self":[{"href":"https:\/\/euroconstruct98.ro\/de\/wp-json\/wp\/v2\/pages\/2405"}],"collection":[{"href":"https:\/\/euroconstruct98.ro\/de\/wp-json\/wp\/v2\/pages"}],"about":[{"href":"https:\/\/euroconstruct98.ro\/de\/wp-json\/wp\/v2\/types\/page"}],"author":[{"embeddable":true,"href":"https:\/\/euroconstruct98.ro\/de\/wp-json\/wp\/v2\/users\/1"}],"replies":[{"embeddable":true,"href":"https:\/\/euroconstruct98.ro\/de\/wp-json\/wp\/v2\/comments?post=2405"}],"version-history":[{"count":1,"href":"https:\/\/euroconstruct98.ro\/de\/wp-json\/wp\/v2\/pages\/2405\/revisions"}],"predecessor-version":[{"id":2406,"href":"https:\/\/euroconstruct98.ro\/de\/wp-json\/wp\/v2\/pages\/2405\/revisions\/2406"}],"up":[{"embeddable":true,"href":"https:\/\/euroconstruct98.ro\/de\/wp-json\/wp\/v2\/pages\/2403"}],"wp:attachment":[{"href":"https:\/\/euroconstruct98.ro\/de\/wp-json\/wp\/v2\/media?parent=2405"}],"curies":[{"name":"wp","href":"https:\/\/api.w.org\/{rel}","templated":true}]}}