{"id":2403,"date":"2017-12-12T11:29:50","date_gmt":"2017-12-12T11:29:50","guid":{"rendered":"http:\/\/euro.digiteria.ro\/?page_id=2403"},"modified":"2017-12-12T11:29:50","modified_gmt":"2017-12-12T11:29:50","slug":"hoch-und-tiefbauarbeiten","status":"publish","type":"page","link":"https:\/\/euroconstruct98.ro\/de\/hoch-und-tiefbauarbeiten\/","title":{"rendered":"Hoch und Tiefbauarbeiten"},"content":{"rendered":"<p>[vc_row][vc_column][vc_custom_heading text=&#8221;Hoch und Tiefbauarbeiten &#8211; Euroconstruct Trading `98 &#8221; use_theme_fonts=&#8221;yes&#8221; el_class=&#8221;title&#8221;][vc_column_text]Euro Construct Trading 98 bietet Hoch und Tiefbauarbeiten zur Entwicklung von Unternehmer \u2013und Subunternehmerleistungen, deren Qualit\u00e4t durch die Zertifikate ISO 9001 und ISO 14001, OHSAS 18001 best\u00e4tigt wird, an, mit einer Erfahrung von \u00fcber 10 Jahren in diesem Bereich.<\/p>\n<p>RS-8000 ist kompatibel mit internationalen Standards wie ISO 9001, ISO 14001 und OHSAS 18001 und basiert auf beiden internationalen Vertr\u00e4gen und \u00dcbereinkommen, die zur Regelung des Arbeitsmarktes dienen, sowie auf Elemente, die die Beteiligung der Organisation an der F\u00f6rderung der Gemeinschaft nachweisen.<\/p>\n<p>Wir besitzen die besten Fachleute im Gebiet, sowie die modernsten Ausr\u00fcstungen.<\/p>\n<p>In diesem Dienstleistungsbereich f\u00fchrt Euro Construct Trading 98 Statikstrukturen und Abschlussarbeiten, Br\u00fccken und Stegen, Montage und Sonderpaneelen, Elektro- und Sanit\u00e4r-, Industrieanlagen, sowie sonstige Leistungen, auf Anfrage, aus.[\/vc_column_text][\/vc_column][\/vc_row][vc_row][vc_column width=&#8221;1\/2&#8243;][vc_single_image image=&#8221;2023&#8243; img_size=&#8221;300&#215;200&#8243; alignment=&#8221;center&#8221;][\/vc_column][vc_column width=&#8221;1\/2&#8243;][vc_single_image image=&#8221;2024&#8243; img_size=&#8221;full&#8221; alignment=&#8221;center&#8221;][\/vc_column][\/vc_row][vc_row][vc_column width=&#8221;1\/2&#8243;][vc_single_image image=&#8221;2213&#8243; img_size=&#8221;300&#215;200&#8243; alignment=&#8221;center&#8221;][\/vc_column][vc_column width=&#8221;1\/2&#8243;][vc_single_image image=&#8221;2195&#8243; img_size=&#8221;300&#215;200&#8243; alignment=&#8221;center&#8221;][\/vc_column][\/vc_row][vc_row][vc_column][vc_column_text]Im Rahmen der Portfolioarbeiten sind wir stolz auf die Arbeiten zur Konsolidierung und Modernisierung des Komplexes Snagov, die Errichtung von Wohnbl\u00f6cken und Villas im Gebiet Otopeni, verschiedene Arbeiten im Gebiet Corbeanca, die Errichtung des Gesch\u00e4ftszentrums Golden Blitz im Gebiet Razoare, das aus B\u00fcror\u00e4umen Typ A + besteht, den Bau des \u201eCREVIS\u201c Forschungs- und Entwicklungszentrums, des Golden Blitz Restaurants und die Modernisierung und Erweiterung des Bahnhofs in Arad.<\/p>\n<p>Die Kreativit\u00e4t und die Vielseitigkeit zeichnen unsere Dienstleistungen aus, wobei, wie Sie selbst feststellen k\u00f6nnen, diese Elemente in den von uns ausgef\u00fchrten Projekten umgesetzt wurden. Euro Construct ist der ideale Partner f\u00fcr gro\u00dfangelegte Arbeiten im Bereich des Hoch- und Tiefbaus und verf\u00fcgt \u00fcber das notwendige Personal und die entsprechende Logistik, um die Ausf\u00fchrung von Gro\u00dfprojekten sicherzustellen. Die Erfahrung und die Qualit\u00e4t unserer Mitarbeiter, sowie die st\u00e4ndige Weiterentwicklung der Forschungs- und Entwicklungsabteilung machen uns zu einem der bekanntesten und zuverl\u00e4ssigsten Partner in diesem Dienstleistungssegment.[\/vc_column_text][vc_single_image image=&#8221;2025&#8243; img_size=&#8221;full&#8221; alignment=&#8221;center&#8221;][\/vc_column][\/vc_row]<\/p>\n","protected":false},"excerpt":{"rendered":"<p>[vc_row][vc_column][vc_custom_heading text=&#8221;Hoch und Tiefbauarbeiten &#8211; Euroconstruct Trading `98 &#8221; use_theme_fonts=&#8221;yes&#8221; el_class=&#8221;title&#8221;][vc_column_text]Euro Construct Trading 98 bietet Hoch und Tiefbauarbeiten zur Entwicklung von Unternehmer \u2013und Subunternehmerleistungen, deren Qualit\u00e4t durch die Zertifikate ISO 9001 und ISO 14001, OHSAS 18001 best\u00e4tigt wird, an, mit &hellip;<\/p>\n","protected":false},"author":1,"featured_media":0,"parent":0,"menu_order":0,"comment_status":"closed","ping_status":"closed","template":"","meta":[],"yoast_head":"<!-- This site is optimized with the Yoast SEO plugin v16.1.1 - https:\/\/yoast.com\/wordpress\/plugins\/seo\/ -->\n<title>Hoch und Tiefbauarbeiten - Euroconstruct98<\/title>\n<link rel=\"canonical\" href=\"https:\/\/euroconstruct98.ro\/de\/hoch-und-tiefbauarbeiten\/\" \/>\n<meta property=\"og:locale\" content=\"de_DE\" \/>\n<meta property=\"og:type\" content=\"article\" \/>\n<meta property=\"og:title\" content=\"Hoch und Tiefbauarbeiten - Euroconstruct98\" \/>\n<meta property=\"og:description\" content=\"[vc_row][vc_column][vc_custom_heading text=&#8221;Hoch und Tiefbauarbeiten &#8211; Euroconstruct Trading `98 &#8221; use_theme_fonts=&#8221;yes&#8221; el_class=&#8221;title&#8221;][vc_column_text]Euro Construct Trading 98 bietet Hoch und Tiefbauarbeiten zur Entwicklung von Unternehmer \u2013und Subunternehmerleistungen, deren Qualit\u00e4t durch die Zertifikate ISO 9001 und ISO 14001, OHSAS 18001 best\u00e4tigt wird, an, mit &hellip;\" \/>\n<meta property=\"og:url\" content=\"https:\/\/euroconstruct98.ro\/de\/hoch-und-tiefbauarbeiten\/\" \/>\n<meta property=\"og:site_name\" content=\"Euroconstruct98\" \/>\n<meta name=\"twitter:card\" content=\"summary_large_image\" \/>\n<meta name=\"twitter:label1\" content=\"Gesch\u00e4tzte Lesezeit\">\n\t<meta name=\"twitter:data1\" content=\"2\u00a0Minuten\">\n<script type=\"application\/ld+json\" class=\"yoast-schema-graph\">{\"@context\":\"https:\/\/schema.org\",\"@graph\":[{\"@type\":\"WebSite\",\"@id\":\"http:\/\/euroconstruct98.ro\/#website\",\"url\":\"http:\/\/euroconstruct98.ro\/\",\"name\":\"Euroconstruct98\",\"description\":\"Just another WordPress site\",\"potentialAction\":[{\"@type\":\"SearchAction\",\"target\":\"http:\/\/euroconstruct98.ro\/?s={search_term_string}\",\"query-input\":\"required name=search_term_string\"}],\"inLanguage\":\"de-DE\"},{\"@type\":\"WebPage\",\"@id\":\"https:\/\/euroconstruct98.ro\/de\/hoch-und-tiefbauarbeiten\/#webpage\",\"url\":\"https:\/\/euroconstruct98.ro\/de\/hoch-und-tiefbauarbeiten\/\",\"name\":\"Hoch und Tiefbauarbeiten - Euroconstruct98\",\"isPartOf\":{\"@id\":\"http:\/\/euroconstruct98.ro\/#website\"},\"datePublished\":\"2017-12-12T11:29:50+00:00\",\"dateModified\":\"2017-12-12T11:29:50+00:00\",\"breadcrumb\":{\"@id\":\"https:\/\/euroconstruct98.ro\/de\/hoch-und-tiefbauarbeiten\/#breadcrumb\"},\"inLanguage\":\"de-DE\",\"potentialAction\":[{\"@type\":\"ReadAction\",\"target\":[\"https:\/\/euroconstruct98.ro\/de\/hoch-und-tiefbauarbeiten\/\"]}]},{\"@type\":\"BreadcrumbList\",\"@id\":\"https:\/\/euroconstruct98.ro\/de\/hoch-und-tiefbauarbeiten\/#breadcrumb\",\"itemListElement\":[{\"@type\":\"ListItem\",\"position\":1,\"item\":{\"@type\":\"WebPage\",\"@id\":\"https:\/\/euroconstruct98.ro\/de\/\",\"url\":\"https:\/\/euroconstruct98.ro\/de\/\",\"name\":\"Home\"}},{\"@type\":\"ListItem\",\"position\":2,\"item\":{\"@type\":\"WebPage\",\"@id\":\"https:\/\/euroconstruct98.ro\/de\/hoch-und-tiefbauarbeiten\/\",\"url\":\"https:\/\/euroconstruct98.ro\/de\/hoch-und-tiefbauarbeiten\/\",\"name\":\"Hoch und Tiefbauarbeiten\"}}]}]}<\/script>\n<!-- \/ Yoast SEO plugin. -->","_links":{"self":[{"href":"https:\/\/euroconstruct98.ro\/de\/wp-json\/wp\/v2\/pages\/2403"}],"collection":[{"href":"https:\/\/euroconstruct98.ro\/de\/wp-json\/wp\/v2\/pages"}],"about":[{"href":"https:\/\/euroconstruct98.ro\/de\/wp-json\/wp\/v2\/types\/page"}],"author":[{"embeddable":true,"href":"https:\/\/euroconstruct98.ro\/de\/wp-json\/wp\/v2\/users\/1"}],"replies":[{"embeddable":true,"href":"https:\/\/euroconstruct98.ro\/de\/wp-json\/wp\/v2\/comments?post=2403"}],"version-history":[{"count":1,"href":"https:\/\/euroconstruct98.ro\/de\/wp-json\/wp\/v2\/pages\/2403\/revisions"}],"predecessor-version":[{"id":2404,"href":"https:\/\/euroconstruct98.ro\/de\/wp-json\/wp\/v2\/pages\/2403\/revisions\/2404"}],"wp:attachment":[{"href":"https:\/\/euroconstruct98.ro\/de\/wp-json\/wp\/v2\/media?parent=2403"}],"curies":[{"name":"wp","href":"https:\/\/api.w.org\/{rel}","templated":true}]}}