{"id":2394,"date":"2017-12-12T11:12:18","date_gmt":"2017-12-12T11:12:18","guid":{"rendered":"http:\/\/euro.digiteria.ro\/?page_id=2394"},"modified":"2017-12-12T11:12:18","modified_gmt":"2017-12-12T11:12:18","slug":"ausruestungen","status":"publish","type":"page","link":"https:\/\/euroconstruct98.ro\/de\/infrastruktur\/ausruestungen\/","title":{"rendered":"Ausr\u00fcstungen"},"content":{"rendered":"<p>[vc_row][vc_column][vc_custom_heading text=&#8221;Ausr\u00fcstungen &#8211; Euroconstruct Trading `98&#8243; use_theme_fonts=&#8221;yes&#8221; el_class=&#8221;title&#8221;][vc_column_text]Euro Construct Trading 98 ist Eigent\u00fcmer eines beeindruckenden Ausr\u00fcstungs- und Ger\u00e4teparks, die zur Ausf\u00fchrung s\u00e4mtlicher notwendigen Stra\u00dfen- und Autobahnbauarbeiten verwendet werden k\u00f6nnen. Durch die Entwicklungspolitik versuchen wir, die neuesten Technologien und Ger\u00e4te in diesem Bereich zu erwerben.[\/vc_column_text][vc_custom_heading text=&#8221;Technologische L\u00f6sungen nach Werkkategorie&#8221; font_container=&#8221;tag:h3|text_align:left&#8221; use_theme_fonts=&#8221;yes&#8221; el_class=&#8221;title&#8221;][vc_column_text]<\/p>\n<h4>1. Erdarbeiten<br \/>\n(einschlie\u00dflich Entfernung der Vegetationsschicht, Erdarbeiten in engen R\u00e4umen, Ausf\u00fchrung von Gruben und Stapelung)<\/h4>\n<p><strong>Planierraupen: <\/strong><\/p>\n<ul>\n<li>Komatsu D 41E-6<\/li>\n<li>Komatsu D 155 AX-6<\/li>\n<\/ul>\n<p><strong>Planierger\u00e4te:<\/strong><\/p>\n<ul>\n<li>Caterpillar 120H<\/li>\n<li>Caterpillar 140H<\/li>\n<\/ul>\n<p><strong>Kettenbagger:<\/strong><\/p>\n<ul>\n<li>Komatsu PC 240 LC-8K<\/li>\n<li>Caterpillar 323 D L<\/li>\n<li>Caterpillar 428 C<\/li>\n<li>Komatsu 210 LC 3<\/li>\n<li>Caterpillar 428 B<\/li>\n<li>Komatsu PC 230 NHD 8K<\/li>\n<li>Komatsu PC 20MR-2<\/li>\n<li>Komatsu WB93S-5<\/li>\n<li>Komatsu PC 14R-2<\/li>\n<li>Komatsu WB93S-5<\/li>\n<li>Hyundai Rv210LC-7A,<\/li>\n<li>Komatsu PC 240 LC-8<\/li>\n<\/ul>\n<p><strong>Radbagger:<\/strong><\/p>\n<ul>\n<li>Atlas 1604<\/li>\n<li>Liebherr A900 AW<\/li>\n<\/ul>\n<p><strong>Baggerlader:<\/strong><\/p>\n<ul>\n<li>Komatsu WB93S-5<\/li>\n<li>Caterpillar 428 B<\/li>\n<li>Caterpillar 428 C<\/li>\n<\/ul>\n<p>[\/vc_column_text][\/vc_column][\/vc_row][vc_row][vc_column width=&#8221;1\/3&#8243;][vc_single_image image=&#8221;1967&#8243; img_size=&#8221;full&#8221; alignment=&#8221;center&#8221;][\/vc_column][vc_column width=&#8221;1\/3&#8243;][vc_single_image image=&#8221;1968&#8243; img_size=&#8221;full&#8221; alignment=&#8221;center&#8221;][\/vc_column][vc_column width=&#8221;1\/3&#8243;][vc_single_image image=&#8221;1969&#8243; img_size=&#8221;full&#8221; alignment=&#8221;center&#8221;][\/vc_column][\/vc_row][vc_row][vc_column][vc_column_text]<\/p>\n<h4>2. Beladung von Baustoffen (Erde, Zuschlagstoffe, Materialien usw.)<\/h4>\n<p><strong>Frontlader:<\/strong><\/p>\n<ul>\n<li>Komatsu WA380-6<\/li>\n<li>Zettelmeyer ZL 1801<\/li>\n<li>Liebherr L541<\/li>\n<li>Caterpillar 928F<\/li>\n<li>Volvo L 120 D<\/li>\n<li>Case 1845 C<\/li>\n<li>Caterpillar CB 216 B-2<\/li>\n<li>Komatsu SK 815-5<\/li>\n<li>Caterpillar 216 B<\/li>\n<li>Hyundai HL 757-74<\/li>\n<li>Case 621 E<\/li>\n<li>Liebherr L 538<\/li>\n<\/ul>\n<p><strong>Gabelstapler:<\/strong><\/p>\n<ul>\n<li>OM DI 40<\/li>\n<li>Balkancar DV1794<\/li>\n<\/ul>\n<h4>3. Verdichtung von Erdbauten<\/h4>\n<p><strong>Gemischte Stra\u00dfenwalzen:<\/strong><\/p>\n<ul>\n<li>Caterpillar CS573E<\/li>\n<li>Caterpillar CS583E<\/li>\n<li>Hamm 2311 SD<\/li>\n<li>Hamm 3414<\/li>\n<li>Hamm 2451SD<\/li>\n<li>Hamm 3412<\/li>\n<li>JCB 146D<\/li>\n<li>Bomag BW216D-4<\/li>\n<\/ul>\n<p><strong>Verdichtungsplatten:<\/strong><\/p>\n<ul>\n<li>Ravi RVP16BH<\/li>\n<\/ul>\n<p><strong>R\u00fcttelstampfer:<\/strong><\/p>\n<ul>\n<li>Ammann ACR68<\/li>\n<li>Tremix MS780<\/li>\n<\/ul>\n<h4>4. Verdichtung von Asphaltmischungen<\/h4>\n<p><strong>Raupenstra\u00dfenwalzen:<\/strong><\/p>\n<ul>\n<li>Caterpillar CB 534D<\/li>\n<li>Hamm DV90 VV<\/li>\n<li>Hamm HD70<\/li>\n<li>Hamm HD12VV<\/li>\n<\/ul>\n<p><strong>Radstra\u00dfenwalzen:<\/strong><\/p>\n<ul>\n<li>Hamm GRW10<\/li>\n<\/ul>\n<p><strong>Verdichtungsplatten:<\/strong><\/p>\n<ul>\n<li>Mikasa MVC60<\/li>\n<li>Ravi RVP20BH<\/li>\n<li>Tremix T100<\/li>\n<\/ul>\n<h4><\/h4>\n<p>[\/vc_column_text][\/vc_column][\/vc_row][vc_row][vc_column width=&#8221;1\/3&#8243;][vc_single_image image=&#8221;1970&#8243; img_size=&#8221;full&#8221; alignment=&#8221;center&#8221;][\/vc_column][vc_column width=&#8221;1\/3&#8243;][vc_single_image image=&#8221;1971&#8243; img_size=&#8221;full&#8221; alignment=&#8221;center&#8221;][\/vc_column][vc_column width=&#8221;1\/3&#8243;][vc_single_image image=&#8221;1972&#8243; img_size=&#8221;full&#8221; alignment=&#8221;center&#8221;][\/vc_column][\/vc_row][vc_row][vc_column][vc_column_text]<\/p>\n<h4>5. Asphaltauftragen<\/h4>\n<p><strong>Asphaltfertiger:<\/strong><\/p>\n<ul>\n<li>Vogele SuperBoy<\/li>\n<li>Vogele S2100-2<\/li>\n<li>Vogele S1800-2<\/li>\n<\/ul>\n<h4>6. Asphaltabtragen (Fr\u00e4sen)<\/h4>\n<p><strong>Asphaltfr\u00e4sen:<\/strong><\/p>\n<ul>\n<li>Wirtgen W1000C<\/li>\n<li>Wirtgen W2000DC<\/li>\n<li>Wirtgen W2000<\/li>\n<\/ul>\n<h4>7. Stra\u00dfenmarkierung Stra\u00dfenmarkierungsmaschinen<\/h4>\n<p><strong>Maschinen zur Farbauftragung:<\/strong><\/p>\n<ul>\n<li>Borum LNX8<\/li>\n<li>Walter Hofmann H26-1<\/li>\n<li>Walter Hofmann H16-2<\/li>\n<li>Borum 500-2SC<\/li>\n<\/ul>\n<p><strong>Farbapplikator:<\/strong><\/p>\n<ul>\n<li>Graco GH833<\/li>\n<\/ul>\n<h4>8. Wasserstrahlen<\/h4>\n<ul>\n<li>Strahlanlage Falch T25<\/li>\n<\/ul>\n<h4>9. Montage von Balken und Metallkonstruktionen<\/h4>\n<p><strong>Radkr\u00e4ne:<\/strong><\/p>\n<ul>\n<li>Grove RT540 CE<\/li>\n<\/ul>\n<p><strong>Raupenkr\u00e4ne:<\/strong><\/p>\n<ul>\n<li>RDK 630<\/li>\n<\/ul>\n<h4>10. Vorbereitung zur Asphaltierung<\/h4>\n<p><strong>Teerverteilungsger\u00e4te:<\/strong><\/p>\n<ul>\n<li>Volvo VAP<\/li>\n<li>Lacknerind<\/li>\n<li>Breining 1500<\/li>\n<\/ul>\n<p><strong>Mechanische Kompressoren:<\/strong><\/p>\n<ul>\n<li>Atlas Copco XAS56<\/li>\n<li>Atlas Copco XAS57<\/li>\n<li>Atlas Copco XAS67<\/li>\n<li>Atlas Copco XAS175<\/li>\n<li>Kaeser M43<\/li>\n<\/ul>\n<p><strong>Minilader:<\/strong><\/p>\n<ul>\n<li>Case 1845 C<\/li>\n<li>Caterpillar CB 216 B-2<\/li>\n<li>Komatsu SK 815-5<\/li>\n<li>Caterpillar 216 B<\/li>\n<\/ul>\n<p>[\/vc_column_text][\/vc_column][\/vc_row][vc_row][vc_column width=&#8221;1\/3&#8243;][vc_single_image image=&#8221;1973&#8243; img_size=&#8221;full&#8221; alignment=&#8221;center&#8221;][\/vc_column][vc_column width=&#8221;1\/3&#8243;][vc_single_image image=&#8221;1974&#8243; img_size=&#8221;full&#8221; alignment=&#8221;center&#8221;][\/vc_column][vc_column width=&#8221;1\/3&#8243;][vc_single_image image=&#8221;1975&#8243; img_size=&#8221;full&#8221; alignment=&#8221;center&#8221;][\/vc_column][\/vc_row][vc_row][vc_column][vc_column_text]<\/p>\n<h4>11. Profilauff\u00fcllen<\/h4>\n<ul>\n<li>Breining 800 AFU, ind. 299<\/li>\n<\/ul>\n<h4>12. Erdbauarbeiten<\/h4>\n<ul>\n<li>Bodenstabilisator Hamm Raco 550<\/li>\n<\/ul>\n<h4>13. Schneer\u00e4umung<\/h4>\n<ul>\n<li>Epoke<\/li>\n<li>Schmidt F3;<\/li>\n<li>MF2.4<\/li>\n<li>Nido N90<\/li>\n<\/ul>\n<h4>14. Fugenschneiden<\/h4>\n<ul>\n<li>Golz FS170<\/li>\n<li>Saint Gobain C71<\/li>\n<li>Masalta MF63<\/li>\n<\/ul>\n<h4>15. Betonbrechen<\/h4>\n<ul>\n<li>Raupenbrecher OM Giove<\/li>\n<\/ul>\n<h4>16. Bef\u00f6rderung der Materialien<\/h4>\n<ul>\n<li>Kipperpark 8 \u00d7 4 Mann TGA 35.390<\/li>\n<\/ul>\n<p>[\/vc_column_text][\/vc_column][\/vc_row][vc_row][vc_column width=&#8221;1\/2&#8243;][vc_single_image image=&#8221;1976&#8243; img_size=&#8221;full&#8221; alignment=&#8221;center&#8221;][\/vc_column][vc_column width=&#8221;1\/2&#8243;][vc_single_image image=&#8221;1977&#8243; img_size=&#8221;full&#8221; alignment=&#8221;center&#8221;][\/vc_column][\/vc_row]<\/p>\n","protected":false},"excerpt":{"rendered":"<p>[vc_row][vc_column][vc_custom_heading text=&#8221;Ausr\u00fcstungen &#8211; Euroconstruct Trading `98&#8243; use_theme_fonts=&#8221;yes&#8221; el_class=&#8221;title&#8221;][vc_column_text]Euro Construct Trading 98 ist Eigent\u00fcmer eines beeindruckenden Ausr\u00fcstungs- und Ger\u00e4teparks, die zur Ausf\u00fchrung s\u00e4mtlicher notwendigen Stra\u00dfen- und Autobahnbauarbeiten verwendet werden k\u00f6nnen. Durch die Entwicklungspolitik versuchen wir, die neuesten Technologien und Ger\u00e4te in &hellip;<\/p>\n","protected":false},"author":1,"featured_media":0,"parent":2390,"menu_order":0,"comment_status":"closed","ping_status":"closed","template":"","meta":[],"yoast_head":"<!-- This site is optimized with the Yoast SEO plugin v16.1.1 - https:\/\/yoast.com\/wordpress\/plugins\/seo\/ -->\n<title>Ausr\u00fcstungen - Euroconstruct98<\/title>\n<link rel=\"canonical\" href=\"http:\/\/euroconstruct98.ro\/de\/infrastruktur\/ausruestungen\/\" \/>\n<meta property=\"og:locale\" content=\"de_DE\" \/>\n<meta property=\"og:type\" content=\"article\" \/>\n<meta property=\"og:title\" content=\"Ausr\u00fcstungen - Euroconstruct98\" \/>\n<meta property=\"og:description\" content=\"[vc_row][vc_column][vc_custom_heading text=&#8221;Ausr\u00fcstungen &#8211; Euroconstruct Trading `98&#8243; use_theme_fonts=&#8221;yes&#8221; el_class=&#8221;title&#8221;][vc_column_text]Euro Construct Trading 98 ist Eigent\u00fcmer eines beeindruckenden Ausr\u00fcstungs- und Ger\u00e4teparks, die zur Ausf\u00fchrung s\u00e4mtlicher notwendigen Stra\u00dfen- und Autobahnbauarbeiten verwendet werden k\u00f6nnen. Durch die Entwicklungspolitik versuchen wir, die neuesten Technologien und Ger\u00e4te in &hellip;\" \/>\n<meta property=\"og:url\" content=\"http:\/\/euroconstruct98.ro\/de\/infrastruktur\/ausruestungen\/\" \/>\n<meta property=\"og:site_name\" content=\"Euroconstruct98\" \/>\n<meta name=\"twitter:card\" content=\"summary_large_image\" \/>\n<meta name=\"twitter:label1\" content=\"Gesch\u00e4tzte Lesezeit\">\n\t<meta name=\"twitter:data1\" content=\"3\u00a0Minuten\">\n<script type=\"application\/ld+json\" class=\"yoast-schema-graph\">{\"@context\":\"https:\/\/schema.org\",\"@graph\":[{\"@type\":\"WebSite\",\"@id\":\"http:\/\/euroconstruct98.ro\/#website\",\"url\":\"http:\/\/euroconstruct98.ro\/\",\"name\":\"Euroconstruct98\",\"description\":\"Just another WordPress site\",\"potentialAction\":[{\"@type\":\"SearchAction\",\"target\":\"http:\/\/euroconstruct98.ro\/?s={search_term_string}\",\"query-input\":\"required name=search_term_string\"}],\"inLanguage\":\"de-DE\"},{\"@type\":\"WebPage\",\"@id\":\"http:\/\/euroconstruct98.ro\/de\/infrastruktur\/ausruestungen\/#webpage\",\"url\":\"http:\/\/euroconstruct98.ro\/de\/infrastruktur\/ausruestungen\/\",\"name\":\"Ausr\\u00fcstungen - Euroconstruct98\",\"isPartOf\":{\"@id\":\"http:\/\/euroconstruct98.ro\/#website\"},\"datePublished\":\"2017-12-12T11:12:18+00:00\",\"dateModified\":\"2017-12-12T11:12:18+00:00\",\"breadcrumb\":{\"@id\":\"http:\/\/euroconstruct98.ro\/de\/infrastruktur\/ausruestungen\/#breadcrumb\"},\"inLanguage\":\"de-DE\",\"potentialAction\":[{\"@type\":\"ReadAction\",\"target\":[\"http:\/\/euroconstruct98.ro\/de\/infrastruktur\/ausruestungen\/\"]}]},{\"@type\":\"BreadcrumbList\",\"@id\":\"http:\/\/euroconstruct98.ro\/de\/infrastruktur\/ausruestungen\/#breadcrumb\",\"itemListElement\":[{\"@type\":\"ListItem\",\"position\":1,\"item\":{\"@type\":\"WebPage\",\"@id\":\"https:\/\/euroconstruct98.ro\/de\/\",\"url\":\"https:\/\/euroconstruct98.ro\/de\/\",\"name\":\"Home\"}},{\"@type\":\"ListItem\",\"position\":2,\"item\":{\"@type\":\"WebPage\",\"@id\":\"http:\/\/euroconstruct98.ro\/de\/infrastruktur\/\",\"url\":\"http:\/\/euroconstruct98.ro\/de\/infrastruktur\/\",\"name\":\"Infrastruktur\"}},{\"@type\":\"ListItem\",\"position\":3,\"item\":{\"@type\":\"WebPage\",\"@id\":\"http:\/\/euroconstruct98.ro\/de\/infrastruktur\/ausruestungen\/\",\"url\":\"http:\/\/euroconstruct98.ro\/de\/infrastruktur\/ausruestungen\/\",\"name\":\"Ausr\\u00fcstungen\"}}]}]}<\/script>\n<!-- \/ Yoast SEO plugin. -->","_links":{"self":[{"href":"https:\/\/euroconstruct98.ro\/de\/wp-json\/wp\/v2\/pages\/2394"}],"collection":[{"href":"https:\/\/euroconstruct98.ro\/de\/wp-json\/wp\/v2\/pages"}],"about":[{"href":"https:\/\/euroconstruct98.ro\/de\/wp-json\/wp\/v2\/types\/page"}],"author":[{"embeddable":true,"href":"https:\/\/euroconstruct98.ro\/de\/wp-json\/wp\/v2\/users\/1"}],"replies":[{"embeddable":true,"href":"https:\/\/euroconstruct98.ro\/de\/wp-json\/wp\/v2\/comments?post=2394"}],"version-history":[{"count":1,"href":"https:\/\/euroconstruct98.ro\/de\/wp-json\/wp\/v2\/pages\/2394\/revisions"}],"predecessor-version":[{"id":2395,"href":"https:\/\/euroconstruct98.ro\/de\/wp-json\/wp\/v2\/pages\/2394\/revisions\/2395"}],"up":[{"embeddable":true,"href":"https:\/\/euroconstruct98.ro\/de\/wp-json\/wp\/v2\/pages\/2390"}],"wp:attachment":[{"href":"https:\/\/euroconstruct98.ro\/de\/wp-json\/wp\/v2\/media?parent=2394"}],"curies":[{"name":"wp","href":"https:\/\/api.w.org\/{rel}","templated":true}]}}