{"id":2392,"date":"2017-12-12T11:01:22","date_gmt":"2017-12-12T11:01:22","guid":{"rendered":"http:\/\/euro.digiteria.ro\/?page_id=2392"},"modified":"2017-12-12T11:01:22","modified_gmt":"2017-12-12T11:01:22","slug":"repraesentative-leistungen","status":"publish","type":"page","link":"https:\/\/euroconstruct98.ro\/de\/infrastruktur\/repraesentative-leistungen\/","title":{"rendered":"Repr\u00e4sentative Leistungen"},"content":{"rendered":"<p>[vc_row][vc_column][vc_custom_heading text=&#8221;Repr\u00e4sentative Leistungen &#8211; Euroconstruct Trading `98&#8243; use_theme_fonts=&#8221;yes&#8221; el_class=&#8221;title&#8221;][vc_column_text]<\/p>\n<ul>\n<li>Modernisierung der Stra\u00dfeninfrastruktur Piata Sudului<\/li>\n<li>Planung und Ausf\u00fchrung der Autobahn Orastie &#8211; Sibiu &#8211; Los 4<\/li>\n<li>Sanierung der Autobahn Bukarest &#8211; Pitesti Km 23 + 46<\/li>\n<li>Ausf\u00fchrung der Autobahn A3 &#8211; Abschnitt Bukarest &#8211; Ploiesti Km 19 + 500- Km 62 + 000<\/li>\n<li>Verbreiterung der Ringstra\u00dfe Bukarest S\u00fcd auf 4 Spuren zwischen A2 (Km 23 + 600) und A1 (Km 55 + 520)<\/li>\n<li>Sanierung der Nationalstra\u00dfe 6-Alexandria-Craiova-Los 2<\/li>\n<li>Instandhaltung und Verwaltung von Stra\u00dfen f\u00fcr 4 Jahre Paket 2 und 5<\/li>\n<li>Sanierung des Stra\u00dfennetzes und \u00f6ffentliche Arbeiten &#8211; Paket 2<\/li>\n<li>Stra\u00dfensanierung Pache 46 &#8211; &#8220;Humulesti Stra\u00dfe, Freamat Stra\u00dfe &#8220;<\/li>\n<li>Modernisierung von Piata Romana und der Fu\u00dfg\u00e4ngerpassage<\/li>\n<li>Sanierung des Stra\u00dfennetzes und der Stra\u00dfenbahnlinie auf dem Liviu Rebreanu Blvd.<\/li>\n<li>Die Bauarbeiten und die damit verbundene technische Planung in Zusammenhang mit dem Bauvorhaben Durchdringung und Anschluss Splaiul Independentei- Ciurel- Autobahn Bukarest<\/li>\n<\/ul>\n<p>[\/vc_column_text][\/vc_column][\/vc_row][vc_row][vc_column width=&#8221;1\/2&#8243;][vc_single_image image=&#8221;1963&#8243; img_size=&#8221;full&#8221; alignment=&#8221;center&#8221;][\/vc_column][vc_column width=&#8221;1\/2&#8243;][vc_single_image image=&#8221;1964&#8243; img_size=&#8221;full&#8221; alignment=&#8221;center&#8221;][\/vc_column][\/vc_row][vc_row][vc_column][vc_column_text]<\/p>\n<ul>\n<li>Bau-, Grund- und Stra\u00dfenbaubereich im 4. Stadtbezirk<br \/>\nDRDP BUKAREST.<\/li>\n<li>Reparaturarbeiten Ringstra\u00dfe 6 Magurele<\/li>\n<li>Reparaturarbeiten der Nationalstra\u00dfe 10 Siriu<\/li>\n<li>Bitumenbehandlung auf der Nationalstra\u00dfe 7C, DN2, SDN Pitesti<\/li>\n<li>Asphaltdeckschichten Typ BAD 25 und MASF 16 auf der Nationalstra\u00dfe 2, Km 7 + 848 Km 11 + 100<\/li>\n<li>Modernisierung der Stra\u00dfenbahnlinie auf den Strecken Manastur-Piata Garii-Bdul. Muncii<\/li>\n<li>Modernisierung und Sanierung der Calea Calarasilor Stra\u00dfe in der Gro\u00dfstadt Braila auf dem Abschnitt zwischen Dorobantilor Blvd und Bd. Independentei<\/li>\n<li>Modernisierung der Kreisstra\u00dfe 7031: Musatesti (Nationalstra\u00dfe 73C-Bradulet-Bradetu-Poienile Valsanului) zur Verbesserung und Weiterentwicklung der touristischen Infrastruktur, Km 28 + 822-53 + 600.<\/li>\n<li>Sanierung der Stra\u00dfenbahnlinien Liviu Rebreanu<\/li>\n<li>Sanierung der Stra\u00dfenbahnlinien Soseaua Oltenitei<\/li>\n<li>Sanierung der Stra\u00dfenbahnlinien Tunari Stra\u00dfe<\/li>\n<li>Sanierung der Stra\u00dfenbahnlinien Buzesti Berzei Uranus<\/li>\n<li>Sanierung der Eisenbahnlinie Grenze-Curtici-Simeria, Bestandteil des Paneurop\u00e4ischen Korridors IV (Abschnitt 1: Grenze &#8211; Curtici &#8211; Arad &#8211; Km 614)<\/li>\n<\/ul>\n<p>[\/vc_column_text][\/vc_column][\/vc_row]<\/p>\n","protected":false},"excerpt":{"rendered":"<p>[vc_row][vc_column][vc_custom_heading text=&#8221;Repr\u00e4sentative Leistungen &#8211; Euroconstruct Trading `98&#8243; use_theme_fonts=&#8221;yes&#8221; el_class=&#8221;title&#8221;][vc_column_text] Modernisierung der Stra\u00dfeninfrastruktur Piata Sudului Planung und Ausf\u00fchrung der Autobahn Orastie &#8211; Sibiu &#8211; Los 4 Sanierung der Autobahn Bukarest &#8211; Pitesti Km 23 + 46 Ausf\u00fchrung der Autobahn A3 &#8211; &hellip;<\/p>\n","protected":false},"author":1,"featured_media":0,"parent":2390,"menu_order":0,"comment_status":"closed","ping_status":"closed","template":"","meta":[],"yoast_head":"<!-- This site is optimized with the Yoast SEO plugin v16.1.1 - https:\/\/yoast.com\/wordpress\/plugins\/seo\/ -->\n<title>Repr\u00e4sentative Leistungen - Euroconstruct98<\/title>\n<link rel=\"canonical\" href=\"http:\/\/euroconstruct98.ro\/de\/infrastruktur\/repraesentative-leistungen\/\" \/>\n<meta property=\"og:locale\" content=\"de_DE\" \/>\n<meta property=\"og:type\" content=\"article\" \/>\n<meta property=\"og:title\" content=\"Repr\u00e4sentative Leistungen - Euroconstruct98\" \/>\n<meta property=\"og:description\" content=\"[vc_row][vc_column][vc_custom_heading text=&#8221;Repr\u00e4sentative Leistungen &#8211; Euroconstruct Trading `98&#8243; use_theme_fonts=&#8221;yes&#8221; el_class=&#8221;title&#8221;][vc_column_text] Modernisierung der Stra\u00dfeninfrastruktur Piata Sudului Planung und Ausf\u00fchrung der Autobahn Orastie &#8211; Sibiu &#8211; Los 4 Sanierung der Autobahn Bukarest &#8211; Pitesti Km 23 + 46 Ausf\u00fchrung der Autobahn A3 &#8211; &hellip;\" \/>\n<meta property=\"og:url\" content=\"http:\/\/euroconstruct98.ro\/de\/infrastruktur\/repraesentative-leistungen\/\" \/>\n<meta property=\"og:site_name\" content=\"Euroconstruct98\" \/>\n<meta name=\"twitter:card\" content=\"summary_large_image\" \/>\n<meta name=\"twitter:label1\" content=\"Gesch\u00e4tzte Lesezeit\">\n\t<meta name=\"twitter:data1\" content=\"2\u00a0Minuten\">\n<script type=\"application\/ld+json\" class=\"yoast-schema-graph\">{\"@context\":\"https:\/\/schema.org\",\"@graph\":[{\"@type\":\"WebSite\",\"@id\":\"http:\/\/euroconstruct98.ro\/#website\",\"url\":\"http:\/\/euroconstruct98.ro\/\",\"name\":\"Euroconstruct98\",\"description\":\"Just another WordPress site\",\"potentialAction\":[{\"@type\":\"SearchAction\",\"target\":\"http:\/\/euroconstruct98.ro\/?s={search_term_string}\",\"query-input\":\"required name=search_term_string\"}],\"inLanguage\":\"de-DE\"},{\"@type\":\"WebPage\",\"@id\":\"http:\/\/euroconstruct98.ro\/de\/infrastruktur\/repraesentative-leistungen\/#webpage\",\"url\":\"http:\/\/euroconstruct98.ro\/de\/infrastruktur\/repraesentative-leistungen\/\",\"name\":\"Repr\\u00e4sentative Leistungen - Euroconstruct98\",\"isPartOf\":{\"@id\":\"http:\/\/euroconstruct98.ro\/#website\"},\"datePublished\":\"2017-12-12T11:01:22+00:00\",\"dateModified\":\"2017-12-12T11:01:22+00:00\",\"breadcrumb\":{\"@id\":\"http:\/\/euroconstruct98.ro\/de\/infrastruktur\/repraesentative-leistungen\/#breadcrumb\"},\"inLanguage\":\"de-DE\",\"potentialAction\":[{\"@type\":\"ReadAction\",\"target\":[\"http:\/\/euroconstruct98.ro\/de\/infrastruktur\/repraesentative-leistungen\/\"]}]},{\"@type\":\"BreadcrumbList\",\"@id\":\"http:\/\/euroconstruct98.ro\/de\/infrastruktur\/repraesentative-leistungen\/#breadcrumb\",\"itemListElement\":[{\"@type\":\"ListItem\",\"position\":1,\"item\":{\"@type\":\"WebPage\",\"@id\":\"https:\/\/euroconstruct98.ro\/de\/\",\"url\":\"https:\/\/euroconstruct98.ro\/de\/\",\"name\":\"Home\"}},{\"@type\":\"ListItem\",\"position\":2,\"item\":{\"@type\":\"WebPage\",\"@id\":\"http:\/\/euroconstruct98.ro\/de\/infrastruktur\/\",\"url\":\"http:\/\/euroconstruct98.ro\/de\/infrastruktur\/\",\"name\":\"Infrastruktur\"}},{\"@type\":\"ListItem\",\"position\":3,\"item\":{\"@type\":\"WebPage\",\"@id\":\"http:\/\/euroconstruct98.ro\/de\/infrastruktur\/repraesentative-leistungen\/\",\"url\":\"http:\/\/euroconstruct98.ro\/de\/infrastruktur\/repraesentative-leistungen\/\",\"name\":\"Repr\\u00e4sentative Leistungen\"}}]}]}<\/script>\n<!-- \/ Yoast SEO plugin. -->","_links":{"self":[{"href":"https:\/\/euroconstruct98.ro\/de\/wp-json\/wp\/v2\/pages\/2392"}],"collection":[{"href":"https:\/\/euroconstruct98.ro\/de\/wp-json\/wp\/v2\/pages"}],"about":[{"href":"https:\/\/euroconstruct98.ro\/de\/wp-json\/wp\/v2\/types\/page"}],"author":[{"embeddable":true,"href":"https:\/\/euroconstruct98.ro\/de\/wp-json\/wp\/v2\/users\/1"}],"replies":[{"embeddable":true,"href":"https:\/\/euroconstruct98.ro\/de\/wp-json\/wp\/v2\/comments?post=2392"}],"version-history":[{"count":1,"href":"https:\/\/euroconstruct98.ro\/de\/wp-json\/wp\/v2\/pages\/2392\/revisions"}],"predecessor-version":[{"id":2393,"href":"https:\/\/euroconstruct98.ro\/de\/wp-json\/wp\/v2\/pages\/2392\/revisions\/2393"}],"up":[{"embeddable":true,"href":"https:\/\/euroconstruct98.ro\/de\/wp-json\/wp\/v2\/pages\/2390"}],"wp:attachment":[{"href":"https:\/\/euroconstruct98.ro\/de\/wp-json\/wp\/v2\/media?parent=2392"}],"curies":[{"name":"wp","href":"https:\/\/api.w.org\/{rel}","templated":true}]}}