{"id":2390,"date":"2017-12-12T10:57:15","date_gmt":"2017-12-12T10:57:15","guid":{"rendered":"http:\/\/euro.digiteria.ro\/?page_id=2390"},"modified":"2017-12-13T12:38:29","modified_gmt":"2017-12-13T12:38:29","slug":"infrastruktur","status":"publish","type":"page","link":"https:\/\/euroconstruct98.ro\/de\/infrastruktur\/","title":{"rendered":"Infrastruktur"},"content":{"rendered":"<p>[vc_row][vc_column][vc_custom_heading text=&#8221;Infrastruktur&#8221; use_theme_fonts=&#8221;yes&#8221; el_class=&#8221;title&#8221;][vc_column_text]Euro Construct 98 ist ein Unternehmen, das alle Qualit\u00e4tsstandards beim Bau und bei der Entwicklung der Stra\u00dfeninfrastruktur einh\u00e4lt. Wir sind ein zuverl\u00e4ssiger Partner in diesem Bereich, was durch die zahlreichen Arbeiten, die zu unserem Portfolio geh\u00f6ren, bewiesen wird, wobei wie \u00fcber eine Erfahrung von fast 20 Jahren in diesem Bereich (im 2018) haben.<\/p>\n<p>Die Einhaltung der internationalen Best-Practice-Standards ISO 9001, ISO 14001, OHSAS 18001 fordern uns, jeden Tag besser zu werden, unsere Grenzen zu \u00fcberschreiten und unsere Kenntnisse und F\u00e4higkeiten zu aktualisieren.<\/p>\n<p>Ferner versuchen wir immer wieder, die besten L\u00f6sungen im Bereich zu finden, wir forschen, innovieren, erfinden vom Neuen, wobei unser Ziel ist, einen Ma\u00dfstab auf dem Bezugsmarkt angesichts der Qualit\u00e4t der Dienstleistungen, einschlie\u00dflich des Umwelt- und Mitarbeiterschutzes, zu werden.<\/p>\n<p>Was den Umweltschutz betrifft, stellt Construct Euro 98 sicher, dass im Rahmen s\u00e4mtlicher durchgef\u00fchrten Arbeiten die anerkannten Regeln der Technik und des Risikomanagements f\u00fcr Umweltschutzaktivit\u00e4ten verantwortungsvoll umgesetzt werden.[\/vc_column_text][\/vc_column][\/vc_row][vc_row][vc_column width=&#8221;1\/2&#8243;][vc_single_image image=&#8221;1953&#8243; img_size=&#8221;full&#8221; alignment=&#8221;center&#8221;][\/vc_column][vc_column width=&#8221;1\/2&#8243;][vc_single_image image=&#8221;1954&#8243; img_size=&#8221;full&#8221; alignment=&#8221;center&#8221;][\/vc_column][\/vc_row][vc_row][vc_column][vc_column_text]Die Minimierung der Abf\u00e4lle, die Schonung nat\u00fcrlicher Ressourcen und das sorgf\u00e4ltige Management von Emissionen sind weitere Bestandteile unserer Politik, um die Auswirkungen der durchgef\u00fchrten Arbeiten auf die Umwelt zu minimieren.<\/p>\n<p>Die Professionalit\u00e4t und die hochmoderne Technologie sind unsere St\u00e4rken. Durch unsere Forschungslabore streben wir st\u00e4ndig danach, Dienstleistungen von tadelloser Qualit\u00e4t f\u00fcr unsere Kunden zu entwickeln. Aus logistischer Hinsicht verf\u00fcgt unser Unternehmen \u00fcber die besten Technologien und Ger\u00e4te in diesem Bereich und investiert st\u00e4ndig in deren Erwerb.<\/p>\n<p>Unser Leistungsportfolio umfasst die Planung und Ausf\u00fchrung der Autobahn Sibiu-Orastie, Los 4, Autobahn Bukarest-Pitesti (Km 23-46). Die Sanierung der Eisenbahnlinie auf der Strecke Brasov-Simeria, Teil der europ\u00e4ischen Korridors IV, f\u00fcr Z\u00fcge mit einer H\u00f6chstgeschwindigkeit von 160 Km \/ h. Die Autobahn Bukarest-Ploiesti, sowie die Sanierung oder Modernisierung anderer Nationalstra\u00dfen oder Stra\u00dfen in wichtigen St\u00e4dten des Landes.<\/p>\n<p>Eine Auswahl repr\u00e4sentativer Projekte finden Sie auf der Seite <a href=\"\/de\/infrastruktur\/repraesentative-leistungen\/\">Repr\u00e4sentative Leistungen<\/a>.[\/vc_column_text][\/vc_column][\/vc_row]<\/p>\n","protected":false},"excerpt":{"rendered":"<p>[vc_row][vc_column][vc_custom_heading text=&#8221;Infrastruktur&#8221; use_theme_fonts=&#8221;yes&#8221; el_class=&#8221;title&#8221;][vc_column_text]Euro Construct 98 ist ein Unternehmen, das alle Qualit\u00e4tsstandards beim Bau und bei der Entwicklung der Stra\u00dfeninfrastruktur einh\u00e4lt. Wir sind ein zuverl\u00e4ssiger Partner in diesem Bereich, was durch die zahlreichen Arbeiten, die zu unserem Portfolio geh\u00f6ren, bewiesen &hellip;<\/p>\n","protected":false},"author":1,"featured_media":0,"parent":0,"menu_order":0,"comment_status":"closed","ping_status":"closed","template":"","meta":[],"yoast_head":"<!-- This site is optimized with the Yoast SEO plugin v16.1.1 - https:\/\/yoast.com\/wordpress\/plugins\/seo\/ -->\n<title>Infrastruktur - Euroconstruct98<\/title>\n<link rel=\"canonical\" href=\"http:\/\/euroconstruct98.ro\/de\/infrastruktur\/\" \/>\n<meta property=\"og:locale\" content=\"de_DE\" \/>\n<meta property=\"og:type\" content=\"article\" \/>\n<meta property=\"og:title\" content=\"Infrastruktur - Euroconstruct98\" \/>\n<meta property=\"og:description\" content=\"[vc_row][vc_column][vc_custom_heading text=&#8221;Infrastruktur&#8221; use_theme_fonts=&#8221;yes&#8221; el_class=&#8221;title&#8221;][vc_column_text]Euro Construct 98 ist ein Unternehmen, das alle Qualit\u00e4tsstandards beim Bau und bei der Entwicklung der Stra\u00dfeninfrastruktur einh\u00e4lt. Wir sind ein zuverl\u00e4ssiger Partner in diesem Bereich, was durch die zahlreichen Arbeiten, die zu unserem Portfolio geh\u00f6ren, bewiesen &hellip;\" \/>\n<meta property=\"og:url\" content=\"http:\/\/euroconstruct98.ro\/de\/infrastruktur\/\" \/>\n<meta property=\"og:site_name\" content=\"Euroconstruct98\" \/>\n<meta property=\"article:modified_time\" content=\"2017-12-13T12:38:29+00:00\" \/>\n<meta name=\"twitter:card\" content=\"summary_large_image\" \/>\n<meta name=\"twitter:label1\" content=\"Gesch\u00e4tzte Lesezeit\">\n\t<meta name=\"twitter:data1\" content=\"2\u00a0Minuten\">\n<script type=\"application\/ld+json\" class=\"yoast-schema-graph\">{\"@context\":\"https:\/\/schema.org\",\"@graph\":[{\"@type\":\"WebSite\",\"@id\":\"http:\/\/euroconstruct98.ro\/#website\",\"url\":\"http:\/\/euroconstruct98.ro\/\",\"name\":\"Euroconstruct98\",\"description\":\"Just another WordPress site\",\"potentialAction\":[{\"@type\":\"SearchAction\",\"target\":\"http:\/\/euroconstruct98.ro\/?s={search_term_string}\",\"query-input\":\"required name=search_term_string\"}],\"inLanguage\":\"de-DE\"},{\"@type\":\"WebPage\",\"@id\":\"http:\/\/euroconstruct98.ro\/de\/infrastruktur\/#webpage\",\"url\":\"http:\/\/euroconstruct98.ro\/de\/infrastruktur\/\",\"name\":\"Infrastruktur - Euroconstruct98\",\"isPartOf\":{\"@id\":\"http:\/\/euroconstruct98.ro\/#website\"},\"datePublished\":\"2017-12-12T10:57:15+00:00\",\"dateModified\":\"2017-12-13T12:38:29+00:00\",\"breadcrumb\":{\"@id\":\"http:\/\/euroconstruct98.ro\/de\/infrastruktur\/#breadcrumb\"},\"inLanguage\":\"de-DE\",\"potentialAction\":[{\"@type\":\"ReadAction\",\"target\":[\"http:\/\/euroconstruct98.ro\/de\/infrastruktur\/\"]}]},{\"@type\":\"BreadcrumbList\",\"@id\":\"http:\/\/euroconstruct98.ro\/de\/infrastruktur\/#breadcrumb\",\"itemListElement\":[{\"@type\":\"ListItem\",\"position\":1,\"item\":{\"@type\":\"WebPage\",\"@id\":\"https:\/\/euroconstruct98.ro\/de\/\",\"url\":\"https:\/\/euroconstruct98.ro\/de\/\",\"name\":\"Home\"}},{\"@type\":\"ListItem\",\"position\":2,\"item\":{\"@type\":\"WebPage\",\"@id\":\"http:\/\/euroconstruct98.ro\/de\/infrastruktur\/\",\"url\":\"http:\/\/euroconstruct98.ro\/de\/infrastruktur\/\",\"name\":\"Infrastruktur\"}}]}]}<\/script>\n<!-- \/ Yoast SEO plugin. -->","_links":{"self":[{"href":"https:\/\/euroconstruct98.ro\/de\/wp-json\/wp\/v2\/pages\/2390"}],"collection":[{"href":"https:\/\/euroconstruct98.ro\/de\/wp-json\/wp\/v2\/pages"}],"about":[{"href":"https:\/\/euroconstruct98.ro\/de\/wp-json\/wp\/v2\/types\/page"}],"author":[{"embeddable":true,"href":"https:\/\/euroconstruct98.ro\/de\/wp-json\/wp\/v2\/users\/1"}],"replies":[{"embeddable":true,"href":"https:\/\/euroconstruct98.ro\/de\/wp-json\/wp\/v2\/comments?post=2390"}],"version-history":[{"count":2,"href":"https:\/\/euroconstruct98.ro\/de\/wp-json\/wp\/v2\/pages\/2390\/revisions"}],"predecessor-version":[{"id":2499,"href":"https:\/\/euroconstruct98.ro\/de\/wp-json\/wp\/v2\/pages\/2390\/revisions\/2499"}],"wp:attachment":[{"href":"https:\/\/euroconstruct98.ro\/de\/wp-json\/wp\/v2\/media?parent=2390"}],"curies":[{"name":"wp","href":"https:\/\/api.w.org\/{rel}","templated":true}]}}