{"id":2378,"date":"2017-12-12T10:46:44","date_gmt":"2017-12-12T10:46:44","guid":{"rendered":"http:\/\/euro.digiteria.ro\/?page_id=2378"},"modified":"2017-12-21T11:44:16","modified_gmt":"2017-12-21T11:44:16","slug":"zertifizierungen","status":"publish","type":"page","link":"https:\/\/euroconstruct98.ro\/de\/ueber-uns\/zertifizierungen\/","title":{"rendered":"Zertifizierungen"},"content":{"rendered":"<p>[vc_row][vc_column][vc_custom_heading text=&#8221;Zertifizierungen von Euroconstruct Trading `98 &#8221; use_theme_fonts=&#8221;yes&#8221; el_class=&#8221;title&#8221;][vc_column_text]EURO CONSTRUCT TRADING\u201998 S.R.L. organisiert und \u00fcbernimmt die volle Verantwortung f\u00fcr die Erreichung der Ziele in Zusammenhang mit der Qualit\u00e4tssicherung und -kontrolle in den Bereichen, die dem Umfang der T\u00e4tigkeiten geh\u00f6ren.<\/p>\n<p>Die Qualit\u00e4t der ausgef\u00fchrten Arbeiten wird durch die Empfehlungen der Kunden hervorgehoben. Die Zertifikate \u00fcber die Umsetzung und die laufende Aufrechterhaltung des Qualit\u00e4tsmanagementsystems, des Umweltmanagementsystems, des Gesundheits- und Sicherheitsmanagementsystems am Arbeitsplatz und \u00fcbe das Managementsystem der Sozialverantwortung, die durch SRAC und IQNet ausgegeben wurden.<\/p>\n<p>F\u00fcr Produkte, die von unserer Firma hergestellt sind, wurden Konformit\u00e4tszertifikate durch die Zertifizierungsstelle SRAC und technische Zulassungen, ausgestellt durch die Zertifizierungsstelle Incecon, vorgelegt.<br \/>\nIm Einklang mit dem Hauptziel, die Kundenanforderungen in vollem Umfang zu erf\u00fcllen, hat Euro Construct Trading 98 S.R.L. im Jahr 2002 die Zertifizierung ISO 9001, im Jahr 2005 die Zertifizierung ISO-14001, im Jahr 2005 die Zertifizierung OHSAS 18001, im Jahr 2009 die Zertifizierung f\u00fcr die soziale Verantwortung SA 8000 und im Jahr 2012 die Zertifizierung f\u00fcr Informationssicherheit nach ISO \/ IEC 27001 erhalten.<\/p>\n<p>Die Anerkennung der Leistungsf\u00e4higkeit der angebotenen Produkte und Dienstleistungen wurde durch die Kundenbindung und die Positionierung der Organisation auf den ersten Pl\u00e4tzen der Rangfolge der Unternehmen, die in diesem Bereich t\u00e4tig sind, konkretisiert.<\/p>\n<h2>ERKL\u00c4RUNG DER POLITIK IM BEREICH DES INTEGRIERTEN MANAGEMENTSYSTEMS<\/h2>\n<p>Die Vision der Gesch\u00e4ftsf\u00fchrung der Firma S.C. EURO CONSTRUCT TRADING\u201998 SRL im Bereich der Qualit\u00e4t, der Umwelt, der Sicherheit und der Gesundheit an der Arbeitsstelle, der sozialen Verantwortung und der Informationssicherheit ist die Weiterf\u00fchrung des Rufs der Organisation, der durch die Organisation durch die Qualit\u00e4t gebaut wurde, durch Verbesserung der Qualit\u00e4t der angebotenen Dienstleistungen, um den Bed\u00fcrfnissen und Erwartungen aller Beteiligten (Kunden, Organisationspersonal, Lieferanten und Partner) gerecht zu werden.<\/p>\n<p>Verbunden mit den Qualit\u00e4tsanforderungen der Europ\u00e4ischen Union sowie den Anforderungen gem\u00e4\u00df den Standards SR EN ISO 9000 zielt S.C. EURO CONSTRUCT TRADING&#8217;98 SRL ab:<\/p>\n<ul>\n<li>Kontinuierliche Verbesserung der Organisationsperformance;<\/li>\n<li>Aufrechterhaltung der Qualit\u00e4tskultur in der gesamten Organisation<\/li>\n<li>Orientierung der gesamten Organisation an den Kundenanforderungen;<\/li>\n<li>F\u00f6rderung von Politiken und Zielen zur Sensibilisierung, Motivation und Engagement aller Mitarbeiter;<\/li>\n<li>Direkte und verantwortungsbewusste Mitwirkung des Top-Managements bei der Koordination und Kontrolle von Prozessen und Aktivit\u00e4ten innerhalb der Organisation.<\/li>\n<\/ul>\n<p><strong>Wie Ma\u00dfnahmen von S.C. EURO CONSTRUCT TRADING&#8217;98 verfolgen haupts\u00e4chlich<\/strong><\/p>\n<ul>\n<li>St\u00e4ndiges Wachstum des Vertrauens und der Zufriedenheit unserer Kunden, um diese entsprechend zu binden;<\/li>\n<li>Gewinnung neuer Kunden durch F\u00f6rderung eines wettbewerbsf\u00e4higen Images des Unternehmens;<\/li>\n<li>Erzielung spezifischer Leistungsindikatoren bei allen Aktivit\u00e4ten, Erzielung von Leistung durch Modernisierung der Arbeitsmethoden;<\/li>\n<li>Sicherstellung der Kompetenz f\u00fcr das Personal, welches T\u00e4tigkeiten aus\u00fcbt, die die Qualit\u00e4t der Dienstleistungen, die durch unsere Handelsgesellschaft angeboten werden, beeinflussen, sowie Ausbildung und Aufkl\u00e4rung;<\/li>\n<\/ul>\n<p><strong>Das Top-Management gew\u00e4hrleistet <\/strong><\/p>\n<ul>\n<li>die Erf\u00fcllung der Kundenanforderungen und \u2013erwartungen, sowie der gesetzlichen und regulatorischen Bestimmungen;<\/li>\n<li>Kontinuierliche Verbesserung der Wirksamkeit des integrierten Managementsystems;<\/li>\n<li>Dauerhafte Anpassung an \u00e4u\u00dfere Ver\u00e4nderungen;<\/li>\n<li>Rahmen f\u00fcr die Festlegung, \u00dcberwachung und Analyse von Qualit\u00e4tszielen;<\/li>\n<li>Kommunikation und Verst\u00e4ndnis der \u201eErkl\u00e4rung \u00fcber die Politik im Qualit\u00e4tsbereich&#8221; auf allen Ebenen der Organisation;<\/li>\n<li>Regelm\u00e4\u00dfige Analyse dieser Politik zur Anpassung und zur st\u00e4ndigen Verbesserung.<\/li>\n<\/ul>\n<p>Ich bin sicher, dass die praktische Umsetzung der vereinbarten Ziele innerhalb von S.C.EURO CONSTRUCT TRADING\u201998 SRL unter voller Einbeziehung aller Mitarbeiter erfolgt, durch deren Beitritt zu den gemeinsamen gef\u00f6rderten Werten im Bereich der Qualit\u00e4t, der Umwelt, der Gesundheit und der Sicherheit am Arbeitsplatz, der soziale Verantwortung und der Informationssicherheit, sowie unter der Nutzung der F\u00e4higkeiten der Mitarbeiter zugunsten s\u00e4mtlicher Beteiligten.[\/vc_column_text][\/vc_column][\/vc_row][vc_row][vc_column width=&#8221;1\/2&#8243;][vc_btn title=&#8221;Zertifizierungen von Euroconstruct Trading `98 &#8221; link=&#8221;url:http%3A%2F%2Feuroconstruct98.ro%2Fwp-content%2Fuploads%2F2017%2F12%2FCertificate-Euroconstruct98.compressed.pdf||target:%20_blank|&#8221;][\/vc_column][vc_column width=&#8221;1\/2&#8243;][\/vc_column][\/vc_row]<\/p>\n","protected":false},"excerpt":{"rendered":"<p>[vc_row][vc_column][vc_custom_heading text=&#8221;Zertifizierungen von Euroconstruct Trading `98 &#8221; use_theme_fonts=&#8221;yes&#8221; el_class=&#8221;title&#8221;][vc_column_text]EURO CONSTRUCT TRADING\u201998 S.R.L. organisiert und \u00fcbernimmt die volle Verantwortung f\u00fcr die Erreichung der Ziele in Zusammenhang mit der Qualit\u00e4tssicherung und -kontrolle in den Bereichen, die dem Umfang der T\u00e4tigkeiten geh\u00f6ren. Die &hellip;<\/p>\n","protected":false},"author":1,"featured_media":0,"parent":2374,"menu_order":0,"comment_status":"closed","ping_status":"closed","template":"","meta":[],"yoast_head":"<!-- This site is optimized with the Yoast SEO plugin v16.1.1 - https:\/\/yoast.com\/wordpress\/plugins\/seo\/ -->\n<title>Zertifizierungen - Euroconstruct98<\/title>\n<link rel=\"canonical\" href=\"http:\/\/euroconstruct98.ro\/de\/ueber-uns\/zertifizierungen\/\" \/>\n<meta property=\"og:locale\" content=\"de_DE\" \/>\n<meta property=\"og:type\" content=\"article\" \/>\n<meta property=\"og:title\" content=\"Zertifizierungen - Euroconstruct98\" \/>\n<meta property=\"og:description\" content=\"[vc_row][vc_column][vc_custom_heading text=&#8221;Zertifizierungen von Euroconstruct Trading `98 &#8221; use_theme_fonts=&#8221;yes&#8221; el_class=&#8221;title&#8221;][vc_column_text]EURO CONSTRUCT TRADING\u201998 S.R.L. organisiert und \u00fcbernimmt die volle Verantwortung f\u00fcr die Erreichung der Ziele in Zusammenhang mit der Qualit\u00e4tssicherung und -kontrolle in den Bereichen, die dem Umfang der T\u00e4tigkeiten geh\u00f6ren. Die &hellip;\" \/>\n<meta property=\"og:url\" content=\"http:\/\/euroconstruct98.ro\/de\/ueber-uns\/zertifizierungen\/\" \/>\n<meta property=\"og:site_name\" content=\"Euroconstruct98\" \/>\n<meta property=\"article:modified_time\" content=\"2017-12-21T11:44:16+00:00\" \/>\n<meta name=\"twitter:card\" content=\"summary_large_image\" \/>\n<meta name=\"twitter:label1\" content=\"Gesch\u00e4tzte Lesezeit\">\n\t<meta name=\"twitter:data1\" content=\"3\u00a0Minuten\">\n<script type=\"application\/ld+json\" class=\"yoast-schema-graph\">{\"@context\":\"https:\/\/schema.org\",\"@graph\":[{\"@type\":\"WebSite\",\"@id\":\"http:\/\/euroconstruct98.ro\/#website\",\"url\":\"http:\/\/euroconstruct98.ro\/\",\"name\":\"Euroconstruct98\",\"description\":\"Just another WordPress site\",\"potentialAction\":[{\"@type\":\"SearchAction\",\"target\":\"http:\/\/euroconstruct98.ro\/?s={search_term_string}\",\"query-input\":\"required name=search_term_string\"}],\"inLanguage\":\"de-DE\"},{\"@type\":\"WebPage\",\"@id\":\"http:\/\/euroconstruct98.ro\/de\/ueber-uns\/zertifizierungen\/#webpage\",\"url\":\"http:\/\/euroconstruct98.ro\/de\/ueber-uns\/zertifizierungen\/\",\"name\":\"Zertifizierungen - Euroconstruct98\",\"isPartOf\":{\"@id\":\"http:\/\/euroconstruct98.ro\/#website\"},\"datePublished\":\"2017-12-12T10:46:44+00:00\",\"dateModified\":\"2017-12-21T11:44:16+00:00\",\"breadcrumb\":{\"@id\":\"http:\/\/euroconstruct98.ro\/de\/ueber-uns\/zertifizierungen\/#breadcrumb\"},\"inLanguage\":\"de-DE\",\"potentialAction\":[{\"@type\":\"ReadAction\",\"target\":[\"http:\/\/euroconstruct98.ro\/de\/ueber-uns\/zertifizierungen\/\"]}]},{\"@type\":\"BreadcrumbList\",\"@id\":\"http:\/\/euroconstruct98.ro\/de\/ueber-uns\/zertifizierungen\/#breadcrumb\",\"itemListElement\":[{\"@type\":\"ListItem\",\"position\":1,\"item\":{\"@type\":\"WebPage\",\"@id\":\"https:\/\/euroconstruct98.ro\/de\/\",\"url\":\"https:\/\/euroconstruct98.ro\/de\/\",\"name\":\"Home\"}},{\"@type\":\"ListItem\",\"position\":2,\"item\":{\"@type\":\"WebPage\",\"@id\":\"https:\/\/euroconstruct98.ro\/de\/ueber-uns\/\",\"url\":\"https:\/\/euroconstruct98.ro\/de\/ueber-uns\/\",\"name\":\"\\u00dcber uns\"}},{\"@type\":\"ListItem\",\"position\":3,\"item\":{\"@type\":\"WebPage\",\"@id\":\"http:\/\/euroconstruct98.ro\/de\/ueber-uns\/zertifizierungen\/\",\"url\":\"http:\/\/euroconstruct98.ro\/de\/ueber-uns\/zertifizierungen\/\",\"name\":\"Zertifizierungen\"}}]}]}<\/script>\n<!-- \/ Yoast SEO plugin. -->","_links":{"self":[{"href":"https:\/\/euroconstruct98.ro\/de\/wp-json\/wp\/v2\/pages\/2378"}],"collection":[{"href":"https:\/\/euroconstruct98.ro\/de\/wp-json\/wp\/v2\/pages"}],"about":[{"href":"https:\/\/euroconstruct98.ro\/de\/wp-json\/wp\/v2\/types\/page"}],"author":[{"embeddable":true,"href":"https:\/\/euroconstruct98.ro\/de\/wp-json\/wp\/v2\/users\/1"}],"replies":[{"embeddable":true,"href":"https:\/\/euroconstruct98.ro\/de\/wp-json\/wp\/v2\/comments?post=2378"}],"version-history":[{"count":2,"href":"https:\/\/euroconstruct98.ro\/de\/wp-json\/wp\/v2\/pages\/2378\/revisions"}],"predecessor-version":[{"id":2515,"href":"https:\/\/euroconstruct98.ro\/de\/wp-json\/wp\/v2\/pages\/2378\/revisions\/2515"}],"up":[{"embeddable":true,"href":"https:\/\/euroconstruct98.ro\/de\/wp-json\/wp\/v2\/pages\/2374"}],"wp:attachment":[{"href":"https:\/\/euroconstruct98.ro\/de\/wp-json\/wp\/v2\/media?parent=2378"}],"curies":[{"name":"wp","href":"https:\/\/api.w.org\/{rel}","templated":true}]}}