{"id":2374,"date":"2017-12-12T10:35:57","date_gmt":"2017-12-12T10:35:57","guid":{"rendered":"http:\/\/euro.digiteria.ro\/?page_id=2374"},"modified":"2017-12-12T10:49:21","modified_gmt":"2017-12-12T10:49:21","slug":"ueber-uns","status":"publish","type":"page","link":"https:\/\/euroconstruct98.ro\/de\/ueber-uns\/","title":{"rendered":"\u00dcber uns"},"content":{"rendered":"<p>[vc_row][vc_column][vc_custom_heading text=&#8221;Euroconstruct Trading `98 \u2013 Wir bauen die Zukunft&#8221; use_theme_fonts=&#8221;yes&#8221; el_class=&#8221;title&#8221;][vc_column_text]Die Gesellschaft \u201eEURO CONSTRUCT TRADING \u201998 SRL\u201c wurde 1998 gegr\u00fcndet, wobei sich das Unternehmen seit der Gr\u00fcndung bis heute deren Tradition und den Ruf im Bereich der Errichtung von Autobahnen, Stra\u00dfen, Br\u00fccken, Zivilbauten, Elektro-, Sanit\u00e4r-, Wasserversorgungs-, Kanalisationsanlagen, der Ausf\u00fchrung von Stra\u00dfenbahnlinien, des Baus \/ der Konsolidierung von U-Bahn-Tunneln, -stollen, -stationen in mechanischer Ausf\u00fchrung, Ausf\u00fchrung ober- und unterirdischer Bahnlinien, Bau von Eisenbahnbr\u00fccken und -tunneln, Rangier- und\/oder Transportleistungen im Schienenverkehr auf Industriebahnlinien und dar\u00fcber hinaus, entwickelt hat. In der letzten Zeit ist das Unternehmen auch im Bereich der Sammlung und Lagerung der ungef\u00e4hrlichen und gef\u00e4hrlichen Abf\u00e4lle, der Behandlung, Entsorgung und der Bef\u00f6rderung von gef\u00e4hrlichen, ungef\u00e4hrlichen Abf\u00e4llen, der Sanierungsma\u00dfnahmen, Labort\u00e4tigkeiten in Verbindung mit dem Bauarbeiten und dem Umweltschutz t\u00e4tig. Gewinnung von Zier- und Bausteinen, Gewinnung von Kalkstein, Gips, Kreide und Schiefer. Gewinnung von Kies und Sand, Gewinnung von Ton und Kaolin. Herstellung und Vermarktung von nat\u00fcrlichen, mit hydraulischen Bindemitteln stabilisierten Gesteinsk\u00f6rnungen. Herstellung und Handel mit Stra\u00dfenbaumaterialien: Asphaltmischgut, Beton, Bitumenemulsionen, Bitumenmastix. Errichtung hydrotechnischer Bauten zur Bodenverbesserung. G\u00fcterkraftverkehr, G\u00fcterverkehr auf der Schiene. Vermietung von Kraftfahrzeugen mit Bediener und Vermietung von Ger\u00e4ten mit Bediener. \u00d6ffentliche Dienste zur Abfallentsorgung in Ortschaften, Plege der Gr\u00fcnanlagen.[\/vc_column_text][\/vc_column][\/vc_row][vc_row][vc_column width=&#8221;1\/3&#8243;][vc_single_image image=&#8221;1958&#8243; img_size=&#8221;full&#8221; alignment=&#8221;center&#8221;][\/vc_column][vc_column width=&#8221;1\/3&#8243;][vc_single_image image=&#8221;1959&#8243; img_size=&#8221;full&#8221; alignment=&#8221;center&#8221;][\/vc_column][vc_column width=&#8221;1\/3&#8243;][vc_single_image image=&#8221;1960&#8243; img_size=&#8221;full&#8221; alignment=&#8221;center&#8221;][\/vc_column][\/vc_row][vc_row][vc_column][vc_column_text]Ab der Gr\u00fcndung bis heute hat sich der Bestand von immateriellen Verm\u00f6gensgegenst\u00e4nder der Firma S.C. EURO CONSTRUCT TRADING&#8217;98 S.R.L. erheblich entwickelt: ein Portfolio mit regelm\u00e4\u00dfigen Kunden und Lieferanten, Vertr\u00e4ge \u00fcber die Zusammenarbeit mit starken Unternehmen, Partnerschaften mit den Beh\u00f6rden, einen soliden Ruf, best\u00e4tigt durch Kreditw\u00fcrdigkeit und Zahlungsf\u00e4higkeit im Verh\u00e4ltnis zu den Banken und zu den Mitarbeitern, besonders sehr erfahrene Exekutiv- und F\u00fchrungskr\u00e4fte.<\/p>\n<p>Obwohl der Profilmarkt durch einen besonders starken Wettbwerb gekennzeichnet ist und eine spezifische Dynamik aufweist, bietet, durch die proaktive Politik, die von der Gesch\u00e4ftsleitung des Unternehmens seit seiner Gr\u00fcndung umgesetzt wurde, S.C. EURO CONSTRUCT TRADING&#8217;98 S.R.L. ein breites und vollst\u00e4ndiges Dienstleistungsangebot, die es an die Spitze der rum\u00e4nischen Unternehmen gebracht hat<\/p>\n<p>Die Organisationsstruktur ist so gedacht und angepasst, um alle wirtschaftlichen Umst\u00e4nde reagieren zu k\u00f6nnen, ohne das eine der Funktionen oder Aufgaben des Unternehmens weglassen oder entfernt wird, einschlie\u00dflich der Bausteine des Standards SR EN ISO 9001. In s\u00e4mtlichen F\u00e4llen wird die Errichtung des besten organisatorischen und funktionalen Rahmens f\u00fcr die Erf\u00fcllung der vertraglichen Verpflichtungen des Unternehmens, sowie f\u00fcr die Umsetzung der Managementstrategie und -politik in der Qualit\u00e4tsbranche sichergestellt. F\u00fcr die volle Zufriedenheit der Auftraggeber, um das Vertrauen in die Qualit\u00e4t der Arbeiten, Produkte \/ Dienstleistungen nachzuweisen und um die Leistungsf\u00e4higkeit und die Wettbewerbsf\u00e4higkeit unter wirtschaftlich rentablen Bedingungen sicherzustellen wurde die Umsetzung, Aufrechterhaltung, Zertifizierung und st\u00e4ndige Verbesserung eines Qualit\u00e4tsmanagementsystems beschlossen.<\/p>\n<p>In Bezug auf die Leistungsmenge, die den Auftraggebern angeboten wird, kann das Unternehmen als wettbewerbsf\u00e4higer Anbieter betrachtet werden, der ein hohes Leistungsvolumen mit geringem Verbrauch (aufgrund sehr geringer Verluste), unter Einhaltung der Qualit\u00e4tsvorschriften und -standards und der vertraglich festgelegten \u00dcbergabefristen, sicherstellt. Innerhalb des Unternehmens werden kontinuierliche Produktionst\u00e4tigkeiten, durch Lieferung s\u00e4mtlicher notwendigen Materialien und Rohstoffe f\u00fcr die Produktion, in eigener Regie, im Rahmen der vorhandenen M\u00f6glichkeiten, sichergestellt.<\/p>\n<p>Die gesamte Aktivit\u00e4t wird durch ein EDV-System unterst\u00fctzt, das aufgrund des aktuellen Stands der Technik ausgestattet ist und eine hohe Speicherung-, Verarbeitungs- und Bereitstellungskapazit\u00e4t von Informationen anbietet, zum Beispiel: Finanzbuchhaltung, Managementaufzeichnungen, Beschaffung, Einleitung und Verfolgung der Leistungen, Evidenz der Ger\u00e4te und Transportmittel, Personalwesen usw.<\/p>\n<p><img loading=\"lazy\" class=\"aligncenter size-full wp-image-1961\" src=\"http:\/\/euro.digiteria.ro\/wp-content\/uploads\/2016\/01\/layer-roads2-1024x261.jpg\" alt=\"layer-roads\" width=\"1024\" height=\"261\" srcset=\"https:\/\/euroconstruct98.ro\/wp-content\/uploads\/2016\/01\/layer-roads2-1024x261.jpg 1024w, https:\/\/euroconstruct98.ro\/wp-content\/uploads\/2016\/01\/layer-roads2-1024x261-300x76.jpg 300w, https:\/\/euroconstruct98.ro\/wp-content\/uploads\/2016\/01\/layer-roads2-1024x261-768x196.jpg 768w\" sizes=\"(max-width: 1024px) 100vw, 1024px\" \/>[\/vc_column_text][\/vc_column][\/vc_row]<\/p>\n","protected":false},"excerpt":{"rendered":"<p>[vc_row][vc_column][vc_custom_heading text=&#8221;Euroconstruct Trading `98 \u2013 Wir bauen die Zukunft&#8221; use_theme_fonts=&#8221;yes&#8221; el_class=&#8221;title&#8221;][vc_column_text]Die Gesellschaft \u201eEURO CONSTRUCT TRADING \u201998 SRL\u201c wurde 1998 gegr\u00fcndet, wobei sich das Unternehmen seit der Gr\u00fcndung bis heute deren Tradition und den Ruf im Bereich der Errichtung von Autobahnen, &hellip;<\/p>\n","protected":false},"author":1,"featured_media":0,"parent":0,"menu_order":0,"comment_status":"closed","ping_status":"closed","template":"","meta":[],"yoast_head":"<!-- This site is optimized with the Yoast SEO plugin v16.1.1 - https:\/\/yoast.com\/wordpress\/plugins\/seo\/ -->\n<title>\u00dcber uns - Euroconstruct98<\/title>\n<link rel=\"canonical\" href=\"https:\/\/euroconstruct98.ro\/de\/ueber-uns\/\" \/>\n<meta property=\"og:locale\" content=\"de_DE\" \/>\n<meta property=\"og:type\" content=\"article\" \/>\n<meta property=\"og:title\" content=\"\u00dcber uns - Euroconstruct98\" \/>\n<meta property=\"og:description\" content=\"[vc_row][vc_column][vc_custom_heading text=&#8221;Euroconstruct Trading `98 \u2013 Wir bauen die Zukunft&#8221; use_theme_fonts=&#8221;yes&#8221; el_class=&#8221;title&#8221;][vc_column_text]Die Gesellschaft \u201eEURO CONSTRUCT TRADING \u201998 SRL\u201c wurde 1998 gegr\u00fcndet, wobei sich das Unternehmen seit der Gr\u00fcndung bis heute deren Tradition und den Ruf im Bereich der Errichtung von Autobahnen, &hellip;\" \/>\n<meta property=\"og:url\" content=\"https:\/\/euroconstruct98.ro\/de\/ueber-uns\/\" \/>\n<meta property=\"og:site_name\" content=\"Euroconstruct98\" \/>\n<meta property=\"article:modified_time\" content=\"2017-12-12T10:49:21+00:00\" \/>\n<meta property=\"og:image\" content=\"http:\/\/euro.digiteria.ro\/wp-content\/uploads\/2016\/01\/layer-roads2-1024x261.jpg\" \/>\n<meta name=\"twitter:card\" content=\"summary_large_image\" \/>\n<meta name=\"twitter:label1\" content=\"Gesch\u00e4tzte Lesezeit\">\n\t<meta name=\"twitter:data1\" content=\"3\u00a0Minuten\">\n<script type=\"application\/ld+json\" class=\"yoast-schema-graph\">{\"@context\":\"https:\/\/schema.org\",\"@graph\":[{\"@type\":\"WebSite\",\"@id\":\"http:\/\/euroconstruct98.ro\/#website\",\"url\":\"http:\/\/euroconstruct98.ro\/\",\"name\":\"Euroconstruct98\",\"description\":\"Just another WordPress site\",\"potentialAction\":[{\"@type\":\"SearchAction\",\"target\":\"http:\/\/euroconstruct98.ro\/?s={search_term_string}\",\"query-input\":\"required name=search_term_string\"}],\"inLanguage\":\"de-DE\"},{\"@type\":\"ImageObject\",\"@id\":\"https:\/\/euroconstruct98.ro\/de\/ueber-uns\/#primaryimage\",\"inLanguage\":\"de-DE\",\"url\":\"http:\/\/euro.digiteria.ro\/wp-content\/uploads\/2016\/01\/layer-roads2-1024x261.jpg\",\"contentUrl\":\"http:\/\/euro.digiteria.ro\/wp-content\/uploads\/2016\/01\/layer-roads2-1024x261.jpg\"},{\"@type\":\"WebPage\",\"@id\":\"https:\/\/euroconstruct98.ro\/de\/ueber-uns\/#webpage\",\"url\":\"https:\/\/euroconstruct98.ro\/de\/ueber-uns\/\",\"name\":\"\\u00dcber uns - Euroconstruct98\",\"isPartOf\":{\"@id\":\"http:\/\/euroconstruct98.ro\/#website\"},\"primaryImageOfPage\":{\"@id\":\"https:\/\/euroconstruct98.ro\/de\/ueber-uns\/#primaryimage\"},\"datePublished\":\"2017-12-12T10:35:57+00:00\",\"dateModified\":\"2017-12-12T10:49:21+00:00\",\"breadcrumb\":{\"@id\":\"https:\/\/euroconstruct98.ro\/de\/ueber-uns\/#breadcrumb\"},\"inLanguage\":\"de-DE\",\"potentialAction\":[{\"@type\":\"ReadAction\",\"target\":[\"https:\/\/euroconstruct98.ro\/de\/ueber-uns\/\"]}]},{\"@type\":\"BreadcrumbList\",\"@id\":\"https:\/\/euroconstruct98.ro\/de\/ueber-uns\/#breadcrumb\",\"itemListElement\":[{\"@type\":\"ListItem\",\"position\":1,\"item\":{\"@type\":\"WebPage\",\"@id\":\"https:\/\/euroconstruct98.ro\/de\/\",\"url\":\"https:\/\/euroconstruct98.ro\/de\/\",\"name\":\"Home\"}},{\"@type\":\"ListItem\",\"position\":2,\"item\":{\"@type\":\"WebPage\",\"@id\":\"https:\/\/euroconstruct98.ro\/de\/ueber-uns\/\",\"url\":\"https:\/\/euroconstruct98.ro\/de\/ueber-uns\/\",\"name\":\"\\u00dcber uns\"}}]}]}<\/script>\n<!-- \/ Yoast SEO plugin. -->","_links":{"self":[{"href":"https:\/\/euroconstruct98.ro\/de\/wp-json\/wp\/v2\/pages\/2374"}],"collection":[{"href":"https:\/\/euroconstruct98.ro\/de\/wp-json\/wp\/v2\/pages"}],"about":[{"href":"https:\/\/euroconstruct98.ro\/de\/wp-json\/wp\/v2\/types\/page"}],"author":[{"embeddable":true,"href":"https:\/\/euroconstruct98.ro\/de\/wp-json\/wp\/v2\/users\/1"}],"replies":[{"embeddable":true,"href":"https:\/\/euroconstruct98.ro\/de\/wp-json\/wp\/v2\/comments?post=2374"}],"version-history":[{"count":2,"href":"https:\/\/euroconstruct98.ro\/de\/wp-json\/wp\/v2\/pages\/2374\/revisions"}],"predecessor-version":[{"id":2389,"href":"https:\/\/euroconstruct98.ro\/de\/wp-json\/wp\/v2\/pages\/2374\/revisions\/2389"}],"wp:attachment":[{"href":"https:\/\/euroconstruct98.ro\/de\/wp-json\/wp\/v2\/media?parent=2374"}],"curies":[{"name":"wp","href":"https:\/\/api.w.org\/{rel}","templated":true}]}}