{"id":2371,"date":"2017-12-12T10:31:28","date_gmt":"2017-12-12T10:31:28","guid":{"rendered":"http:\/\/euro.digiteria.ro\/?page_id=2371"},"modified":"2017-12-21T10:42:22","modified_gmt":"2017-12-21T10:42:22","slug":"home","status":"publish","type":"page","link":"http:\/\/euroconstruct98.ro\/de\/","title":{"rendered":"Home"},"content":{"rendered":"<p>[vc_row full_width=&#8221;stretch_row_content_no_spaces&#8221; css=&#8221;.vc_custom_1453200552863{margin-top: -60px !important;margin-bottom: 0px !important;padding-bottom: 0px !important;}&#8221;][vc_column]<link href=\"http:\/\/fonts.googleapis.com\/css?family=PT+Sans:400%7CMontserrat:700%2C400\" rel=\"stylesheet\" property=\"stylesheet\" type=\"text\/css\" media=\"all\">\n<div id=\"rev_slider_1_1_wrapper\" class=\"rev_slider_wrapper fullwidthbanner-container\" data-source=\"gallery\" style=\"margin:0px auto;background:transparent;padding:0px;margin-top:0px;margin-bottom:0px;\">\n<!-- START REVOLUTION SLIDER 5.4.5.2 auto mode -->\n\t<div id=\"rev_slider_1_1\" class=\"rev_slider fullwidthabanner\" style=\"display:none;\" data-version=\"5.4.5.2\">\n<ul>\t<!-- SLIDE  -->\n\t<li data-index=\"rs-10\" data-transition=\"fade\" data-slotamount=\"default\" data-hideafterloop=\"0\" data-hideslideonmobile=\"off\"  data-easein=\"default\" data-easeout=\"default\" data-masterspeed=\"300\"  data-thumb=\"http:\/\/euroconstruct98.ro\/wp-content\/uploads\/2017\/09\/slide2-100x50.jpg\"  data-rotate=\"0\"  data-saveperformance=\"off\"  data-title=\"Slide\" data-param1=\"\" data-param2=\"\" data-param3=\"\" data-param4=\"\" data-param5=\"\" data-param6=\"\" data-param7=\"\" data-param8=\"\" data-param9=\"\" data-param10=\"\" data-description=\"\">\n\t\t<!-- MAIN IMAGE -->\n\t\t<img src=\"http:\/\/euroconstruct98.ro\/wp-content\/uploads\/2017\/09\/slide2.jpg\"  alt=\"euroconstruct98\" title=\"euroconstruct98\"  width=\"1804\" height=\"460\" data-bgposition=\"center center\" data-bgfit=\"cover\" data-bgrepeat=\"no-repeat\" data-bgparallax=\"off\" class=\"rev-slidebg\" data-no-retina>\n\t\t<!-- LAYERS -->\n\n\t\t<!-- LAYER NR. 1 -->\n\t\t<div class=\"tp-caption   tp-resizeme\" \n\t\t\t id=\"slide-10-layer-2\" \n\t\t\t data-x=\"25\" \n\t\t\t data-y=\"164\" \n\t\t\t\t\t\tdata-width=\"['685','466','429']\"\n\t\t\tdata-height=\"['auto','38','auto']\"\n \n\t\t\tdata-type=\"text\" \n\t\t\tdata-responsive_offset=\"on\" \n\n\t\t\tdata-frames='[{\"delay\":500,\"speed\":300,\"frame\":\"0\",\"from\":\"opacity:0;\",\"to\":\"o:1;\",\"ease\":\"Power2.easeInOut\"},{\"delay\":\"wait\",\"speed\":300,\"frame\":\"999\",\"to\":\"opacity:0;\",\"ease\":\"nothing\"}]'\n\t\t\tdata-textAlign=\"['left','left','left','left']\"\n\t\t\tdata-paddingtop=\"[0,0,0,0]\"\n\t\t\tdata-paddingright=\"[0,0,0,0]\"\n\t\t\tdata-paddingbottom=\"[0,0,0,0]\"\n\t\t\tdata-paddingleft=\"[0,0,0,0]\"\n\n\t\t\tstyle=\"z-index: 5; min-width: 685px; max-width: 685px; white-space: normal; font-size: 18px; line-height: 22px; font-weight: 400; color: rgba(255,255,255,1); letter-spacing: px;font-family:PT Sans;background-color:rgb(10,10,10);\">20 Jahre Erfahrung in Stra\u00dfeninfrastrukturarbeiten und Gro\u00dfbahnen <\/div>\n\n\t\t<!-- LAYER NR. 2 -->\n\t\t<div class=\"tp-caption   tp-resizeme\" \n\t\t\t id=\"slide-10-layer-9\" \n\t\t\t data-x=\"22\" \n\t\t\t data-y=\"123\" \n\t\t\t\t\t\tdata-width=\"['624','466','429']\"\n\t\t\tdata-height=\"['auto','38','auto']\"\n \n\t\t\tdata-type=\"text\" \n\t\t\tdata-responsive_offset=\"on\" \n\n\t\t\tdata-frames='[{\"delay\":500,\"speed\":300,\"frame\":\"0\",\"from\":\"opacity:0;\",\"to\":\"o:1;\",\"ease\":\"Power2.easeInOut\"},{\"delay\":\"wait\",\"speed\":300,\"frame\":\"999\",\"to\":\"opacity:0;\",\"ease\":\"nothing\"}]'\n\t\t\tdata-textAlign=\"['left','left','left','left']\"\n\t\t\tdata-paddingtop=\"[0,0,0,0]\"\n\t\t\tdata-paddingright=\"[0,0,0,0]\"\n\t\t\tdata-paddingbottom=\"[0,0,0,0]\"\n\t\t\tdata-paddingleft=\"[0,0,0,0]\"\n\n\t\t\tstyle=\"z-index: 6; min-width: 624px; max-width: 624px; white-space: normal; font-size: 45px; line-height: 22px; font-weight: 400; color: rgba(255,255,255,1); letter-spacing: px;font-family:PT Sans;background-color:rgba(10,10,10,0);\">Wir bauen die Zukunft <\/div>\n\t<\/li>\n\t<!-- SLIDE  -->\n\t<li data-index=\"rs-8\" data-transition=\"fade\" data-slotamount=\"default\" data-hideafterloop=\"0\" data-hideslideonmobile=\"off\"  data-easein=\"default\" data-easeout=\"default\" data-masterspeed=\"300\"  data-thumb=\"http:\/\/euroconstruct98.ro\/wp-content\/uploads\/2017\/09\/euro-construct-autostrada-100x50.jpg\"  data-rotate=\"0\"  data-saveperformance=\"off\"  data-title=\"Slide\" data-param1=\"\" data-param2=\"\" data-param3=\"\" data-param4=\"\" data-param5=\"\" data-param6=\"\" data-param7=\"\" data-param8=\"\" data-param9=\"\" data-param10=\"\" data-description=\"\">\n\t\t<!-- MAIN IMAGE -->\n\t\t<img src=\"http:\/\/euroconstruct98.ro\/wp-content\/uploads\/2017\/09\/euro-construct-autostrada.jpg\"  alt=\"euro construct autostrada\" title=\"euro construct autostrada\"  width=\"1804\" height=\"460\" data-bgposition=\"center center\" data-bgfit=\"cover\" data-bgrepeat=\"no-repeat\" data-bgparallax=\"off\" class=\"rev-slidebg\" data-no-retina>\n\t\t<!-- LAYERS -->\n\n\t\t<!-- LAYER NR. 3 -->\n\t\t<div class=\"tp-caption   tp-resizeme\" \n\t\t\t id=\"slide-8-layer-1\" \n\t\t\t data-x=\"center\" data-hoffset=\"-429\" \n\t\t\t data-y=\"287\" \n\t\t\t\t\t\tdata-width=\"['281','390','390','390']\"\n\t\t\tdata-height=\"['24','55','55','55']\"\n \n\t\t\tdata-type=\"text\" \n\t\t\tdata-responsive_offset=\"on\" \n\n\t\t\tdata-frames='[{\"delay\":500,\"speed\":300,\"frame\":\"0\",\"from\":\"opacity:0;\",\"to\":\"o:1;\",\"ease\":\"Power2.easeInOut\"},{\"delay\":\"wait\",\"speed\":300,\"frame\":\"999\",\"to\":\"opacity:0;\",\"ease\":\"nothing\"}]'\n\t\t\tdata-textAlign=\"['center','center','center','center']\"\n\t\t\tdata-paddingtop=\"[0,0,0,0]\"\n\t\t\tdata-paddingright=\"[0,0,0,0]\"\n\t\t\tdata-paddingbottom=\"[0,0,0,0]\"\n\t\t\tdata-paddingleft=\"[0,0,0,0]\"\n\n\t\t\tstyle=\"z-index: 5; min-width: 281px; max-width: 281px; max-width: 24px; max-width: 24px; white-space: normal; font-size: 20px; line-height: 22px; font-weight: 700; color: rgba(255,255,255,1); letter-spacing: px;font-family:Montserrat;\">Sibiu-Orastie Autobahn <\/div>\n\n\t\t<!-- LAYER NR. 4 -->\n\t\t<div class=\"tp-caption   tp-resizeme\" \n\t\t\t id=\"slide-8-layer-2\" \n\t\t\t data-x=\"center\" data-hoffset=\"-280\" \n\t\t\t data-y=\"250\" \n\t\t\t\t\t\tdata-width=\"['593','466','466','466']\"\n\t\t\tdata-height=\"['39','38','38','38']\"\n \n\t\t\tdata-type=\"text\" \n\t\t\tdata-responsive_offset=\"on\" \n\n\t\t\tdata-frames='[{\"delay\":500,\"speed\":300,\"frame\":\"0\",\"from\":\"opacity:0;\",\"to\":\"o:1;\",\"ease\":\"Power2.easeInOut\"},{\"delay\":\"wait\",\"speed\":300,\"frame\":\"999\",\"to\":\"opacity:0;\",\"ease\":\"nothing\"}]'\n\t\t\tdata-textAlign=\"['center','center','center','center']\"\n\t\t\tdata-paddingtop=\"[0,0,0,0]\"\n\t\t\tdata-paddingright=\"[0,0,0,0]\"\n\t\t\tdata-paddingbottom=\"[0,0,0,0]\"\n\t\t\tdata-paddingleft=\"[0,0,0,0]\"\n\n\t\t\tstyle=\"z-index: 6; min-width: 593px; max-width: 593px; max-width: 39px; max-width: 39px; white-space: normal; font-size: 25px; line-height: 22px; font-weight: 700; color: rgba(255,255,255,1); letter-spacing: px;\">INFRASTRUKTUR ENTWICKELT SICH <\/div>\n\t<\/li>\n\t<!-- SLIDE  -->\n\t<li data-index=\"rs-13\" data-transition=\"fade\" data-slotamount=\"default\" data-hideafterloop=\"0\" data-hideslideonmobile=\"off\"  data-easein=\"default\" data-easeout=\"default\" data-masterspeed=\"300\"  data-thumb=\"http:\/\/euroconstruct98.ro\/wp-content\/uploads\/2017\/09\/layer-roads2-100x50.jpg\"  data-rotate=\"0\"  data-saveperformance=\"off\"  data-title=\"Slide\" data-param1=\"\" data-param2=\"\" data-param3=\"\" data-param4=\"\" data-param5=\"\" data-param6=\"\" data-param7=\"\" data-param8=\"\" data-param9=\"\" data-param10=\"\" data-description=\"\">\n\t\t<!-- MAIN IMAGE -->\n\t\t<img src=\"http:\/\/euroconstruct98.ro\/wp-content\/uploads\/2017\/09\/layer-roads2.jpg\"  alt=\"euroconstruct98\" title=\"euroconstruct98\"  width=\"1804\" height=\"460\" data-bgposition=\"center center\" data-bgfit=\"cover\" data-bgrepeat=\"no-repeat\" data-bgparallax=\"off\" class=\"rev-slidebg\" data-no-retina>\n\t\t<!-- LAYERS -->\n\n\t\t<!-- LAYER NR. 5 -->\n\t\t<div class=\"tp-caption   tp-resizeme\" \n\t\t\t id=\"slide-13-layer-1\" \n\t\t\t data-x=\"13\" \n\t\t\t data-y=\"386\" \n\t\t\t\t\t\tdata-width=\"['581','632','596','596']\"\n\t\t\tdata-height=\"['auto','56','56','56']\"\n \n\t\t\tdata-type=\"text\" \n\t\t\tdata-responsive_offset=\"on\" \n\n\t\t\tdata-frames='[{\"delay\":500,\"speed\":300,\"frame\":\"0\",\"from\":\"opacity:0;\",\"to\":\"o:1;\",\"ease\":\"Power2.easeInOut\"},{\"delay\":\"wait\",\"speed\":300,\"frame\":\"999\",\"to\":\"opacity:0;\",\"ease\":\"nothing\"}]'\n\t\t\tdata-textAlign=\"['left','left','left','left']\"\n\t\t\tdata-paddingtop=\"[0,0,0,0]\"\n\t\t\tdata-paddingright=\"[0,0,0,0]\"\n\t\t\tdata-paddingbottom=\"[0,0,0,0]\"\n\t\t\tdata-paddingleft=\"[0,0,0,0]\"\n\n\t\t\tstyle=\"z-index: 5; min-width: 581px; max-width: 581px; white-space: normal; font-size: 25px; line-height: 22px; font-weight: 400; color: rgba(255,255,255,1); letter-spacing: px;font-family:Montserrat;\">INFRASTRUKTUR ENTWICKELT SICH <\/div>\n\n\t\t<!-- LAYER NR. 6 -->\n\t\t<div class=\"tp-caption   tp-resizeme\" \n\t\t\t id=\"slide-13-layer-2\" \n\t\t\t data-x=\"12\" \n\t\t\t data-y=\"421\" \n\t\t\t\t\t\tdata-width=\"['273','401','429']\"\n\t\t\tdata-height=\"['22','auto','auto']\"\n \n\t\t\tdata-type=\"text\" \n\t\t\tdata-responsive_offset=\"on\" \n\n\t\t\tdata-frames='[{\"delay\":500,\"speed\":300,\"frame\":\"0\",\"from\":\"opacity:0;\",\"to\":\"o:1;\",\"ease\":\"Power2.easeInOut\"},{\"delay\":\"wait\",\"speed\":300,\"frame\":\"999\",\"to\":\"opacity:0;\",\"ease\":\"nothing\"}]'\n\t\t\tdata-textAlign=\"['left','left','left','left']\"\n\t\t\tdata-paddingtop=\"[0,0,0,0]\"\n\t\t\tdata-paddingright=\"[0,0,0,0]\"\n\t\t\tdata-paddingbottom=\"[0,0,0,0]\"\n\t\t\tdata-paddingleft=\"[0,0,0,0]\"\n\n\t\t\tstyle=\"z-index: 6; min-width: 273px; max-width: 273px; max-width: 22px; max-width: 22px; white-space: normal; font-size: 18px; line-height: 22px; font-weight: 400; color: rgba(255,255,255,1); letter-spacing: px;font-family:PT Sans;background-color:rgb(12,12,12);\">Los 4 - Sibiu-Orastie-Autobahn <\/div>\n\t<\/li>\n\t<!-- SLIDE  -->\n\t<li data-index=\"rs-4\" data-transition=\"fade\" data-slotamount=\"default\" data-hideafterloop=\"0\" data-hideslideonmobile=\"off\"  data-easein=\"default\" data-easeout=\"default\" data-masterspeed=\"300\"  data-thumb=\"http:\/\/euroconstruct98.ro\/wp-content\/uploads\/2017\/10\/slide-caroiaj11-100x50.jpg\"  data-rotate=\"0\"  data-saveperformance=\"off\"  data-title=\"Slide\" data-param1=\"\" data-param2=\"\" data-param3=\"\" data-param4=\"\" data-param5=\"\" data-param6=\"\" data-param7=\"\" data-param8=\"\" data-param9=\"\" data-param10=\"\" data-description=\"\">\n\t\t<!-- MAIN IMAGE -->\n\t\t<img src=\"http:\/\/euroconstruct98.ro\/wp-content\/uploads\/2017\/10\/slide-caroiaj11.jpg\"  alt=\"euroconstruct colaj\" title=\"euroconstruct colaj\"  width=\"1804\" height=\"460\" data-bgposition=\"center center\" data-bgfit=\"cover\" data-bgrepeat=\"no-repeat\" data-bgparallax=\"off\" class=\"rev-slidebg\" data-no-retina>\n\t\t<!-- LAYERS -->\n\t<\/li>\n<\/ul>\n<script>var htmlDiv = document.getElementById(\"rs-plugin-settings-inline-css\"); var htmlDivCss=\"\";\r\n\t\t\t\t\t\tif(htmlDiv) {\r\n\t\t\t\t\t\t\thtmlDiv.innerHTML = htmlDiv.innerHTML + htmlDivCss;\r\n\t\t\t\t\t\t}else{\r\n\t\t\t\t\t\t\tvar htmlDiv = document.createElement(\"div\");\r\n\t\t\t\t\t\t\thtmlDiv.innerHTML = \"<style>\" + htmlDivCss + \"<\/style>\";\r\n\t\t\t\t\t\t\tdocument.getElementsByTagName(\"head\")[0].appendChild(htmlDiv.childNodes[0]);\r\n\t\t\t\t\t\t}\r\n\t\t\t\t\t<\/script>\n<div class=\"tp-bannertimer tp-bottom\" style=\"visibility: hidden !important;\"><\/div>\t<\/div>\n<script>var htmlDiv = document.getElementById(\"rs-plugin-settings-inline-css\"); var htmlDivCss=\"\";\r\n\t\t\t\tif(htmlDiv) {\r\n\t\t\t\t\thtmlDiv.innerHTML = htmlDiv.innerHTML + htmlDivCss;\r\n\t\t\t\t}else{\r\n\t\t\t\t\tvar htmlDiv = document.createElement(\"div\");\r\n\t\t\t\t\thtmlDiv.innerHTML = \"<style>\" + htmlDivCss + \"<\/style>\";\r\n\t\t\t\t\tdocument.getElementsByTagName(\"head\")[0].appendChild(htmlDiv.childNodes[0]);\r\n\t\t\t\t}\r\n\t\t\t<\/script>\n\t\t<script type=\"text\/javascript\">\r\nsetREVStartSize({c: jQuery('#rev_slider_1_1'), gridwidth: [1140], gridheight: [550], sliderLayout: 'auto'});\r\n\t\t\t\r\nvar revapi1,\r\n\ttpj=jQuery;\r\n\t\t\t\r\ntpj(document).ready(function() {\n\tif(tpj(\"#rev_slider_1_1\").revolution == undefined){\n\t\trevslider_showDoubleJqueryError(\"#rev_slider_1_1\");\n\t}else{\n\t\trevapi1 = tpj(\"#rev_slider_1_1\").show().revolution({\n\t\t\tsliderType:\"standard\",\n\t\t\tjsFileLocation:\"\/\/euroconstruct98.ro\/wp-content\/plugins\/revslider\/public\/assets\/js\/\",\n\t\t\tsliderLayout:\"auto\",\n\t\t\tdottedOverlay:\"none\",\n\t\t\tdelay:9000,\n\t\t\tnavigation: {\n\t\t\t\tkeyboardNavigation:\"off\",\n\t\t\t\tkeyboard_direction: \"horizontal\",\n\t\t\t\tmouseScrollNavigation:\"off\",\n \t\t\t\t\t\t\tmouseScrollReverse:\"default\",\n\t\t\t\tonHoverStop:\"off\",\n\t\t\t\tarrows: {\n\t\t\t\t\tstyle:\"custom\",\n\t\t\t\t\tenable:true,\n\t\t\t\t\thide_onmobile:false,\n\t\t\t\t\thide_onleave:false,\n\t\t\t\t\ttmp:'',\n\t\t\t\t\tleft: {\n\t\t\t\t\t\th_align:\"left\",\n\t\t\t\t\t\tv_align:\"center\",\n\t\t\t\t\t\th_offset:0,\n\t\t\t\t\t\tv_offset:0\n\t\t\t\t\t},\n\t\t\t\t\tright: {\n\t\t\t\t\t\th_align:\"right\",\n\t\t\t\t\t\tv_align:\"center\",\n\t\t\t\t\t\th_offset:0,\n\t\t\t\t\t\tv_offset:0\n\t\t\t\t\t}\n\t\t\t\t}\n\t\t\t},\n\t\t\tvisibilityLevels:[1240,1024,778,480],\n\t\t\tgridwidth:1140,\n\t\t\tgridheight:550,\n\t\t\tlazyType:\"none\",\n\t\t\tparallax: {\n\t\t\t\ttype:\"scroll\",\n\t\t\t\torigo:\"enterpoint\",\n\t\t\t\tspeed:400,\n\t\t\t\tspeedbg:0,\n\t\t\t\tspeedls:0,\n\t\t\t\tlevels:[5,10,15,20,25,30,35,40,45,46,47,48,49,50,51,55],\n\t\t\t\tdisable_onmobile:\"on\"\n\t\t\t},\n\t\t\tshadow:0,\n\t\t\tspinner:\"spinner0\",\n\t\t\tstopLoop:\"off\",\n\t\t\tstopAfterLoops:-1,\n\t\t\tstopAtSlide:-1,\n\t\t\tshuffle:\"off\",\n\t\t\tautoHeight:\"off\",\n\t\t\tdisableProgressBar:\"on\",\n\t\t\thideThumbsOnMobile:\"off\",\n\t\t\thideSliderAtLimit:0,\n\t\t\thideCaptionAtLimit:0,\n\t\t\thideAllCaptionAtLilmit:0,\n\t\t\tdebugMode:false,\n\t\t\tfallbacks: {\n\t\t\t\tsimplifyAll:\"off\",\n\t\t\t\tnextSlideOnWindowFocus:\"off\",\n\t\t\t\tdisableFocusListener:false,\n\t\t\t}\n\t\t});\n\t}\n\t\n});\t\/*ready*\/\n<\/script>\r\n\t\t<script>\r\n\t\t\t\t\tvar htmlDivCss = unescape(\".custom.tparrows%20%7B%0A%09cursor%3Apointer%3B%0A%09background%3A%23000%3B%0A%09background%3Argba%280%2C0%2C0%2C0.5%29%3B%0A%09width%3A40px%3B%0A%09height%3A40px%3B%0A%09position%3Aabsolute%3B%0A%09display%3Ablock%3B%0A%09z-index%3A100%3B%0A%7D%0A.custom.tparrows%3Ahover%20%7B%0A%09background%3A%23000%3B%0A%7D%0A.custom.tparrows%3Abefore%20%7B%0A%09font-family%3A%20%22revicons%22%3B%0A%09font-size%3A15px%3B%0A%09color%3A%23fff%3B%0A%09display%3Ablock%3B%0A%09line-height%3A%2040px%3B%0A%09text-align%3A%20center%3B%0A%7D%0A.custom.tparrows.tp-leftarrow%3Abefore%20%7B%0A%09content%3A%20%22%5Ce824%22%3B%0A%7D%0A.custom.tparrows.tp-rightarrow%3Abefore%20%7B%0A%09content%3A%20%22%5Ce825%22%3B%0A%7D%0A%0A%0A\");\r\n\t\t\t\t\tvar htmlDiv = document.getElementById('rs-plugin-settings-inline-css');\r\n\t\t\t\t\tif(htmlDiv) {\r\n\t\t\t\t\t\thtmlDiv.innerHTML = htmlDiv.innerHTML + htmlDivCss;\r\n\t\t\t\t\t}\r\n\t\t\t\t\telse{\r\n\t\t\t\t\t\tvar htmlDiv = document.createElement('div');\r\n\t\t\t\t\t\thtmlDiv.innerHTML = '<style>' + htmlDivCss + '<\/style>';\r\n\t\t\t\t\t\tdocument.getElementsByTagName('head')[0].appendChild(htmlDiv.childNodes[0]);\r\n\t\t\t\t\t}\r\n\t\t\t\t  <\/script>\r\n\t\t\t\t<\/div><!-- END REVOLUTION SLIDER -->[\/vc_column][\/vc_row][vc_row][vc_column][vc_empty_space height=&#8221;20px&#8221;][vc_custom_heading text=&#8221;Euro Construct Trading &#8217;98&#8221; font_container=&#8221;tag:h1|text_align:left|color:%23000000&#8243; use_theme_fonts=&#8221;yes&#8221;][vc_column_text css=&#8221;.vc_custom_1513074498085{padding-bottom: -10px !important;}&#8221;]Die Firma &#8220;EURO CONSTRUCT TRADING&#8217;98 SRL&#8221; wurde 1998 gegr\u00fcndet und seit ihrer Gr\u00fcndung bis heute haben wir uns zu einem Unternehmen mit hohem Ansehen im Bereich der Errichtung von Autobahnen, Stra\u00dfen, Br\u00fccken, Zivilbauten, Elektro-, Sanit\u00e4r-, Wasserversorgungs-, Kanalisationsleistungen, Ausf\u00fchrung von Stra\u00dfenbahnlinien, Bauarbeiten f\u00fcr die Ausf\u00fchrung f\u00fcr Oberfl\u00e4chenrangier-und \/ oder Bef\u00f6rderungsgleisen auf Industriebahnen.<\/p>\n<p>Unsere Arbeit auf dem Gebiet der Sammlung und Lagerung von ungef\u00e4hrlichem, gef\u00e4hrlichem Abf\u00e4llen, Behandlung, Entsorgung und Bef\u00f6rderung von gef\u00e4hrlichen, nicht gef\u00e4hrlichen Abf\u00e4llen bietet integrierte L\u00f6sungen f\u00fcr die Abfallwirtschaft, die denjenigen, die im Westeuropa anwendbar sind, \u00e4hnlich sind.[\/vc_column_text]<a id='button-id-' target='_self' href='\/de\/ueber-uns\/' class='btn btn-normal btn-sm' style='background-color: #000000'>Weiterlesen<\/a><style>#button-id-:hover{color: #ffffff !important;background-color: #6e0e0e !important;}<\/style>[vc_empty_space height=&#8221;20px&#8221;][vc_separator border_width=&#8221;2&#8243;][vc_empty_space height=&#8221;20px&#8221;][\/vc_column][\/vc_row][vc_row][vc_column width=&#8221;1\/3&#8243;]<div class='icon icon-left'><div class='icon-header'><div class='icon-media'><i class='fa fa fa-road'><\/i><\/div><h3 class='icon-title text-uppercase'>INFRASTRUKTUR<\/h3><\/div><p>Schl\u00fcsselpartner bei der Entwicklung der Infrastruktur f\u00fcr den Stra\u00dfen- und Eisenbahnverkehr in Rum\u00e4nien.<\/p><a href='\/de\/infrastruktur\/' target='_self' class='btn btn-md btn-minimal'>Weiterlesen<\/a><\/div><div class='icon icon-left'><div class='icon-header'><div class='icon-media'><i class='fa fa fa-sitemap'><\/i><\/div><h3 class='icon-title text-uppercase'>PRODUKTION<\/h3><\/div><p>\u00d6kologische Einheiten f\u00fcr die Herstellung von Asphaltmischungen und Beton.<\/p><a href='\/de\/produktion\/' target='_self' class='btn btn-md btn-minimal'>Weiterlesen<\/a><\/div>[\/vc_column][vc_column width=&#8221;1\/3&#8243;]<div class='icon icon-left'><div class='icon-header'><div class='icon-media'><i class='fa fa fa-home'><\/i><\/div><h3 class='icon-title text-uppercase'>ZIVIL- UND INDUSTRIEBAUTEN<\/h3><\/div><p>Mehr als 10 Jahre Erfahrung in der Entwicklung von Unternehmer- und Subunternehmerleistungen<\/p><a href='\/de\/hoch-und-tiefbauarbeiten\/' target='_self' class='btn btn-md btn-minimal'>Weiterlesen<\/a><\/div><div class='icon icon-left'><div class='icon-header'><div class='icon-media'><i class='fa fa fa-flask'><\/i><\/div><h3 class='icon-title text-uppercase'>LABORE<\/h3><\/div><p>Moderne Labore f\u00fcr Analyse und Pr\u00fcfungen im Baubereich.<\/p><a href='\/de\/labore\/' target='_self' class='btn btn-md btn-minimal'>Weiterlesen<\/a><\/div>[\/vc_column][vc_column width=&#8221;1\/3&#8243;]<div class='icon icon-left'><div class='icon-header'><div class='icon-media'><i class='fa fa fa-recycle'><\/i><\/div><h3 class='icon-title text-uppercase'>UMWELTSCHUTZARBEITEN<\/h3><\/div><p>Komplexe gro\u00df angelegte Umweltschutzma\u00dfnahmen. Abfalldekontamination.<\/p><a href='\/de\/umweltschutzarbeiten\/' target='_self' class='btn btn-md btn-minimal'>Weiterlesen<\/a><\/div><div class='icon icon-left'><div class='icon-header'><div class='icon-media'><i class='fa fa fa-shield'><\/i><\/div><h3 class='icon-title text-uppercase'>KIESWERKE<\/h3><\/div><p>Hochmoderne Stationen zur Sortierung der nat\u00fcrlichen Kieswerkaggregate.<\/p><a href='\/de\/kieswerke\/' target='_self' class='btn btn-md btn-minimal'>Weiterlesen<\/a><\/div>[\/vc_column][\/vc_row][vc_row][vc_column][vc_empty_space height=&#8221;20px&#8221;][vc_separator border_width=&#8221;2&#8243;][vc_empty_space height=&#8221;20px&#8221;][\/vc_column][\/vc_row][vc_row][vc_column width=&#8221;1\/4&#8243;][vc_custom_heading text=&#8221;Repr\u00e4sentative Projekte&#8221; font_container=&#8221;tag:h2|font_size:20px|text_align:left&#8221; use_theme_fonts=&#8221;yes&#8221;][vc_empty_space height=&#8221;12px&#8221;][vc_single_image image=&#8221;1887&#8243; img_size=&#8221;medium&#8221; alignment=&#8221;center&#8221;][\/vc_column][vc_column width=&#8221;1\/2&#8243;][vc_custom_heading text=&#8221;Noutati&#8221; font_container=&#8221;tag:h2|font_size:20px|text_align:left&#8221; use_theme_fonts=&#8221;yes&#8221;][vc_empty_space height=&#8221;12px&#8221;][vc_tta_accordion][vc_tta_section title=&#8221;Modernisierung der Stra\u00dfeninfrastruktur Piata Sudului&#8221; tab_id=&#8221;1506084587104-8cc09c0e-8c9a&#8221;][vc_column_text]Das gr\u00f6\u00dfte unterirdische Stra\u00dfenprojekt im S\u00fcden der Hauptstadt, gebaut in der Richtung Calea Vacaresti \u2013 Nitu Vasile Stra\u00dfe.[\/vc_column_text][\/vc_tta_section][vc_tta_section title=&#8221;Sanierung der Bahnstrecke Brasov-Simeria Sanierung der Bahnstrecke&#8221; tab_id=&#8221;1506084511356-1e7c2743-be53&#8243;][vc_column_text]Brasov-Simeria, Teil des Paneurop\u00e4ischen Korridors IV, f\u00fcr Z\u00fcge mit einer H\u00f6chstgeschwindigkeit von 160 km\/h[\/vc_column_text][\/vc_tta_section][vc_tta_section title=&#8221;Autobahn Orastie-Sibiu er\u00f6ffnet&#8221; tab_id=&#8221;1506084511427-d43753a7-1c18&#8243;][vc_column_text]Am 20. Dezember 2013 wurden die Lose 1,2 und 4 der Sibiu-Orastie-Autobahn in Betrieb genommen. Wir haben an diesem Projekt durch die Planung und durch die Ausf\u00fchrung des Loses 4 teilgenommen[\/vc_column_text][\/vc_tta_section][\/vc_tta_accordion][\/vc_column][vc_column width=&#8221;1\/4&#8243;][vc_custom_heading text=&#8221;Firmensitz&#8221; font_container=&#8221;tag:h2|font_size:20px|text_align:left&#8221; use_theme_fonts=&#8221;yes&#8221;][vc_empty_space height=&#8221;12px&#8221;][vc_single_image image=&#8221;1888&#8243; img_size=&#8221;full&#8221; onclick=&#8221;custom_link&#8221; link=&#8221;\/de\/kontakt\/&#8221;][\/vc_column][\/vc_row]<\/p>\n","protected":false},"excerpt":{"rendered":"<p>[vc_row full_width=&#8221;stretch_row_content_no_spaces&#8221; css=&#8221;.vc_custom_1453200552863{margin-top: -60px !important;margin-bottom: 0px !important;padding-bottom: 0px !important;}&#8221;][vc_column][\/vc_column][\/vc_row][vc_row][vc_column][vc_empty_space height=&#8221;20px&#8221;][vc_custom_heading text=&#8221;Euro Construct Trading &#8217;98&#8221; font_container=&#8221;tag:h1|text_align:left|color:%23000000&#8243; use_theme_fonts=&#8221;yes&#8221;][vc_column_text css=&#8221;.vc_custom_1513074498085{padding-bottom: -10px !important;}&#8221;]Die Firma &#8220;EURO CONSTRUCT TRADING&#8217;98 SRL&#8221; wurde 1998 gegr\u00fcndet und seit ihrer Gr\u00fcndung bis heute haben wir uns zu einem Unternehmen mit &hellip;<\/p>\n","protected":false},"author":1,"featured_media":0,"parent":0,"menu_order":0,"comment_status":"closed","ping_status":"closed","template":"","meta":[],"yoast_head":"<!-- This site is optimized with the Yoast SEO plugin v16.1.1 - https:\/\/yoast.com\/wordpress\/plugins\/seo\/ -->\n<title>Home - Euroconstruct98<\/title>\n<link rel=\"canonical\" href=\"https:\/\/euroconstruct98.ro\/de\/\" \/>\n<meta property=\"og:locale\" content=\"de_DE\" \/>\n<meta property=\"og:type\" content=\"article\" \/>\n<meta property=\"og:title\" content=\"Home - Euroconstruct98\" \/>\n<meta property=\"og:description\" content=\"[vc_row full_width=&#8221;stretch_row_content_no_spaces&#8221; css=&#8221;.vc_custom_1453200552863{margin-top: -60px !important;margin-bottom: 0px !important;padding-bottom: 0px !important;}&#8221;][vc_column][\/vc_column][\/vc_row][vc_row][vc_column][vc_empty_space height=&#8221;20px&#8221;][vc_custom_heading text=&#8221;Euro Construct Trading &#8217;98&#8221; font_container=&#8221;tag:h1|text_align:left|color:%23000000&#8243; use_theme_fonts=&#8221;yes&#8221;][vc_column_text css=&#8221;.vc_custom_1513074498085{padding-bottom: -10px !important;}&#8221;]Die Firma &#8220;EURO CONSTRUCT TRADING&#8217;98 SRL&#8221; wurde 1998 gegr\u00fcndet und seit ihrer Gr\u00fcndung bis heute haben wir uns zu einem Unternehmen mit &hellip;\" \/>\n<meta property=\"og:url\" content=\"https:\/\/euroconstruct98.ro\/de\/\" \/>\n<meta property=\"og:site_name\" content=\"Euroconstruct98\" \/>\n<meta property=\"article:modified_time\" content=\"2017-12-21T10:42:22+00:00\" \/>\n<meta name=\"twitter:card\" content=\"summary_large_image\" \/>\n<meta name=\"twitter:label1\" content=\"Gesch\u00e4tzte Lesezeit\">\n\t<meta name=\"twitter:data1\" content=\"3\u00a0Minuten\">\n<script type=\"application\/ld+json\" class=\"yoast-schema-graph\">{\"@context\":\"https:\/\/schema.org\",\"@graph\":[{\"@type\":\"WebSite\",\"@id\":\"http:\/\/euroconstruct98.ro\/#website\",\"url\":\"http:\/\/euroconstruct98.ro\/\",\"name\":\"Euroconstruct98\",\"description\":\"Just another WordPress site\",\"potentialAction\":[{\"@type\":\"SearchAction\",\"target\":\"http:\/\/euroconstruct98.ro\/?s={search_term_string}\",\"query-input\":\"required name=search_term_string\"}],\"inLanguage\":\"de-DE\"},{\"@type\":\"WebPage\",\"@id\":\"https:\/\/euroconstruct98.ro\/de\/#webpage\",\"url\":\"https:\/\/euroconstruct98.ro\/de\/\",\"name\":\"Home - Euroconstruct98\",\"isPartOf\":{\"@id\":\"http:\/\/euroconstruct98.ro\/#website\"},\"datePublished\":\"2017-12-12T10:31:28+00:00\",\"dateModified\":\"2017-12-21T10:42:22+00:00\",\"breadcrumb\":{\"@id\":\"https:\/\/euroconstruct98.ro\/de\/#breadcrumb\"},\"inLanguage\":\"de-DE\",\"potentialAction\":[{\"@type\":\"ReadAction\",\"target\":[\"https:\/\/euroconstruct98.ro\/de\/\"]}]},{\"@type\":\"BreadcrumbList\",\"@id\":\"https:\/\/euroconstruct98.ro\/de\/#breadcrumb\",\"itemListElement\":[{\"@type\":\"ListItem\",\"position\":1,\"item\":{\"@type\":\"WebPage\",\"@id\":\"https:\/\/euroconstruct98.ro\/de\/\",\"url\":\"https:\/\/euroconstruct98.ro\/de\/\",\"name\":\"Home\"}},{\"@type\":\"ListItem\",\"position\":2,\"item\":{\"@type\":\"WebPage\",\"@id\":\"https:\/\/euroconstruct98.ro\/de\/\",\"url\":\"https:\/\/euroconstruct98.ro\/de\/\",\"name\":\"Home\"}}]}]}<\/script>\n<!-- \/ Yoast SEO plugin. -->","_links":{"self":[{"href":"http:\/\/euroconstruct98.ro\/de\/wp-json\/wp\/v2\/pages\/2371"}],"collection":[{"href":"http:\/\/euroconstruct98.ro\/de\/wp-json\/wp\/v2\/pages"}],"about":[{"href":"http:\/\/euroconstruct98.ro\/de\/wp-json\/wp\/v2\/types\/page"}],"author":[{"embeddable":true,"href":"http:\/\/euroconstruct98.ro\/de\/wp-json\/wp\/v2\/users\/1"}],"replies":[{"embeddable":true,"href":"http:\/\/euroconstruct98.ro\/de\/wp-json\/wp\/v2\/comments?post=2371"}],"version-history":[{"count":5,"href":"http:\/\/euroconstruct98.ro\/de\/wp-json\/wp\/v2\/pages\/2371\/revisions"}],"predecessor-version":[{"id":2512,"href":"http:\/\/euroconstruct98.ro\/de\/wp-json\/wp\/v2\/pages\/2371\/revisions\/2512"}],"wp:attachment":[{"href":"http:\/\/euroconstruct98.ro\/de\/wp-json\/wp\/v2\/media?parent=2371"}],"curies":[{"name":"wp","href":"https:\/\/api.w.org\/{rel}","templated":true}]}}